{"id":98757,"date":"2024-09-26T15:41:11","date_gmt":"2024-09-26T13:41:11","guid":{"rendered":"https:\/\/secureus.se\/microsd-minneskort-64gb-ezviz-smart-card-pro-series\/"},"modified":"2026-04-01T13:40:27","modified_gmt":"2026-04-01T11:40:27","slug":"microsd-minneskort-64gb-ezviz-smart-card-pro-series","status":"publish","type":"product","link":"https:\/\/secureus.se\/dk\/microsd-minneskort-64gb-ezviz-smart-card-pro-series\/","title":{"rendered":"MicroSD-hukommelseskort 64GB \u2013 EZVIZ Smart Card Pro Series"},"content":{"rendered":"<p>EZVIZ Smart Card Pro Series MicroSD-hukommelseskort med 64 GB tilbyder optimal lagerkapacitet og h\u00f8j ydeevne til dine overv\u00e5gningssystemer, smartphones, droner og andre enheder. Med sine hurtige l\u00e6se- og skrivehastigheder er dette kort perfekt til h\u00e5ndtering af store filer s\u00e5som HD-video og fotos.<\/p>\n<ul>\n<li><strong>Kapacitet:<\/strong> 64 GB<\/li>\n<li><strong>Klasse:<\/strong> UHS-I, klasse 10<\/li>\n<li><strong>L\u00e6sehastighed:<\/strong> Op til 100 MB\/s<\/li>\n<li><strong>Skrivehastighed:<\/strong> Op til 90 MB\/s<\/li>\n<li><strong>Kompatibilitet:<\/strong> Fungerer med sikkerhedskameraer, smartphones, tablets og andre enheder, der underst\u00f8tter MicroSD.<\/li>\n<li><strong>B\u00e6redygtighed:<\/strong> Vandafvisende, st\u00f8dsikker og temperaturbestandig.<\/li>\n<li><strong>Funktioner:<\/strong> Underst\u00f8tter HD-videooptagelse og hurtig dataoverf\u00f8rsel.<\/li>\n<\/ul>","protected":false},"excerpt":{"rendered":"<p>EZVIZ Smart Card Pro Series MicroSD-hukommelseskort med 64 GB lagerkapacitet. Perfekt til sikkerhedskameraer, smartphones og andre enheder, der kr\u00e6ver hurtig og p\u00e5lidelig opbevaring.<\/p>","protected":false},"featured_media":136192,"template":"","meta":{"_acf_changed":false},"product_brand":[],"product_cat":[3260],"product_tag":[],"class_list":{"0":"post-98757","1":"product","2":"type-product","3":"status-publish","4":"has-post-thumbnail","6":"product_cat-micro-sd-minneskort","7":"product_shipping_class-postnord-varubrev","8":"pa_brands-ezviz","9":"tm-no-options","11":"first","12":"outofstock","13":"sale","14":"taxable","15":"shipping-taxable","16":"purchasable","17":"product-type-simple"},"acf":[],"_links":{"self":[{"href":"https:\/\/secureus.se\/dk\/wp-json\/wp\/v2\/product\/98757","targetHints":{"allow":["GET"]}}],"collection":[{"href":"https:\/\/secureus.se\/dk\/wp-json\/wp\/v2\/product"}],"about":[{"href":"https:\/\/secureus.se\/dk\/wp-json\/wp\/v2\/types\/product"}],"wp:featuredmedia":[{"embeddable":true,"href":"https:\/\/secureus.se\/dk\/wp-json\/wp\/v2\/media\/136192"}],"wp:attachment":[{"href":"https:\/\/secureus.se\/dk\/wp-json\/wp\/v2\/media?parent=98757"}],"wp:term":[{"taxonomy":"product_brand","embeddable":true,"href":"https:\/\/secureus.se\/dk\/wp-json\/wp\/v2\/product_brand?post=98757"},{"taxonomy":"product_cat","embeddable":true,"href":"https:\/\/secureus.se\/dk\/wp-json\/wp\/v2\/product_cat?post=98757"},{"taxonomy":"product_tag","embeddable":true,"href":"https:\/\/secureus.se\/dk\/wp-json\/wp\/v2\/product_tag?post=98757"}],"curies":[{"name":"wp","href":"https:\/\/api.w.org\/{rel}","templated":true}]}}