{"id":98777,"date":"2024-09-27T15:02:49","date_gmt":"2024-09-27T13:02:49","guid":{"rendered":"https:\/\/secureus.se\/?post_type=product&#038;p=98777"},"modified":"2026-04-09T11:34:21","modified_gmt":"2026-04-09T09:34:21","slug":"switch-5-portars-gigabit-poe-switch-10-gbps","status":"publish","type":"product","link":"https:\/\/secureus.se\/dk\/switch-5-portars-gigabit-poe-switch-10-gbps\/","title":{"rendered":"Switch 5-ports Gigabit PoE switch, 10 Gbps"},"content":{"rendered":"<p>Switch 5-ports Gigabit PoE switch, 10 Gbps<\/p>\n<div class=\"pd-overview-details pd-show-full-overview\">\n<div class=\"headernamehrnone\">TRENDnets 5-ports Gigabit PoE+ Switch, model TPE-TG50g, leverer data og str\u00f8m over eksisterende Ethernet-kabler til PoE-enheder (Power over Ethernet) s\u00e5som adgangspunkter og IP-kameraer. den underst\u00f8tter b\u00e5de PoE- og PoE+-enheder med et 31 W PoE-str\u00f8mbudget. Denne kompakte, robuste metalswitch er nem at installere til p\u00e5lidelige, h\u00f8jhastigheds PoE-netv\u00e6rk.<\/div>\n<div><\/div>\n<div class=\"row headername\">\n<div class=\"item-header rd-hyg-item-header\"><strong>Hovedkarakteristika<\/strong><\/div>\n<div class=\"row\">\n<ul>\n<li>DESKTOPDESIGN: Med et kompakt og let metalhus er denne Ethernet-switch velegnet til station\u00e6re installationer.<\/li>\n<li>DATAOVERF\u00d8RSELSHASTIGHED: Ethernet: 10 Mbps (halv dupleks), 20 Mbps (fuld dupleks) Fast Ethernet: 100 Mbps (halv dupleks), 200 Mbps (fuld dupleks) Gigabit: 2000 Mbps (fuld dupleks)<\/li>\n<li>TRENDnet LIVSTIDSBESKYTTELSE: Livsvarig producentgaranti fra TRENDnet<\/li>\n<li>DESKTOPDESIGN: Med et kompakt og let metalhus er denne Ethernet-switch velegnet til station\u00e6re installationer.<\/li>\n<\/ul>\n<ul class=\"mainfeatureslist\">\n<li>DATAOVERF\u00d8RSELSHASTIGHED: Ethernet: 10 Mbps (halv dupleks), 20 Mbps (fuld dupleks) Fast Ethernet: 100 Mbps (halv dupleks), 200 Mbps (fuld dupleks) Gigabit: 2000 Mbps (fuld dupleks)<\/li>\n<\/ul>\n<\/div>\n<\/div>\n<\/div>","protected":false},"excerpt":{"rendered":"<p>TRENDnet TPE-TG50G 5-ports Gigabit PoE switch, 10 Gbps<\/p>","protected":false},"featured_media":136163,"template":"","meta":{"_acf_changed":false},"product_brand":[],"product_cat":[4148],"product_tag":[],"class_list":{"0":"post-98777","1":"product","2":"type-product","3":"status-publish","4":"has-post-thumbnail","6":"product_cat-poe-switchar","7":"pa_brands-trendnet","8":"tm-no-options","10":"first","11":"onbackorder","12":"sale","13":"taxable","14":"shipping-taxable","15":"purchasable","16":"product-type-simple"},"acf":[],"_links":{"self":[{"href":"https:\/\/secureus.se\/dk\/wp-json\/wp\/v2\/product\/98777","targetHints":{"allow":["GET"]}}],"collection":[{"href":"https:\/\/secureus.se\/dk\/wp-json\/wp\/v2\/product"}],"about":[{"href":"https:\/\/secureus.se\/dk\/wp-json\/wp\/v2\/types\/product"}],"wp:featuredmedia":[{"embeddable":true,"href":"https:\/\/secureus.se\/dk\/wp-json\/wp\/v2\/media\/136163"}],"wp:attachment":[{"href":"https:\/\/secureus.se\/dk\/wp-json\/wp\/v2\/media?parent=98777"}],"wp:term":[{"taxonomy":"product_brand","embeddable":true,"href":"https:\/\/secureus.se\/dk\/wp-json\/wp\/v2\/product_brand?post=98777"},{"taxonomy":"product_cat","embeddable":true,"href":"https:\/\/secureus.se\/dk\/wp-json\/wp\/v2\/product_cat?post=98777"},{"taxonomy":"product_tag","embeddable":true,"href":"https:\/\/secureus.se\/dk\/wp-json\/wp\/v2\/product_tag?post=98777"}],"curies":[{"name":"wp","href":"https:\/\/api.w.org\/{rel}","templated":true}]}}