{"id":98782,"date":"2024-09-27T15:02:51","date_gmt":"2024-09-27T13:02:51","guid":{"rendered":"https:\/\/secureus.se\/?post_type=product&#038;p=98782"},"modified":"2026-04-23T13:32:08","modified_gmt":"2026-04-23T11:32:08","slug":"switch-6-port-gigabit-ethernet-self-managed-switch-30w-poe-strom","status":"publish","type":"product","link":"https:\/\/secureus.se\/dk\/switch-6-port-gigabit-ethernet-self-managed-switch-30w-poe-strom\/","title":{"rendered":"Switch 6-Port Gigabit Ethernet Self-Managed Switch 30W PoE str\u00f8m"},"content":{"rendered":"<h1>Switch 6-Port Gigabit Ethernet Self-Managed Switch 30W PoE str\u00f8m<\/h1>\n<div class=\"headernamehrnone\">Oplev effektiviteten af ComNet CNGE6FX2TX4PoE, en kompakt 6-ports Gigabit Ethernet-switch, der forbedrer dit netv\u00e6rks ydeevne og p\u00e5lidelighed. Denne selvadministrerede switch har 2 SFP FX- og 4 TX-porte med 30W PoE+-effekt, ideel til milj\u00f8er med h\u00f8j eftersp\u00f8rgsel. Den inkluderer et terminalblok-stik til p\u00e5lidelige forbindelser og hurtige ops\u00e6tningsmuligheder til \u00f8jeblikkelig netv\u00e6rksudvidelse. Nyd uafbrudt str\u00f8mforsyning med PoE, avanceret Layer 2-underst\u00f8ttelse for sikker drift og praktisk v\u00e6gmontering for at holde rummene ryddelige. Dens administrationsfunktioner sikrer optimal kontrol og ydeevne med hastigheder op til 10 gange hurtigere end standard Ethernet og fiberoptisk underst\u00f8ttelse for udvidet r\u00e6kkevidde. Opgrader din netv\u00e6rksops\u00e6tning i dag, og oplev problemfri tilslutning!<\/div>\n<div class=\"row headername\">\n<div class=\"item-header rd-hyg-item-header\"><strong>Hovedkarakteristika<\/strong><\/div>\n<div class=\"row\">\n<ul>\n<li>Opret dit eget LAN, og tilslut din pc, b\u00e6rbare computer, printer og andre eksterne enheder ved hj\u00e6lp af 4 porte<\/li>\n<li>Intet behov for str\u00f8mledninger og stikkontakter, switchen kan modtage str\u00f8m fra PoE-kilden<\/li>\n<li>Med f\u00f8rende Layer 2-support f\u00e5r du \u00f8get bekvemmelighed, sikker forretningsdrift og en gr\u00e6nsel\u00f8s netv\u00e6rksoplevelse<\/li>\n<li>Med v\u00e6gmonteringsfunktionen kan du nemt installere afbryderen og samtidig holde ledninger og kabler i orden<\/li>\n<li>Administrationsfunktionen giver kontrol over installation og konfiguration af netv\u00e6rket<\/li>\n<li>Op til 10 gange hurtigere end standard Ethernet-serverforbindelse, samtidig med at den giver h\u00f8jtydende uplinks<\/li>\n<li>Underst\u00f8tter optisk fiberkabel til l\u00e6ngere afstande og h\u00f8je dataoverf\u00f8rselshastigheder mellem servere og netv\u00e6rkskomponenter<\/li>\n<li>Op til 10 gange hurtigere end standard Ethernet-serverforbindelse, samtidig med at den giver h\u00f8jtydende uplinks<\/li>\n<li>Underst\u00f8tter optisk fiberkabel til l\u00e6ngere afstande og h\u00f8je dataoverf\u00f8rselshastigheder mellem servere og netv\u00e6rkskomponenter<\/li>\n<\/ul>\n<\/div>\n<\/div>","protected":false},"excerpt":{"rendered":"<p>ComNet CNGE6FX2TX4PoE Small Surface Mount 6-Port Gigabit Ethernet Self-Managed Switch, 2 SFP FX, 4TX med 30W PoE Power<\/p>","protected":false},"featured_media":136730,"template":"","meta":{"_acf_changed":false},"product_brand":[],"product_cat":[4148],"product_tag":[],"class_list":{"0":"post-98782","1":"product","2":"type-product","3":"status-publish","4":"has-post-thumbnail","6":"product_cat-poe-switchar","7":"pa_brands-ultratech","8":"tm-no-options","10":"first","11":"outofstock","12":"sale","13":"taxable","14":"shipping-taxable","15":"purchasable","16":"product-type-simple"},"acf":[],"_links":{"self":[{"href":"https:\/\/secureus.se\/dk\/wp-json\/wp\/v2\/product\/98782","targetHints":{"allow":["GET"]}}],"collection":[{"href":"https:\/\/secureus.se\/dk\/wp-json\/wp\/v2\/product"}],"about":[{"href":"https:\/\/secureus.se\/dk\/wp-json\/wp\/v2\/types\/product"}],"wp:featuredmedia":[{"embeddable":true,"href":"https:\/\/secureus.se\/dk\/wp-json\/wp\/v2\/media\/136730"}],"wp:attachment":[{"href":"https:\/\/secureus.se\/dk\/wp-json\/wp\/v2\/media?parent=98782"}],"wp:term":[{"taxonomy":"product_brand","embeddable":true,"href":"https:\/\/secureus.se\/dk\/wp-json\/wp\/v2\/product_brand?post=98782"},{"taxonomy":"product_cat","embeddable":true,"href":"https:\/\/secureus.se\/dk\/wp-json\/wp\/v2\/product_cat?post=98782"},{"taxonomy":"product_tag","embeddable":true,"href":"https:\/\/secureus.se\/dk\/wp-json\/wp\/v2\/product_tag?post=98782"}],"curies":[{"name":"wp","href":"https:\/\/api.w.org\/{rel}","templated":true}]}}