{"id":98784,"date":"2024-09-27T15:02:51","date_gmt":"2024-09-27T13:02:51","guid":{"rendered":"https:\/\/secureus.se\/?post_type=product&#038;p=98784"},"modified":"2026-04-23T13:30:46","modified_gmt":"2026-04-23T11:30:46","slug":"switch-axis-8-portars-industriell-poe-gigabitswitch-2-sfp-2-rj45-portar-240-w-rackmontering","status":"publish","type":"product","link":"https:\/\/secureus.se\/dk\/switch-axis-8-portars-industriell-poe-gigabitswitch-2-sfp-2-rj45-portar-240-w-rackmontering\/","title":{"rendered":"Switch Axis 8-ports industriel PoE gigabit switch 2 SFP 2 RJ45 porte 240 W, rackmontering"},"content":{"rendered":"<h1>Switch 8-ports industriel PoE gigabit switch<\/h1>\n<h2>2 SFP 2 RJ45-porte 240 W, rackmontering<\/h2>\n<div class=\"headernamehrnone\">AXIS T8504-R Industrial PoE Switch er en administreret industriel PoE++ Gigabit switch med 4 porte. Derudover er switchen udstyret med to RJ45- og to SFP-dataporte, der g\u00f8r det muligt at tilslutte yderligere enheder.&nbsp;<\/p>\n<p><b>Til kr\u00e6vende installationer<\/b><\/p>\n<p>Den robuste industrikontakt er udviklet til kr\u00e6vende milj\u00f8er, n\u00e5r den er monteret inde i et overv\u00e5gningsskab. Den er designet til at modst\u00e5 st\u00f8d, vibrationer og temperaturer fra -40 \u00b0C til 75 \u00b0C (-40 \u00b0F til 167 \u00b0F), hvilket g\u00f8r den ideel til meget kr\u00e6vende installationer s\u00e5som langs motorveje og tunneller.<\/p>\n<p><b>Nem at installere og konfigurere<\/b><\/p>\n<p>AXIS T8504-R Industrial PoE Switch er nem at installere med AXIS standardv\u00e6rkt\u00f8jer, s\u00e5som AXIS IP Utility og AXIS Device Manager. AXIS T8504-R kommer ogs\u00e5 med en individuel adgangskode, en brugervenlig installationsvejledning og et omfattende s\u00e6t konfigurationsv\u00e6rkt\u00f8jer, f.eks. en integreret DHCP-server til automatisk tildeling af IP-adresser. Det muligg\u00f8r ogs\u00e5 endnu mere avancerede netv\u00e6rkskonfigurationer s\u00e5som Rapid Ring Protection Protocol, VLAN, QoS, Security og Spanning Tree for yderligere at optimere den overordnede l\u00f8sning.<\/p>\n<p><b>Totalt overblik med unik brugerflade<\/b><\/p>\n<p>AXIS T8504-R bruger den samme intuitive administratorgr\u00e6nseflade som AXIS T85 PoE Network Switch Series. Den unikke grafiske brugergr\u00e6nseflade tilbyder en grafisk topologi for et enkelt overblik over alle enheder i systemet. Den grafiske brugergr\u00e6nseflade giver information, status og meddelelser om tilsluttede enheder. Det muligg\u00f8r styring af alle tilsluttede enheder, genstart af kameraer i systemet, overv\u00e5gning af netv\u00e6rkstrafik, kabeldiagnostik og meget mere.<\/p>\n<\/div>\n<div class=\"row headername\">\n<div class=\"item-header rd-hyg-item-header\"><strong>Hovedkarakteristika<\/strong><\/div>\n<div class=\"row\">\n<ul>\n<li>H\u00f8j tilg\u00e6ngelighed med Rapid Ring<\/li>\n<li>Dobbelt redundans for j\u00e6vnstr\u00f8m<\/li>\n<li>Kompatibel med High PoE 60W<\/li>\n<\/ul>\n<\/div>\n<\/div>","protected":false},"excerpt":{"rendered":"<p>AXIS T8504-R T85 Series 8-Port Managed Industrial PoE Gigabit Switch med 2 SFP og 2 RJ45 porte, 240 W, Rack Mount<\/p>","protected":false},"featured_media":136347,"template":"","meta":{"_acf_changed":false},"product_brand":[],"product_cat":[4148],"product_tag":[],"class_list":{"0":"post-98784","1":"product","2":"type-product","3":"status-publish","4":"has-post-thumbnail","6":"product_cat-poe-switchar","7":"pa_brands-axis","8":"tm-no-options","10":"first","11":"onbackorder","12":"sale","13":"taxable","14":"shipping-taxable","15":"purchasable","16":"product-type-simple"},"acf":[],"_links":{"self":[{"href":"https:\/\/secureus.se\/dk\/wp-json\/wp\/v2\/product\/98784","targetHints":{"allow":["GET"]}}],"collection":[{"href":"https:\/\/secureus.se\/dk\/wp-json\/wp\/v2\/product"}],"about":[{"href":"https:\/\/secureus.se\/dk\/wp-json\/wp\/v2\/types\/product"}],"wp:featuredmedia":[{"embeddable":true,"href":"https:\/\/secureus.se\/dk\/wp-json\/wp\/v2\/media\/136347"}],"wp:attachment":[{"href":"https:\/\/secureus.se\/dk\/wp-json\/wp\/v2\/media?parent=98784"}],"wp:term":[{"taxonomy":"product_brand","embeddable":true,"href":"https:\/\/secureus.se\/dk\/wp-json\/wp\/v2\/product_brand?post=98784"},{"taxonomy":"product_cat","embeddable":true,"href":"https:\/\/secureus.se\/dk\/wp-json\/wp\/v2\/product_cat?post=98784"},{"taxonomy":"product_tag","embeddable":true,"href":"https:\/\/secureus.se\/dk\/wp-json\/wp\/v2\/product_tag?post=98784"}],"curies":[{"name":"wp","href":"https:\/\/api.w.org\/{rel}","templated":true}]}}