{"id":98796,"date":"2024-09-27T15:02:52","date_gmt":"2024-09-27T13:02:52","guid":{"rendered":"https:\/\/secureus.se\/?post_type=product&#038;p=98796"},"modified":"2026-04-23T13:31:00","modified_gmt":"2026-04-23T11:31:00","slug":"switch18-portars-gigabit-poe-switch-36-gbps","status":"publish","type":"product","link":"https:\/\/secureus.se\/dk\/switch18-portars-gigabit-poe-switch-36-gbps\/","title":{"rendered":"Switch18-ports Gigabit PoE switch 36 Gbps"},"content":{"rendered":"<div>\n<div class=\"product-description\">\n<h1 class=\"product-title-description\">SwitchTRENDnet TPE-BG182G 18-ports Gigabit<\/h1>\n<h2 class=\"product-title-description\">PoE switch, 36 Gbps<\/h2>\n<\/div>\n<\/div>\n<div class=\"product-sku\">\n<p class=\"item-num-mfg\">\u2022 8 x Gigabit PoE++-porte (op til 95W)<br \/>\n\u2022 8 x Gigabit PoE+-porte (op til 30W)<br \/>\n\u2022 2 x Gigabit SFP-pladser<br \/>\n\u2022 470W PoE str\u00f8mbudget<br \/>\n\u2022 36 Gbps omskiftningskapacitet<br \/>\n\u2022 Intern str\u00f8mforsyning<br \/>\n\u2022 Robust 1U 19\u201d rackmonterbart metalhus<\/p>\n<p class=\"item-num-mfg\">\nTRENDnets uadministrerede Gigabit PoE++-switche giver h\u00f8j b\u00e5ndbreddeydelse, brugervenlighed og p\u00e5lidelighed.<\/p>\n<p class=\"item-num-mfg\">Afhandlinger IEEE<br \/>\n802.3bt-kompatible switche har et robust 1U 19&quot; rack-monterbart metalhus med monteringsbeslag inkluderet. Disse h\u00f8je<br \/>\nPower PoE++ switche tilbyder ogs\u00e5 SFP-slots til langdistance fibernetv\u00e6rksapplikationer.<\/p>\n<p class=\"item-num-mfg\">\nInstallat\u00f8rer og integratorer kan spare p\u00e5 udstyrsomkostninger og reducere installationstiden med TRENDnets uadministrerede h\u00f8jeffekt PoE++<br \/>\nswitches ved at levere op til 95W pr. port PoE++ str\u00f8m og data over eksisterende Ethernet-kabler.<\/p>\n<p class=\"item-num-mfg\">Netv\u00e6rk nemt PoE-enheder som f.eks<br \/>\nsom tr\u00e5dl\u00f8se adgangspunkter med h\u00f8j effekt, PTZ-kameraer, digital skiltning, IPTV-dekodere, adgangskontroller og mere med disse h\u00f8je<br \/>\npower PoE++ switche.<\/p>\n<p><span class=\"erpnumber-divider\">|<\/span><\/p>\n<p class=\"item-num-sku\">\n<\/div>","protected":false},"excerpt":{"rendered":"<p>TRENDnet TPE-BG182G 18-ports Gigabit PoE-switch, 36 Gbps<\/p>","protected":false},"featured_media":135950,"template":"","meta":{"_acf_changed":false},"product_brand":[],"product_cat":[4148],"product_tag":[],"class_list":{"0":"post-98796","1":"product","2":"type-product","3":"status-publish","4":"has-post-thumbnail","6":"product_cat-poe-switchar","7":"pa_brands-trendnet","8":"tm-no-options","10":"first","11":"onbackorder","12":"sale","13":"taxable","14":"shipping-taxable","15":"purchasable","16":"product-type-simple"},"acf":[],"_links":{"self":[{"href":"https:\/\/secureus.se\/dk\/wp-json\/wp\/v2\/product\/98796","targetHints":{"allow":["GET"]}}],"collection":[{"href":"https:\/\/secureus.se\/dk\/wp-json\/wp\/v2\/product"}],"about":[{"href":"https:\/\/secureus.se\/dk\/wp-json\/wp\/v2\/types\/product"}],"wp:featuredmedia":[{"embeddable":true,"href":"https:\/\/secureus.se\/dk\/wp-json\/wp\/v2\/media\/135950"}],"wp:attachment":[{"href":"https:\/\/secureus.se\/dk\/wp-json\/wp\/v2\/media?parent=98796"}],"wp:term":[{"taxonomy":"product_brand","embeddable":true,"href":"https:\/\/secureus.se\/dk\/wp-json\/wp\/v2\/product_brand?post=98796"},{"taxonomy":"product_cat","embeddable":true,"href":"https:\/\/secureus.se\/dk\/wp-json\/wp\/v2\/product_cat?post=98796"},{"taxonomy":"product_tag","embeddable":true,"href":"https:\/\/secureus.se\/dk\/wp-json\/wp\/v2\/product_tag?post=98796"}],"curies":[{"name":"wp","href":"https:\/\/api.w.org\/{rel}","templated":true}]}}