{"id":98802,"date":"2024-09-27T15:02:52","date_gmt":"2024-09-27T13:02:52","guid":{"rendered":"https:\/\/secureus.se\/?post_type=product&#038;p=98802"},"modified":"2026-04-09T11:33:05","modified_gmt":"2026-04-09T09:33:05","slug":"switch-trendnet-8-port-10-100mbps-poe-switch-16gbps","status":"publish","type":"product","link":"https:\/\/secureus.se\/dk\/switch-trendnet-8-port-10-100mbps-poe-switch-16gbps\/","title":{"rendered":"Switch TRENDnet 8-ports 10\/100 Mbps PoE switch 1,6 Gbps"},"content":{"rendered":"<h1>Switch TRENDnet TPE-S44 8-ports 10\/100Mbps<\/h1>\n<h2>PoE switch, 1,6 Gbps<\/h2>\n<p>8-ports 10\/100 Mbps PoE Switch<\/p>\n<p>TPE-S44 (v4.0R)<br \/>\nTRENDnets 8-ports 10\/100 Mbps PoE Switch, model TPE-S44, tilbyder 4 x 10\/100 Mbps PoE-porte, 4 x 10\/100 Mbps-porte, en 1,6 Gbps switch-kapacitet,<br \/>\nog et PoE-effektbudget p\u00e5 30 Watt.<\/p>\n<p>Plug and Play denne robuste metalswitch til p\u00e5lidelig h\u00f8jhastigheds PoE-netv\u00e6rk.<\/p>\n<p>\u2022 4 x 10\/100 Mbps PoE-porte<br \/>\n\u2022 4 x 10\/100 Mbps porte<br \/>\n\u2022 30W PoE str\u00f8mbudget<br \/>\n\u2022 1,6 Gbps omskiftningskapacitet<br \/>\n\u2022 Robust metalafbryder<br \/>\n\u2022 Plug and Play installation<br \/>\n\u2022 Begr\u00e6nset livstidsgaranti<\/p>","protected":false},"excerpt":{"rendered":"<p>TRENDnet TPE-S44 8-ports 10\/100 Mbps PoE-switch, 1,6 Gbps<\/p>","protected":false},"featured_media":136686,"template":"","meta":{"_acf_changed":false},"product_brand":[],"product_cat":[4148],"product_tag":[],"class_list":{"0":"post-98802","1":"product","2":"type-product","3":"status-publish","4":"has-post-thumbnail","6":"product_cat-poe-switchar","7":"pa_brands-trendnet","8":"tm-no-options","10":"first","11":"onbackorder","12":"sale","13":"taxable","14":"shipping-taxable","15":"purchasable","16":"product-type-simple"},"acf":[],"_links":{"self":[{"href":"https:\/\/secureus.se\/dk\/wp-json\/wp\/v2\/product\/98802","targetHints":{"allow":["GET"]}}],"collection":[{"href":"https:\/\/secureus.se\/dk\/wp-json\/wp\/v2\/product"}],"about":[{"href":"https:\/\/secureus.se\/dk\/wp-json\/wp\/v2\/types\/product"}],"wp:featuredmedia":[{"embeddable":true,"href":"https:\/\/secureus.se\/dk\/wp-json\/wp\/v2\/media\/136686"}],"wp:attachment":[{"href":"https:\/\/secureus.se\/dk\/wp-json\/wp\/v2\/media?parent=98802"}],"wp:term":[{"taxonomy":"product_brand","embeddable":true,"href":"https:\/\/secureus.se\/dk\/wp-json\/wp\/v2\/product_brand?post=98802"},{"taxonomy":"product_cat","embeddable":true,"href":"https:\/\/secureus.se\/dk\/wp-json\/wp\/v2\/product_cat?post=98802"},{"taxonomy":"product_tag","embeddable":true,"href":"https:\/\/secureus.se\/dk\/wp-json\/wp\/v2\/product_tag?post=98802"}],"curies":[{"name":"wp","href":"https:\/\/api.w.org\/{rel}","templated":true}]}}