{"id":98804,"date":"2024-09-27T15:02:52","date_gmt":"2024-09-27T13:02:52","guid":{"rendered":"https:\/\/secureus.se\/?post_type=product&#038;p=98804"},"modified":"2026-04-09T11:33:04","modified_gmt":"2026-04-09T09:33:04","slug":"switch-ultratech-9-portars-gigabit-8-xpoe-130w","status":"publish","type":"product","link":"https:\/\/secureus.se\/dk\/switch-ultratech-9-portars-gigabit-8-xpoe-130w\/","title":{"rendered":"Switch Ultratech 9-ports Gigabit 8 xPoE 130W"},"content":{"rendered":"<h1>Switch Ultratech 0E-9P8POEGIG 9-port<\/h1>\n<h2>Gigabit-switch med 8-PoE, 130W<\/h2>\n<div class=\"headernamehrnone\">\n<p>9 Port \/ 8 PoE Gigabit PoE Switch er fuldt integreret for at underst\u00f8tte sikkerhedsoverv\u00e5gning, giver hurtig pakkevideresendelse samt hurtige Ethernet-transmissionshastigheder ved at bruge passende b\u00e5ndbredde for at sikre klare billeder\/j\u00e6vn transmission og nok b\u00e5ndbredde til high-definition video.<\/p>\n<\/div>\n<div class=\"row headername\">\n<div class=\"item-header rd-hyg-item-header\"><strong>Hovedkarakteristika<\/strong><\/div>\n<div class=\"row\">\n<ul>\n<li>8x 10\/100\/1000 Mbps PoE-porte<\/li>\n<li>1x 10\/100\/1000 Mbps port<\/li>\n<li>Nem installation: Plug and Play<\/li>\n<li>130W PoE Budget<\/li>\n<li>Switchkapacitet: 18 Gbps<\/li>\n<li>Portstatus: LED-indikator<\/li>\n<li>Energieffektiv kontakt<\/li>\n<li>Garanti: Begr\u00e6nset levetid<\/li>\n<\/ul>\n<\/div>\n<\/div>","protected":false},"excerpt":{"rendered":"<p>Ultratech 0E-9P8POEGIG 9-ports Gigabit-switch med 8-PoE, 130W<\/p>","protected":false},"featured_media":135928,"template":"","meta":{"_acf_changed":false},"product_brand":[],"product_cat":[4148],"product_tag":[],"class_list":{"0":"post-98804","1":"product","2":"type-product","3":"status-publish","4":"has-post-thumbnail","6":"product_cat-poe-switchar","7":"pa_brands-ultratech","8":"tm-no-options","10":"first","11":"onbackorder","12":"taxable","13":"shipping-taxable","14":"purchasable","15":"product-type-simple"},"acf":[],"_links":{"self":[{"href":"https:\/\/secureus.se\/dk\/wp-json\/wp\/v2\/product\/98804","targetHints":{"allow":["GET"]}}],"collection":[{"href":"https:\/\/secureus.se\/dk\/wp-json\/wp\/v2\/product"}],"about":[{"href":"https:\/\/secureus.se\/dk\/wp-json\/wp\/v2\/types\/product"}],"wp:featuredmedia":[{"embeddable":true,"href":"https:\/\/secureus.se\/dk\/wp-json\/wp\/v2\/media\/135928"}],"wp:attachment":[{"href":"https:\/\/secureus.se\/dk\/wp-json\/wp\/v2\/media?parent=98804"}],"wp:term":[{"taxonomy":"product_brand","embeddable":true,"href":"https:\/\/secureus.se\/dk\/wp-json\/wp\/v2\/product_brand?post=98804"},{"taxonomy":"product_cat","embeddable":true,"href":"https:\/\/secureus.se\/dk\/wp-json\/wp\/v2\/product_cat?post=98804"},{"taxonomy":"product_tag","embeddable":true,"href":"https:\/\/secureus.se\/dk\/wp-json\/wp\/v2\/product_tag?post=98804"}],"curies":[{"name":"wp","href":"https:\/\/api.w.org\/{rel}","templated":true}]}}