{"id":98846,"date":"2024-09-30T14:44:49","date_gmt":"2024-09-30T12:44:49","guid":{"rendered":"https:\/\/secureus.se\/system-sensor-22051e-46-iv-optisk-analog-detektor-i-avancerad-serie\/"},"modified":"2026-04-20T17:09:44","modified_gmt":"2026-04-20T15:09:44","slug":"system-sensor-22051e-46-iv-optisk-analog-detektor-i-avancerad-serie","status":"publish","type":"product","link":"https:\/\/secureus.se\/dk\/system-sensor-22051e-46-iv-optisk-analog-detektor-i-avancerad-serie\/","title":{"rendered":"R\u00f8gdetektorsystemsensor 22051E-46-IV optisk analog"},"content":{"rendered":"<div class=\"headernamehrnone\">\n<p>Den fotoelektriske r\u00f8gdetektor 22051E\/EI har et helt nyt detektionskammerdesign, resultatet af mange \u00e5rs forskning og design af System Sensor. Dette giver forbedret respons, reducerede f\u00f8lsomheds\u00e6ndringer for\u00e5rsaget af st\u00f8v og f\u00e6rre falske alarmer p\u00e5 grund af insektindtr\u00e6ngen og andet affald. Plug-in&#039;et bruger sofistikeret behandlingskredsl\u00f8b, der inkluderer udj\u00e6vningsfiltre for at eliminere forbig\u00e5ende milj\u00f8st\u00f8jforhold, der kan v\u00e6re \u00e5rsagen til u\u00f8nskede alarmer. Enhederne styres af indlejret software, der k\u00f8rer komplekse algoritmer, der yderligere forbedrer modstanden mod falske alarmer og \u00f8ger detektionshastigheden.<\/p>\n<\/div>\n<div class=\"row headername\">\n<h5 class=\"item-header rd-hyg-item-header\"><strong>Hovedkarakteristika<\/strong><\/h5>\n<div class=\"row\">\n<ul>\n<li>Inkluderer Series 200 Advanced Protocol<\/li>\n<li>F\u00e5s med eller uden enpolet kortslutningsisolering med statuskontrol<\/li>\n<li>Tre-farvet LED med farverne r\u00f8d, gr\u00f8n og gul<\/li>\n<li>Switch til roterende \u00e5rti adresser<\/li>\n<li>Ren hvid farve, der passer til moderne bygninger<\/li>\n<li>100% mekanisk og elektrisk bagudkompatibilitet<\/li>\n<li>Nyt basedesign, der komplementerer detektoren<\/li>\n<\/ul>\n<\/div>\n<\/div>\n<div><\/div>","protected":false},"excerpt":{"rendered":"<ul class=\"mainfeatureslist\">\n<li>Inkluderer Series 200 Advanced Protocol<\/li>\n<li>F\u00e5s med eller uden enpolet kortslutningsisolering med statuskontrol<\/li>\n<li>Tre-farvet LED med farverne r\u00f8d, gr\u00f8n og gul<\/li>\n<\/ul>\n<p><strong>Erstatter 2251EM<\/strong><\/p>","protected":false},"featured_media":136646,"template":"","meta":{"_acf_changed":false},"product_brand":[],"product_cat":[4753],"product_tag":[],"class_list":{"0":"post-98846","1":"product","2":"type-product","3":"status-publish","4":"has-post-thumbnail","6":"product_cat-200-serien","7":"pa_brands-system-sensor","8":"tm-no-options","10":"first","11":"instock","12":"taxable","13":"shipping-taxable","14":"purchasable","15":"product-type-simple"},"acf":[],"_links":{"self":[{"href":"https:\/\/secureus.se\/dk\/wp-json\/wp\/v2\/product\/98846","targetHints":{"allow":["GET"]}}],"collection":[{"href":"https:\/\/secureus.se\/dk\/wp-json\/wp\/v2\/product"}],"about":[{"href":"https:\/\/secureus.se\/dk\/wp-json\/wp\/v2\/types\/product"}],"wp:featuredmedia":[{"embeddable":true,"href":"https:\/\/secureus.se\/dk\/wp-json\/wp\/v2\/media\/136646"}],"wp:attachment":[{"href":"https:\/\/secureus.se\/dk\/wp-json\/wp\/v2\/media?parent=98846"}],"wp:term":[{"taxonomy":"product_brand","embeddable":true,"href":"https:\/\/secureus.se\/dk\/wp-json\/wp\/v2\/product_brand?post=98846"},{"taxonomy":"product_cat","embeddable":true,"href":"https:\/\/secureus.se\/dk\/wp-json\/wp\/v2\/product_cat?post=98846"},{"taxonomy":"product_tag","embeddable":true,"href":"https:\/\/secureus.se\/dk\/wp-json\/wp\/v2\/product_tag?post=98846"}],"curies":[{"name":"wp","href":"https:\/\/api.w.org\/{rel}","templated":true}]}}