{"id":99616,"date":"2024-10-15T13:31:41","date_gmt":"2024-10-15T11:31:41","guid":{"rendered":"https:\/\/secureus.se\/varmedetektor-4351e-a-system-sensor-78c-konventionell-s300-termisk-detektor-med-fast-temperatur\/"},"modified":"2026-04-17T12:25:12","modified_gmt":"2026-04-17T10:25:12","slug":"varmedetektor-4351e-a-system-sensor-78c-konventionell-s300-termisk-detektor-med-fast-temperatur","status":"publish","type":"product","link":"https:\/\/secureus.se\/dk\/varmedetektor-4351e-a-system-sensor-78c-konventionell-s300-termisk-detektor-med-fast-temperatur\/","title":{"rendered":"Varmedetektor 4351E-A Systemsensor 78\u00b0C - Konventionel S300 termisk detektor med fast temperatur"},"content":{"rendered":"<h1>Varmedetektor 4351E-A Systemsensor 78\u00b0C - Konventionel S300 termisk detektor med fast temperatur<\/h1>\n<p class=\"\" data-start=\"565\" data-end=\"867\">Systemsensor 4351E-A er en konventionel termisk detektor, der er en del af S300-serien og tilbyder en p\u00e5lidelig l\u00f8sning til branddetektion i milj\u00f8er med hurtige temperatur\u00e6ndringer.<\/p>\n<p class=\"\" data-start=\"565\" data-end=\"867\">Med en fast temperatur p\u00e5 78\u00b0C reagerer denne detektor hurtigt p\u00e5 brand og temperatur\u00e6ndringer.<\/p>\n<p class=\"\" data-start=\"869\" data-end=\"1178\">Detektoren er udstyret med et avanceret termisk element og et applikationsspecifikt integreret kredsl\u00f8b (ASIC) for at sikre n\u00f8jagtig og hurtig detektion.<\/p>\n<p class=\"\" data-start=\"869\" data-end=\"1178\">For at mindske risikoen for falske alarmer mellem vedligeholdelsesbes\u00f8g er detektoren ogs\u00e5 udstyret med et st\u00f8vafvisende kammer med optimal detekteringsydelse.<\/p>\n<p class=\"\" data-start=\"1180\" data-end=\"1510\">En tofarvet LED-indikator viser detektorstatus (gr\u00f8n for normal drift, r\u00f8d for alarm).<\/p>\n<p class=\"\" data-start=\"1180\" data-end=\"1510\">For endnu nemmere vedligeholdelse kan den bruges sammen med en h\u00e5ndholdt testenhed, der tillader fjernprogrammering og test af detektoren.<\/p>\n<p class=\"\" data-start=\"1180\" data-end=\"1510\">Den er bagudkompatibel med serie 100 baser og har en bred driftssp\u00e6nding p\u00e5 8-30VDC.<\/p>","protected":false},"excerpt":{"rendered":"<p>4351E-A er en termisk varmedetektor med en fast temperatur p\u00e5 78\u00b0C, der tilbyder hurtig og pr\u00e6cis branddetektion gennem temperaturniveauer og temperatur\u00e6ndringer.<\/p>\n<p>Den er ideel til brug i milj\u00f8er med hurtige temperatur\u00e6ndringer.<\/p>","protected":false},"featured_media":136108,"template":"","meta":{"_acf_changed":false},"product_brand":[],"product_cat":[4754,4157],"product_tag":[],"class_list":{"0":"post-99616","1":"product","2":"type-product","3":"status-publish","4":"has-post-thumbnail","6":"product_cat-system-sensor-300-serien","7":"product_cat-varmedetektor","8":"pa_brands-system-sensor","9":"tm-no-options","11":"first","12":"instock","13":"taxable","14":"shipping-taxable","15":"purchasable","16":"product-type-simple"},"acf":[],"_links":{"self":[{"href":"https:\/\/secureus.se\/dk\/wp-json\/wp\/v2\/product\/99616","targetHints":{"allow":["GET"]}}],"collection":[{"href":"https:\/\/secureus.se\/dk\/wp-json\/wp\/v2\/product"}],"about":[{"href":"https:\/\/secureus.se\/dk\/wp-json\/wp\/v2\/types\/product"}],"wp:featuredmedia":[{"embeddable":true,"href":"https:\/\/secureus.se\/dk\/wp-json\/wp\/v2\/media\/136108"}],"wp:attachment":[{"href":"https:\/\/secureus.se\/dk\/wp-json\/wp\/v2\/media?parent=99616"}],"wp:term":[{"taxonomy":"product_brand","embeddable":true,"href":"https:\/\/secureus.se\/dk\/wp-json\/wp\/v2\/product_brand?post=99616"},{"taxonomy":"product_cat","embeddable":true,"href":"https:\/\/secureus.se\/dk\/wp-json\/wp\/v2\/product_cat?post=99616"},{"taxonomy":"product_tag","embeddable":true,"href":"https:\/\/secureus.se\/dk\/wp-json\/wp\/v2\/product_tag?post=99616"}],"curies":[{"name":"wp","href":"https:\/\/api.w.org\/{rel}","templated":true}]}}