{"id":99844,"date":"2024-10-17T11:47:40","date_gmt":"2024-10-17T09:47:40","guid":{"rendered":"https:\/\/secureus.se\/?post_type=product&#038;p=99844"},"modified":"2026-03-25T15:34:43","modified_gmt":"2026-03-25T14:34:43","slug":"traskruv-wh-s-tkft-45x45-a2-krom","status":"publish","type":"product","link":"https:\/\/secureus.se\/dk\/traskruv-wh-s-tkft-45x45-a2-krom\/","title":{"rendered":"Tr\u00e6skrue WH-S TKFT 4,5X45 A2 Krom"},"content":{"rendered":"<div>ROCA WH-S er en tr\u00e6skrue med fors\u00e6nket Torx til diskret og fleksibel montering af fx vinduesgreb eller vinduesbeslag. Skruen f\u00e5s i forskellige modeller og overfladebehandlinger.<\/div>\n<div><b><br \/>Egenskaber:<\/b><\/div>\n<div>\n<ul>\n<li>Bittype: Torx T20<\/li>\n<li>Hovedform: Hv\u00e6lvet<\/li>\n<li>Gevinddiameter: \u00d84,5 mm\u00a0<\/li>\n<li>L\u00e6ngde: 45 mm<\/li>\n<li>Materiale: Rustfrit st\u00e5l (A2 kvalitet)<\/li>\n<li>Overfladebehandling: Forkromet<\/li>\n<\/ul>\n<\/div>","protected":false},"excerpt":{"rendered":"<p>ROCA WH-S er en tr\u00e6skrue med fors\u00e6nket Torx til diskret og fleksibel montering af fx vinduesgreb eller vinduesbeslag. Skruen f\u00e5s i forskellige modeller og overfladebehandlinger. Funktioner: Bittype: Torx T20<\/p>","protected":false},"featured_media":136026,"template":"","meta":{"_acf_changed":false},"product_brand":[],"product_cat":[4177,4176],"product_tag":[],"class_list":{"0":"post-99844","1":"product","2":"type-product","3":"status-publish","4":"has-post-thumbnail","6":"product_cat-tillbehor-spanjoletthandtag","7":"product_cat-tillbehor-dorrhandtag","8":"product_shipping_class-postnord-varubrev","9":"pa_brands-roca","10":"tm-no-options","12":"first","13":"instock","14":"taxable","15":"shipping-taxable","16":"purchasable","17":"product-type-simple"},"acf":[],"_links":{"self":[{"href":"https:\/\/secureus.se\/dk\/wp-json\/wp\/v2\/product\/99844","targetHints":{"allow":["GET"]}}],"collection":[{"href":"https:\/\/secureus.se\/dk\/wp-json\/wp\/v2\/product"}],"about":[{"href":"https:\/\/secureus.se\/dk\/wp-json\/wp\/v2\/types\/product"}],"wp:featuredmedia":[{"embeddable":true,"href":"https:\/\/secureus.se\/dk\/wp-json\/wp\/v2\/media\/136026"}],"wp:attachment":[{"href":"https:\/\/secureus.se\/dk\/wp-json\/wp\/v2\/media?parent=99844"}],"wp:term":[{"taxonomy":"product_brand","embeddable":true,"href":"https:\/\/secureus.se\/dk\/wp-json\/wp\/v2\/product_brand?post=99844"},{"taxonomy":"product_cat","embeddable":true,"href":"https:\/\/secureus.se\/dk\/wp-json\/wp\/v2\/product_cat?post=99844"},{"taxonomy":"product_tag","embeddable":true,"href":"https:\/\/secureus.se\/dk\/wp-json\/wp\/v2\/product_tag?post=99844"}],"curies":[{"name":"wp","href":"https:\/\/api.w.org\/{rel}","templated":true}]}}