{"id":99872,"date":"2024-10-17T11:47:36","date_gmt":"2024-10-17T09:47:36","guid":{"rendered":"https:\/\/secureus.se\/?post_type=product&#038;p=99872"},"modified":"2026-03-25T15:34:05","modified_gmt":"2026-03-25T14:34:05","slug":"cylinderring-wh-cr-29mm-krom","status":"publish","type":"product","link":"https:\/\/secureus.se\/dk\/cylinderring-wh-cr-29mm-krom\/","title":{"rendered":"Cylinderring WH-CR 29mm Krom"},"content":{"rendered":"<p>\nROCA WH-CR er en udvendig cylinderring i traditionelt design, der er velegnet til blandt andet klassiske vinduesd\u00f8re og kulturvinduer.<\/p>\n<p><b>Egenskaber:<\/b><br \/>\n<\/p>\n<ul>\n<li>Yderm\u00e5l: 30\u00d745,2 mm<\/li>\n<li>Dybde: 28,5 mm + 4,3 mm, der kan foldes ind<\/li>\n<li>Materiale: Zamak<\/li>\n<li>Overfladebehandling: Forkromet<\/li>\n<\/ul>","protected":false},"excerpt":{"rendered":"<p>ROCA WH-CR er en udvendig cylinderring i traditionelt design, der er velegnet til blandt andet klassiske vinduesd\u00f8re og kulturvinduer. Funktioner: Ydre m\u00e5l: 30\u00d745,2 mm Dybde: 28,5 mm + 4,3 mm, der foldes<\/p>","protected":false},"featured_media":137531,"template":"","meta":{"_acf_changed":false},"product_brand":[],"product_cat":[4177],"product_tag":[],"class_list":{"0":"post-99872","1":"product","2":"type-product","3":"status-publish","4":"has-post-thumbnail","6":"product_cat-tillbehor-spanjoletthandtag","7":"product_shipping_class-postnord-varubrev","8":"pa_brands-roca","9":"tm-no-options","11":"first","12":"instock","13":"taxable","14":"shipping-taxable","15":"purchasable","16":"product-type-simple"},"acf":[],"_links":{"self":[{"href":"https:\/\/secureus.se\/dk\/wp-json\/wp\/v2\/product\/99872","targetHints":{"allow":["GET"]}}],"collection":[{"href":"https:\/\/secureus.se\/dk\/wp-json\/wp\/v2\/product"}],"about":[{"href":"https:\/\/secureus.se\/dk\/wp-json\/wp\/v2\/types\/product"}],"wp:featuredmedia":[{"embeddable":true,"href":"https:\/\/secureus.se\/dk\/wp-json\/wp\/v2\/media\/137531"}],"wp:attachment":[{"href":"https:\/\/secureus.se\/dk\/wp-json\/wp\/v2\/media?parent=99872"}],"wp:term":[{"taxonomy":"product_brand","embeddable":true,"href":"https:\/\/secureus.se\/dk\/wp-json\/wp\/v2\/product_brand?post=99872"},{"taxonomy":"product_cat","embeddable":true,"href":"https:\/\/secureus.se\/dk\/wp-json\/wp\/v2\/product_cat?post=99872"},{"taxonomy":"product_tag","embeddable":true,"href":"https:\/\/secureus.se\/dk\/wp-json\/wp\/v2\/product_tag?post=99872"}],"curies":[{"name":"wp","href":"https:\/\/api.w.org\/{rel}","templated":true}]}}