{"id":99874,"date":"2024-10-17T11:47:36","date_gmt":"2024-10-17T09:47:36","guid":{"rendered":"https:\/\/secureus.se\/?post_type=product&#038;p=99874"},"modified":"2026-03-25T15:34:06","modified_gmt":"2026-03-25T14:34:06","slug":"barnsaker-handtagssparr-csd01-krom","status":"publish","type":"product","link":"https:\/\/secureus.se\/dk\/barnsaker-handtagssparr-csd01-krom\/","title":{"rendered":"B\u00f8rnesikker H\u00e5ndtagsl\u00e5s CSD01 Krom"},"content":{"rendered":"<p>\nROCA CSD01 er en b\u00f8rnesikret h\u00e5ndtagsl\u00e5s godkendt i henhold til EN-16281 og har en unik og enkel \u00e5bningsteknologi. Ogs\u00e5 kaldet b\u00f8rnesikring.<\/p>\n<div>Passer til ROCA vinduesgreb uden lang plade. Patenteret (publikationsnummer: 540 936).<\/div>\n<div><\/div>","protected":false},"excerpt":{"rendered":"<p>ROCA CSD01 er en b\u00f8rnesikret h\u00e5ndtagsl\u00e5s godkendt i henhold til EN-16281 og har en unik og enkel \u00e5bningsteknologi. Ogs\u00e5 kaldet b\u00f8rnesikring. Passer til ROCA vinduesgreb uden lang plade. Patenteret (publikationsnummer: 540 936).<\/p>","protected":false},"featured_media":136884,"template":"","meta":{"_acf_changed":false},"product_brand":[],"product_cat":[4177],"product_tag":[],"class_list":{"0":"post-99874","1":"product","2":"type-product","3":"status-publish","4":"has-post-thumbnail","6":"product_cat-tillbehor-spanjoletthandtag","7":"product_shipping_class-postnord-varubrev","8":"pa_brands-roca","9":"tm-no-options","11":"first","12":"instock","13":"taxable","14":"shipping-taxable","15":"purchasable","16":"product-type-simple"},"acf":[],"_links":{"self":[{"href":"https:\/\/secureus.se\/dk\/wp-json\/wp\/v2\/product\/99874","targetHints":{"allow":["GET"]}}],"collection":[{"href":"https:\/\/secureus.se\/dk\/wp-json\/wp\/v2\/product"}],"about":[{"href":"https:\/\/secureus.se\/dk\/wp-json\/wp\/v2\/types\/product"}],"wp:featuredmedia":[{"embeddable":true,"href":"https:\/\/secureus.se\/dk\/wp-json\/wp\/v2\/media\/136884"}],"wp:attachment":[{"href":"https:\/\/secureus.se\/dk\/wp-json\/wp\/v2\/media?parent=99874"}],"wp:term":[{"taxonomy":"product_brand","embeddable":true,"href":"https:\/\/secureus.se\/dk\/wp-json\/wp\/v2\/product_brand?post=99874"},{"taxonomy":"product_cat","embeddable":true,"href":"https:\/\/secureus.se\/dk\/wp-json\/wp\/v2\/product_cat?post=99874"},{"taxonomy":"product_tag","embeddable":true,"href":"https:\/\/secureus.se\/dk\/wp-json\/wp\/v2\/product_tag?post=99874"}],"curies":[{"name":"wp","href":"https:\/\/api.w.org\/{rel}","templated":true}]}}