{"id":99883,"date":"2024-10-17T11:47:37","date_gmt":"2024-10-17T09:47:37","guid":{"rendered":"https:\/\/secureus.se\/?post_type=product&#038;p=99883"},"modified":"2026-03-25T15:33:31","modified_gmt":"2026-03-25T14:33:31","slug":"handtagskoppling-961","status":"publish","type":"product","link":"https:\/\/secureus.se\/dk\/handtagskoppling-961\/","title":{"rendered":"H\u00e5ndtagskobling 961"},"content":{"rendered":"<p>ASSA ABLOY 961 er en grebskobling til tilsluttede vinduesd\u00f8re, der skal have greb p\u00e5 begge sider. Koblingen g\u00e5r i stykker, hvis det udvendige h\u00e5ndtag overbelastes, n\u00e5r det indvendige h\u00e5ndtag l\u00e5ses, hvilket s\u00e6tter det udvendige h\u00e5ndtag ud af funktion. En effektiv indbrudssikring.<\/p>\n<div>\n<p><b>Egenskaber:<\/b><\/p>\n<ul>\n<li>Bredde: 22 mm<\/li>\n<li>L\u00e6ngde: 60 mm<\/li>\n<li>Tykkelse 1,5 mm<\/li>\n<li>Tilslutningsdiameter: \u00d8 16 mm<\/li>\n<li>Passer til h\u00e5ndtag med 8 mm stift<\/li>\n<li>Anbefalet skrue: TFX 3,0 mm<\/li>\n<\/ul>\n<\/div>\n<div><\/div>","protected":false},"excerpt":{"rendered":"<p>ASSA ABLOY 961 er en grebskobling til tilsluttede vinduesd\u00f8re, der skal have greb p\u00e5 begge sider. Koblingen g\u00e5r i stykker, hvis det udvendige h\u00e5ndtag overbelastes, n\u00e5r det indvendige h\u00e5ndtag l\u00e5ses, hvilket s\u00e6tter det udvendige h\u00e5ndtag ud af funktion.<\/p>","protected":false},"featured_media":136874,"template":"","meta":{"_acf_changed":false},"product_brand":[],"product_cat":[4177],"product_tag":[],"class_list":{"0":"post-99883","1":"product","2":"type-product","3":"status-publish","4":"has-post-thumbnail","6":"product_cat-tillbehor-spanjoletthandtag","7":"product_shipping_class-postnord-varubrev","8":"pa_brands-abloy","9":"tm-no-options","11":"first","12":"instock","13":"taxable","14":"shipping-taxable","15":"purchasable","16":"product-type-simple"},"acf":[],"_links":{"self":[{"href":"https:\/\/secureus.se\/dk\/wp-json\/wp\/v2\/product\/99883","targetHints":{"allow":["GET"]}}],"collection":[{"href":"https:\/\/secureus.se\/dk\/wp-json\/wp\/v2\/product"}],"about":[{"href":"https:\/\/secureus.se\/dk\/wp-json\/wp\/v2\/types\/product"}],"wp:featuredmedia":[{"embeddable":true,"href":"https:\/\/secureus.se\/dk\/wp-json\/wp\/v2\/media\/136874"}],"wp:attachment":[{"href":"https:\/\/secureus.se\/dk\/wp-json\/wp\/v2\/media?parent=99883"}],"wp:term":[{"taxonomy":"product_brand","embeddable":true,"href":"https:\/\/secureus.se\/dk\/wp-json\/wp\/v2\/product_brand?post=99883"},{"taxonomy":"product_cat","embeddable":true,"href":"https:\/\/secureus.se\/dk\/wp-json\/wp\/v2\/product_cat?post=99883"},{"taxonomy":"product_tag","embeddable":true,"href":"https:\/\/secureus.se\/dk\/wp-json\/wp\/v2\/product_tag?post=99883"}],"curies":[{"name":"wp","href":"https:\/\/api.w.org\/{rel}","templated":true}]}}