{"id":99899,"date":"2024-10-17T11:47:38","date_gmt":"2024-10-17T09:47:38","guid":{"rendered":"https:\/\/secureus.se\/?post_type=product&#038;p=99899"},"modified":"2026-04-14T16:04:37","modified_gmt":"2026-04-14T14:04:37","slug":"barnsakerhetssparr-184-vit","status":"publish","type":"product","link":"https:\/\/secureus.se\/dk\/barnsakerhetssparr-184-vit\/","title":{"rendered":"B\u00f8rnesikring L\u00e5seanordning FIX 184 Hvid \u2013 Assa Abloy"},"content":{"rendered":"<div>ASSA ABLOY 184 er en b\u00f8rnesikkerhedsl\u00e5s til vinduer og vinduesd\u00f8re, hvor du \u00f8nsker at begr\u00e6nse \u00e5bningspositionen.<\/div>\n<div><b><br \/>\nEgenskaber:<\/b><\/div>\n<div>\n<ul>\n<li>Opfylder krav iht. SS 3587 vedr\u00f8rende b\u00f8rnebeskyttelse.<\/li>\n<li>Linje af plastomviklet tr\u00e5d<\/li>\n<li>Beskyttelsesd\u00e6ksel af pulverlakeret st\u00e5l, \u00f8vrige dele af acetalplast.<\/li>\n<li>Stopper buen i en \u00e5ben position bestemt af sp\u00e6rrens position.<\/li>\n<li>Kan frig\u00f8res ved at trykke den fjederbelastede l\u00e5setap p\u00e5 l\u00e5seskiven ind, samtidig med at rebet afmonteres.<\/li>\n<li>Anbefalet skrue: TKFX 3,5 mm.<\/li>\n<\/ul>\n<\/div>\n<div><\/div>","protected":false},"excerpt":{"rendered":"<p>ASSA ABLOY 184 er en b\u00f8rnesikkerhedsl\u00e5s til vinduer og vinduesd\u00f8re, hvor du \u00f8nsker at begr\u00e6nse \u00e5bningspositionen. Funktioner: Opfylder krav i henhold til SS 3587 vedr\u00f8rende b\u00f8rnebeskyttelse. Linje af plastomviklet tr\u00e5d Beskyttelsescover af pulverlakeret<\/p>","protected":false},"featured_media":136480,"template":"","meta":{"_acf_changed":false},"product_brand":[],"product_cat":[4177],"product_tag":[],"class_list":{"0":"post-99899","1":"product","2":"type-product","3":"status-publish","4":"has-post-thumbnail","6":"product_cat-tillbehor-spanjoletthandtag","7":"product_shipping_class-postnord-varubrev","8":"pa_brands-abloy","9":"tm-no-options","11":"first","12":"instock","13":"sale","14":"taxable","15":"shipping-taxable","16":"purchasable","17":"product-type-simple"},"acf":[],"_links":{"self":[{"href":"https:\/\/secureus.se\/dk\/wp-json\/wp\/v2\/product\/99899","targetHints":{"allow":["GET"]}}],"collection":[{"href":"https:\/\/secureus.se\/dk\/wp-json\/wp\/v2\/product"}],"about":[{"href":"https:\/\/secureus.se\/dk\/wp-json\/wp\/v2\/types\/product"}],"wp:featuredmedia":[{"embeddable":true,"href":"https:\/\/secureus.se\/dk\/wp-json\/wp\/v2\/media\/136480"}],"wp:attachment":[{"href":"https:\/\/secureus.se\/dk\/wp-json\/wp\/v2\/media?parent=99899"}],"wp:term":[{"taxonomy":"product_brand","embeddable":true,"href":"https:\/\/secureus.se\/dk\/wp-json\/wp\/v2\/product_brand?post=99899"},{"taxonomy":"product_cat","embeddable":true,"href":"https:\/\/secureus.se\/dk\/wp-json\/wp\/v2\/product_cat?post=99899"},{"taxonomy":"product_tag","embeddable":true,"href":"https:\/\/secureus.se\/dk\/wp-json\/wp\/v2\/product_tag?post=99899"}],"curies":[{"name":"wp","href":"https:\/\/api.w.org\/{rel}","templated":true}]}}