{"id":99925,"date":"2024-10-17T11:47:38","date_gmt":"2024-10-17T09:47:38","guid":{"rendered":"https:\/\/secureus.se\/?post_type=product&#038;p=99925"},"modified":"2026-03-25T15:37:36","modified_gmt":"2026-03-25T14:37:36","slug":"sakerhetsanordning-805-7x43-krom","status":"publish","type":"product","link":"https:\/\/secureus.se\/dk\/sakerhetsanordning-805-7x43-krom\/","title":{"rendered":"Sikkerhedsanordning 805 7X43 Krom"},"content":{"rendered":"<p>\nASA ABLOY 805 er en sikkerhedsd\u00f8r, der anvendes i stedet for greb p\u00e5 vinduer, vinduesd\u00f8re og skabsl\u00e5ger med spaniel, hvor b\u00f8rnesikkerhed eller beskyttelse mod uautoriseret \u00e5bning \u00f8nskes. Velegnet i opgange, gange, hospitaler, b\u00f8rnesommerhuse eller lignende. Typegodkendt som b\u00f8rnebeskyttende sikkerhedsbeslag. En fjederbelastet l\u00e5seskive er placeret rundt om den trekantede stift. Denne skal skubbes ind i en pr\u00e6cis position, s\u00e5 stiften kan drejes og p\u00e5virke spanielen.<\/p>\n<div><\/div>\n<div><b>Egenskaber:<\/b><\/p>\n<ul>\n<li>Typegodkendt som b\u00f8rnebeskyttende sikkerhedsbeslag.<\/li>\n<li>Matchende h\u00e5ndtag 811<\/li>\n<li>Sprint 7x 33\/43 mm af h\u00e6rdet st\u00e5l. (Bem\u00e6rk: sv\u00e6rt at sk\u00e6re.)<\/li>\n<li>F\u00e5s ogs\u00e5 med 8 mm stift<\/li>\n<li>L\u00e5sehus af forkromet zamak metal.<\/li>\n<li>Bredde: 25 mm<\/li>\n<li>H\u00f8jde: 62 mm<\/li>\n<li>C\/C fastg\u00f8relse: 43 mm<\/li>\n<\/ul>\n<\/div>","protected":false},"excerpt":{"rendered":"<p>ASA ABLOY 805 er en sikkerhedsd\u00f8r, der anvendes i stedet for greb p\u00e5 vinduer, vinduesd\u00f8re og skabsl\u00e5ger med spaniel, hvor b\u00f8rnesikkerhed eller beskyttelse mod uautoriseret \u00e5bning \u00f8nskes. Velegnet til trappeopgange, korridorer,<\/p>","protected":false},"featured_media":137503,"template":"","meta":{"_acf_changed":false},"product_brand":[],"product_cat":[4177],"product_tag":[],"class_list":{"0":"post-99925","1":"product","2":"type-product","3":"status-publish","4":"has-post-thumbnail","6":"product_cat-tillbehor-spanjoletthandtag","7":"product_shipping_class-postnord-varubrev","8":"pa_brands-abloy","9":"tm-no-options","11":"first","12":"instock","13":"taxable","14":"shipping-taxable","15":"purchasable","16":"product-type-simple"},"acf":[],"_links":{"self":[{"href":"https:\/\/secureus.se\/dk\/wp-json\/wp\/v2\/product\/99925","targetHints":{"allow":["GET"]}}],"collection":[{"href":"https:\/\/secureus.se\/dk\/wp-json\/wp\/v2\/product"}],"about":[{"href":"https:\/\/secureus.se\/dk\/wp-json\/wp\/v2\/types\/product"}],"wp:featuredmedia":[{"embeddable":true,"href":"https:\/\/secureus.se\/dk\/wp-json\/wp\/v2\/media\/137503"}],"wp:attachment":[{"href":"https:\/\/secureus.se\/dk\/wp-json\/wp\/v2\/media?parent=99925"}],"wp:term":[{"taxonomy":"product_brand","embeddable":true,"href":"https:\/\/secureus.se\/dk\/wp-json\/wp\/v2\/product_brand?post=99925"},{"taxonomy":"product_cat","embeddable":true,"href":"https:\/\/secureus.se\/dk\/wp-json\/wp\/v2\/product_cat?post=99925"},{"taxonomy":"product_tag","embeddable":true,"href":"https:\/\/secureus.se\/dk\/wp-json\/wp\/v2\/product_tag?post=99925"}],"curies":[{"name":"wp","href":"https:\/\/api.w.org\/{rel}","templated":true}]}}