{"id":99927,"date":"2024-10-17T11:47:38","date_gmt":"2024-10-17T09:47:38","guid":{"rendered":"https:\/\/secureus.se\/?post_type=product&#038;p=99927"},"modified":"2026-04-23T11:59:04","modified_gmt":"2026-04-23T09:59:04","slug":"handtagssparr-840-krom","status":"publish","type":"product","link":"https:\/\/secureus.se\/dk\/handtagssparr-840-krom\/","title":{"rendered":"H\u00e5ndtagsl\u00e5s 840 Krom"},"content":{"rendered":"<p>\nASSA ABLOY 840 er en vinduesl\u00e5s til en vinduesd\u00f8r med spanielh\u00e5ndtag, der skal l\u00e5ses p\u00e5 indersiden. <\/p>\n<p><b>Egenskaber:<\/b><br \/>\n<\/p>\n<ul>\n<li>\u00c5bner og lukker manuelt. <\/li>\n<li>L\u00e5ser i nedtrykt position.<\/li>\n<li>L\u00e5sehus lavet af zamak metal. <\/li>\n<li>Fingergreb i polyamid, sort.<\/li>\n<\/ul>","protected":false},"excerpt":{"rendered":"<p>ASSA ABLOY 840 er en vinduesl\u00e5s til en vinduesd\u00f8r med spanielh\u00e5ndtag, der skal l\u00e5ses p\u00e5 indersiden. Funktioner: \u00c5bner og lukker manuelt. L\u00e5ser i nedtrykt position. L\u00e5sehus lavet af zamak metal. Polyamid fingergreb,<\/p>","protected":false},"featured_media":136073,"template":"","meta":{"_acf_changed":false},"product_brand":[],"product_cat":[4177],"product_tag":[],"class_list":{"0":"post-99927","1":"product","2":"type-product","3":"status-publish","4":"has-post-thumbnail","6":"product_cat-tillbehor-spanjoletthandtag","7":"product_shipping_class-postnord-varubrev","8":"pa_brands-abloy","9":"tm-no-options","11":"first","12":"instock","13":"taxable","14":"shipping-taxable","15":"purchasable","16":"product-type-simple"},"acf":[],"_links":{"self":[{"href":"https:\/\/secureus.se\/dk\/wp-json\/wp\/v2\/product\/99927","targetHints":{"allow":["GET"]}}],"collection":[{"href":"https:\/\/secureus.se\/dk\/wp-json\/wp\/v2\/product"}],"about":[{"href":"https:\/\/secureus.se\/dk\/wp-json\/wp\/v2\/types\/product"}],"wp:featuredmedia":[{"embeddable":true,"href":"https:\/\/secureus.se\/dk\/wp-json\/wp\/v2\/media\/136073"}],"wp:attachment":[{"href":"https:\/\/secureus.se\/dk\/wp-json\/wp\/v2\/media?parent=99927"}],"wp:term":[{"taxonomy":"product_brand","embeddable":true,"href":"https:\/\/secureus.se\/dk\/wp-json\/wp\/v2\/product_brand?post=99927"},{"taxonomy":"product_cat","embeddable":true,"href":"https:\/\/secureus.se\/dk\/wp-json\/wp\/v2\/product_cat?post=99927"},{"taxonomy":"product_tag","embeddable":true,"href":"https:\/\/secureus.se\/dk\/wp-json\/wp\/v2\/product_tag?post=99927"}],"curies":[{"name":"wp","href":"https:\/\/api.w.org\/{rel}","templated":true}]}}