{"id":99936,"date":"2024-10-17T11:47:39","date_gmt":"2024-10-17T09:47:39","guid":{"rendered":"https:\/\/secureus.se\/?post_type=product&#038;p=99936"},"modified":"2026-03-25T15:39:20","modified_gmt":"2026-03-25T14:39:20","slug":"bricka-1857t","status":"publish","type":"product","link":"https:\/\/secureus.se\/dk\/bricka-1857t\/","title":{"rendered":"Bakke 1857T"},"content":{"rendered":"<div>ASSA ABLOY 1857T er en d\u00e6kplade til t\u00f8mrerarbejde, der har spaniel eller t\u00e6tningsl\u00e5s og skal betjenes med firkantet h\u00e5ndtag 51 eller trekantet n\u00f8gle 145. Anbefales ikke, hvor der er risiko for selv\u00e5bning (anvend da sikkerhedsanordning 805 og trekantet h\u00e5ndtag 811 ).<\/div>\n<div><b>Egenskaber:<\/b><\/p>\n<ul>\n<li>Bredde: 23 mm<\/li>\n<li>H\u00f8jde: 60 mm<\/li>\n<li>C\/C indf\u00f8ring: 43 mm<\/li>\n<li>Anbefalet skrue: TKFX 3,0 mm<\/li>\n<\/ul>\n<\/div>\n<div><\/div>\n<div><\/div>","protected":false},"excerpt":{"rendered":"<p>ASSA ABLOY 1857T er en d\u00e6kplade til t\u00f8mrerarbejde, der har spaniel- eller t\u00e6tningsl\u00e5s og skal betjenes med firkantet h\u00e5ndtag 51 eller trekantn\u00f8gle 145. Anbefales ikke, hvor der er risiko for selv\u00e5bning<\/p>","protected":false},"featured_media":136245,"template":"","meta":{"_acf_changed":false},"product_brand":[],"product_cat":[4177],"product_tag":[],"class_list":{"0":"post-99936","1":"product","2":"type-product","3":"status-publish","4":"has-post-thumbnail","6":"product_cat-tillbehor-spanjoletthandtag","7":"product_shipping_class-postnord-varubrev","8":"pa_brands-abloy","9":"tm-no-options","11":"first","12":"instock","13":"taxable","14":"shipping-taxable","15":"purchasable","16":"product-type-simple"},"acf":[],"_links":{"self":[{"href":"https:\/\/secureus.se\/dk\/wp-json\/wp\/v2\/product\/99936","targetHints":{"allow":["GET"]}}],"collection":[{"href":"https:\/\/secureus.se\/dk\/wp-json\/wp\/v2\/product"}],"about":[{"href":"https:\/\/secureus.se\/dk\/wp-json\/wp\/v2\/types\/product"}],"wp:featuredmedia":[{"embeddable":true,"href":"https:\/\/secureus.se\/dk\/wp-json\/wp\/v2\/media\/136245"}],"wp:attachment":[{"href":"https:\/\/secureus.se\/dk\/wp-json\/wp\/v2\/media?parent=99936"}],"wp:term":[{"taxonomy":"product_brand","embeddable":true,"href":"https:\/\/secureus.se\/dk\/wp-json\/wp\/v2\/product_brand?post=99936"},{"taxonomy":"product_cat","embeddable":true,"href":"https:\/\/secureus.se\/dk\/wp-json\/wp\/v2\/product_cat?post=99936"},{"taxonomy":"product_tag","embeddable":true,"href":"https:\/\/secureus.se\/dk\/wp-json\/wp\/v2\/product_tag?post=99936"}],"curies":[{"name":"wp","href":"https:\/\/api.w.org\/{rel}","templated":true}]}}