{"id":11750,"date":"2022-06-10T10:08:44","date_gmt":"2022-06-10T08:08:44","guid":{"rendered":"https:\/\/secureus.se\/?page_id=11750"},"modified":"2026-03-13T14:03:39","modified_gmt":"2026-03-13T13:03:39","slug":"kundservice","status":"publish","type":"page","link":"https:\/\/secureus.se\/es\/kundservice\/","title":{"rendered":"Servicio al cliente"},"content":{"rendered":"<div class=\"wpb-content-wrapper\"><div class=\"vc_row wpb_row vc_row-fluid\"><\/div><div class=\"wpb_column vc_column_container vc_col-sm-12\"><div class=\"vc_column-inner\"><div class=\"wpb_wrapper\"><\/div><\/div><\/div>\n\t<div class=\"wpb_text_column wpb_content_element\" >\n\t\t<div class=\"wpb_wrapper\">\n\t\t\t\n\t\t<\/div>\n\t<\/div>\n<div class=\"vc_row wpb_row vc_row-fluid\"><\/div><div class=\"wpb_column vc_column_container vc_col-sm-12\"><div class=\"vc_column-inner\"><div class=\"wpb_wrapper\"><\/div><\/div><\/div>\n\t<div class=\"wpb_text_column wpb_content_element\" >\n\t\t<div class=\"wpb_wrapper\">\n\t\t\t\n\t\t<\/div>\n\t<\/div>\n<h1><strong>Cont\u00e1ctanos<\/strong><\/h1>\n<p style=\"text-align: left;\">No dude en ponerse en contacto con nosotros utilizando la siguiente informaci\u00f3n.<\/p>\n<p style=\"text-align: left;\">Responderemos lo antes posible y en un plazo m\u00e1ximo de 48 horas a las consultas sobre compras o pedidos. En caso de reclamaci\u00f3n o devoluci\u00f3n, le rogamos que nos proporcione la mayor cantidad de detalles posible. Rellene el formulario en este enlace. <strong><a href=\"https:\/\/secureus.se\/es\/retur-reklamation\/\">www.secureus.se\/retur<\/a><\/strong><br \/>\nProporcione el n\u00famero de pedido y adjunte im\u00e1genes si es necesario.<\/p>\n<p><strong>Correo electr\u00f3nico<\/strong>: secureus@secureus.se<br \/>\n<strong>Preguntas sobre facturas por correo electr\u00f3nico y factura<\/strong>: factura@secureus.se<br \/>\n<strong>N\u00famero de organizaci\u00f3n<\/strong>: 559189-7383<br \/>\n<strong>TINA<\/strong>:SE559189738301<br \/>\n<strong>Eori<\/strong>:SE5591897383<br \/>\n<strong>Tel\u00e9fono<\/strong>: +46 31 70 70 201 <em data-start=\"389\" data-end=\"421\">(Hablamos ingl\u00e9s y sueco)<\/em><\/p>\n<p>\ud83d\udd53 <strong data-start=\"245\" data-end=\"260\">Horario de apertura de la bolsa:<\/strong><br data-start=\"260\" data-end=\"263\" \/>Lunes a jueves: 10:00 a 16:00<br data-start=\"288\" data-end=\"291\" \/>Viernes: 10:00\u201315:00<br \/>\n<em data-start=\"389\" data-end=\"421\"><br \/>\n<\/em><strong>Cuenta bancaria \u2013 Swedbank<\/strong>: 8327-9,764 699 157-5<br \/>\n<span style=\"font-size: revert;\"><strong>Transferencia bancaria<\/strong>: 172-5126<\/span><\/p>\n<h2><strong>Pago con factura y factura electr\u00f3nica para empresas y organizaciones<\/strong><\/h2>\n<p class=\"\" data-start=\"884\" data-end=\"963\">Ahora ofrecemos pago con factura de dos formas:<\/p>\n<ol data-start=\"964\" data-end=\"1036\">\n<li class=\"\" data-start=\"964\" data-end=\"992\">\n<p class=\"\" data-start=\"967\" data-end=\"992\">Haga su pedido por correo electr\u00f3nico y<\/p>\n<\/li>\n<li class=\"\" data-start=\"993\" data-end=\"1036\">\n<p class=\"\" data-start=\"996\" data-end=\"1036\">Realizar el pago directamente con la factura al momento del pago.<\/p>\n<\/li>\n<\/ol>\n<p class=\"\" data-start=\"1038\" data-end=\"1144\">Para realizar un pedido con factura por correo electr\u00f3nico, env\u00ede la siguiente informaci\u00f3n a <a href=\"mailto:secureus@secureus.se\">SECUREUS@SECUREUS.SE<\/a><\/p>\n<p>\u2022 Producto deseado y cantidad de cada producto (incluya el n\u00famero de art\u00edculo o el enlace)<br \/>\n\u2022 Direcci\u00f3n de Envio<br \/>\n\u2022 Direcci\u00f3n de entrega (tenga en cuenta que no podemos entregar productos m\u00e1s grandes a direcciones de apartados postales)<br \/>\n\u2022 Nombre y n\u00famero de tel\u00e9fono de la persona de contacto<br \/>\n\u2022 Cualquier referencia de factura u otras marcas deseadas en la factura<br \/>\n\u2022 Tipo de factura deseada: PDF v\u00eda email o Factura electr\u00f3nica.<\/p>\n<p>Despu\u00e9s de recibir su pedido y realizar una verificaci\u00f3n de cr\u00e9dito r\u00e1pida, le enviaremos una confirmaci\u00f3n del pedido. Una vez enviado el pedido, le notificaremos el n\u00famero de seguimiento.<\/p>\n<\/div>","protected":false},"excerpt":{"rendered":"<p>Kontakta oss V\u00e4lkommen att kontakta oss via nedanst\u00e5ende uppgifter. Vi svarar snarast och senast inom 48 timmar p\u00e5 f\u00f6rfr\u00e5gningar som r\u00f6r faktiska k\u00f6p eller best\u00e4llningar. Vid eventuell reklamation eller retur,<\/p>","protected":false},"author":1,"featured_media":0,"parent":0,"menu_order":0,"comment_status":"closed","ping_status":"closed","template":"","meta":{"_acf_changed":false,"footnotes":""},"class_list":["post-11750","page","type-page","status-publish","hentry"],"acf":[],"_links":{"self":[{"href":"https:\/\/secureus.se\/es\/wp-json\/wp\/v2\/pages\/11750","targetHints":{"allow":["GET"]}}],"collection":[{"href":"https:\/\/secureus.se\/es\/wp-json\/wp\/v2\/pages"}],"about":[{"href":"https:\/\/secureus.se\/es\/wp-json\/wp\/v2\/types\/page"}],"author":[{"embeddable":true,"href":"https:\/\/secureus.se\/es\/wp-json\/wp\/v2\/users\/1"}],"replies":[{"embeddable":true,"href":"https:\/\/secureus.se\/es\/wp-json\/wp\/v2\/comments?post=11750"}],"version-history":[{"count":5,"href":"https:\/\/secureus.se\/es\/wp-json\/wp\/v2\/pages\/11750\/revisions"}],"predecessor-version":[{"id":163184,"href":"https:\/\/secureus.se\/es\/wp-json\/wp\/v2\/pages\/11750\/revisions\/163184"}],"wp:attachment":[{"href":"https:\/\/secureus.se\/es\/wp-json\/wp\/v2\/media?parent=11750"}],"curies":[{"name":"wp","href":"https:\/\/api.w.org\/{rel}","templated":true}]}}