{"id":11824,"date":"2022-06-10T13:34:03","date_gmt":"2022-06-10T11:34:03","guid":{"rendered":"https:\/\/secureus.se\/?page_id=11824"},"modified":"2026-03-10T16:12:37","modified_gmt":"2026-03-10T15:12:37","slug":"om-secureus","status":"publish","type":"page","link":"https:\/\/secureus.se\/es\/om-secureus\/","title":{"rendered":"Acerca de SECUREUS"},"content":{"rendered":"<div class=\"wpb-content-wrapper\"><div class=\"vc_row wpb_row vc_row-fluid\"><div class=\"wpb_column vc_column_container vc_col-sm-8\"><div class=\"vc_column-inner\"><div class=\"wpb_wrapper\">\n\t<div class=\"wpb_text_column wpb_content_element\" >\n\t\t<div class=\"wpb_wrapper\">\n\t\t\t<h3><strong>Sobre nosotros<br \/>\n<\/strong><\/h3>\n<p data-start=\"2744\" data-end=\"2810\">Fundada en Suecia \u2022 Almac\u00e9n en Alings\u00e5s \u2022 M\u00e1s de 500 rese\u00f1as verificadas en Trustpilot<\/p>\n<p><strong>Bienvenido a Secureus.se: \u00a1su socio para seguridad y protecci\u00f3n!<\/strong><\/p>\n<h3><strong>\u00bfPor qu\u00e9 los clientes eligen Secureus?<\/strong><\/h3>\n<p>\u2022 <strong data-start=\"1240\" data-end=\"1304\">M\u00e1s de 500 rese\u00f1as de clientes verificadas: calificaci\u00f3n de 4.8\/5 en Trustpilot.<br \/>\n<\/strong>\u2022 Entregas r\u00e1pidas desde <strong data-start=\"1886\" data-end=\"1911\">Almac\u00e9n propio en Alings\u00e5s<\/strong><br data-start=\"1911\" data-end=\"1914\" \/>\u2022 Amplia gama de productos de seguridad para <strong data-start=\"1958\" data-end=\"1988\">empresas y particulares<\/strong><br data-start=\"1988\" data-end=\"1991\" \/>\u2022 Soporte personal a trav\u00e9s de <strong data-start=\"2015\" data-end=\"2037\">tel\u00e9fono y correo electr\u00f3nico<\/strong><\/p>\n<p>Secureus es una empresa sueca de comercio electr\u00f3nico especializada en productos de seguridad. Distribuimos productos de seguridad a empresas y particulares en toda Suecia y varios pa\u00edses de Europa. Ofrecemos una amplia gama de productos de alta calidad, incluyendo sistemas de alarma, cerraduras, detectores de humo, videovigilancia y alarmas antirrobo. Nuestro objetivo es que la seguridad sea f\u00e1cil, segura y accesible para todos, sin costes innecesarios.<\/p>\n<p>Nuestra sede se encuentra en Alings\u00e5s, donde tambi\u00e9n est\u00e1n ubicados nuestro almac\u00e9n y oficina central. Desde aqu\u00ed, realizamos env\u00edos r\u00e1pidos y eficientes, no solo dentro de Suecia, sino tambi\u00e9n a varios pa\u00edses de Europa. Con m\u00e1s de 900 productos en stock, podemos ofrecer entregas r\u00e1pidas y ayudar tanto a particulares como a empresas a encontrar la soluci\u00f3n de seguridad adecuada.<\/p>\n\n\t\t<\/div>\n\t<\/div>\n<\/div><\/div><\/div><div class=\"wpb_column vc_column_container vc_col-sm-4\"><div class=\"vc_column-inner\"><div class=\"wpb_wrapper\"><\/div><\/div><\/div><\/div><div class=\"vc_row wpb_row vc_row-fluid\"><div class=\"wpb_column vc_column_container vc_col-sm-12\"><div class=\"vc_column-inner\"><div class=\"wpb_wrapper\">\n\t<div class=\"wpb_text_column wpb_content_element\" >\n\t\t<div class=\"wpb_wrapper\">\n\t\t\t<h3><strong>\u00bfPor qu\u00e9 elegir Secureus?<\/strong><\/h3>\n<ul>\n<li><strong>Alta calidad<\/strong>Nos asociamos con proveedores l\u00edderes para garantizar las \u00faltimas tecnolog\u00edas y los mejores productos del mercado.<\/li>\n<li><strong>Flexibilidad<\/strong>:Ofrecemos soluciones personalizadas con grabado l\u00e1ser, impresi\u00f3n y programaci\u00f3n, perfectas para empresas y organizaciones.<\/li>\n<li><strong>Entregas r\u00e1pidas<\/strong>Nuestra eficiente gesti\u00f3n de almac\u00e9n nos permite realizar entregas r\u00e1pidas tanto a Suecia como al resto de Europa.<\/li>\n<li><strong>Servicio personalizado<\/strong>:Independientemente de si es un cliente privado o corporativo, siempre recibir\u00e1 ayuda r\u00e1pida y experta. Respondemos a los correos electr\u00f3nicos a m\u00e1s tardar el siguiente d\u00eda h\u00e1bil.<\/li>\n<\/ul>\n<h3><strong>Nuestra filosof\u00eda<\/strong><\/h3>\n<p>En Secureus, valoramos la seguridad y la simplicidad. Ya sea que compre un producto individual o realice un gran pedido corporativo, usted es igualmente importante para nosotros. Nuestra ambici\u00f3n es que cada compra con nosotros sea fluida y le brinde una sensaci\u00f3n de seguridad y calidad.<\/p>\n<hr \/>\n<h3><strong>Colaboraciones y compromisos<\/strong><\/h3>\n<p data-start=\"721\" data-end=\"847\">Secureus es miembro de la red de socios de IFK Gotemburgo. <strong data-start=\"771\" data-end=\"785\">Club 1904<\/strong> y ser\u00e1 visible en <strong data-start=\"810\" data-end=\"846\">Gamla Ullevi durante la temporada 2026<\/strong>.<\/p>\n<p data-start=\"849\" data-end=\"948\">Este compromiso forma parte de nuestro enfoque en la presencia regional y el fortalecimiento de las relaciones en el oeste de Suecia.<\/p>\n<p><img decoding=\"async\" class=\"alignnone wp-image-163069\" src=\"https:\/\/secureus.se\/wp-content\/uploads\/2026\/03\/ifkgbg_1904.png\" alt=\"\" width=\"149\" height=\"147\" srcset=\"https:\/\/secureus.se\/wp-content\/uploads\/2026\/03\/ifkgbg_1904.png 904w, https:\/\/secureus.se\/wp-content\/uploads\/2026\/03\/ifkgbg_1904-768x756.png 768w, https:\/\/secureus.se\/wp-content\/uploads\/2026\/03\/ifkgbg_1904-12x12.png 12w, https:\/\/secureus.se\/wp-content\/uploads\/2026\/03\/ifkgbg_1904-350x345.png 350w, https:\/\/secureus.se\/wp-content\/uploads\/2026\/03\/ifkgbg_1904-100x100.png 100w, https:\/\/secureus.se\/wp-content\/uploads\/2026\/03\/ifkgbg_1904-64x63.png 64w\" sizes=\"(max-width: 149px) 100vw, 149px\" \/><\/p>\n<p data-start=\"1332\" data-end=\"1355\"><strong data-start=\"1332\" data-end=\"1355\">Informaci\u00f3n de la empresa<\/strong><\/p>\n<p data-start=\"1417\" data-end=\"1488\">Secureus Sweden AB<br data-start=\"1436\" data-end=\"1439\" \/>Calle Meadow Guard 29<br data-start=\"1458\" data-end=\"1461\" \/>441 38 Alings\u00e5s<br data-start=\"1476\" data-end=\"1479\" \/>Suecia<\/p>\n<p data-start=\"1490\" data-end=\"1533\">ID corporativo: 559189-7383<br data-start=\"1509\" data-end=\"1512\" \/>IVA: SE559189738301<\/p>\n<p data-start=\"1535\" data-end=\"1579\">\ud83d\udcde +46 31 70 70 201<br data-start=\"1554\" data-end=\"1557\" \/>\u2709 <a class=\"decorated-link\" href=\"mailto:secureus@secureus.se\" rel=\"noopener\" data-start=\"1559\" data-end=\"1579\">secureus@secureus.se<\/a><\/p>\n<hr \/>\n<h3><strong>Cont\u00e1ctanos<\/strong><\/h3>\n<p>Cont\u00e1ctenos hoy para obtener ayuda con sus necesidades de seguridad. \u00a1Estamos aqu\u00ed para usted!<\/p>\n\n\t\t<\/div>\n\t<\/div>\n<\/div><\/div><\/div><\/div>\n<\/div>","protected":false},"excerpt":{"rendered":"Om oss Grundat i Sverige \u2022 Lager i Alings\u00e5s \u2022 500+ verifierade Trustpilot-omd\u00f6men V\u00e4lkommen till Secureus.se \u2013 Din partner f\u00f6r s\u00e4kerhet och trygghet! D\u00e4rf\u00f6r v\u00e4ljer kunder Secureus \u2022 500+ verifierade","protected":false},"author":1,"featured_media":0,"parent":0,"menu_order":0,"comment_status":"closed","ping_status":"closed","template":"","meta":{"_acf_changed":false,"footnotes":""},"class_list":["post-11824","page","type-page","status-publish","hentry"],"acf":[],"_links":{"self":[{"href":"https:\/\/secureus.se\/es\/wp-json\/wp\/v2\/pages\/11824","targetHints":{"allow":["GET"]}}],"collection":[{"href":"https:\/\/secureus.se\/es\/wp-json\/wp\/v2\/pages"}],"about":[{"href":"https:\/\/secureus.se\/es\/wp-json\/wp\/v2\/types\/page"}],"author":[{"embeddable":true,"href":"https:\/\/secureus.se\/es\/wp-json\/wp\/v2\/users\/1"}],"replies":[{"embeddable":true,"href":"https:\/\/secureus.se\/es\/wp-json\/wp\/v2\/comments?post=11824"}],"version-history":[{"count":11,"href":"https:\/\/secureus.se\/es\/wp-json\/wp\/v2\/pages\/11824\/revisions"}],"predecessor-version":[{"id":163073,"href":"https:\/\/secureus.se\/es\/wp-json\/wp\/v2\/pages\/11824\/revisions\/163073"}],"wp:attachment":[{"href":"https:\/\/secureus.se\/es\/wp-json\/wp\/v2\/media?parent=11824"}],"curies":[{"name":"wp","href":"https:\/\/api.w.org\/{rel}","templated":true}]}}