{"id":82981,"date":"2023-09-05T11:23:42","date_gmt":"2023-09-05T09:23:42","guid":{"rendered":"https:\/\/secureus.se\/?page_id=82981"},"modified":"2025-09-17T14:06:09","modified_gmt":"2025-09-17T12:06:09","slug":"frakt-leverans","status":"publish","type":"page","link":"https:\/\/secureus.se\/es\/frakt-leverans\/","title":{"rendered":"Env\u00edo y entrega"},"content":{"rendered":"<div class=\"wpb-content-wrapper\"><div class=\"vc_row wpb_row vc_row-fluid\"><div class=\"wpb_column vc_column_container vc_col-sm-12\"><div class=\"vc_column-inner\"><div class=\"wpb_wrapper\">\n\t<div class=\"wpb_text_column wpb_content_element\" >\n\t\t<div class=\"wpb_wrapper\">\n\t\t\t<h2 id=\"h-snabbt-smidigt-och-sakert-fran-bestallning-till-leverans\" class=\"wp-block-heading\"><strong>R\u00e1pido, fluido y seguro: desde el pedido hasta la entrega<\/strong><\/h2>\n<p>Ofrecemos env\u00edos sin complicaciones y opciones de env\u00edo gratuito para todos los pedidos superiores a 1000 SEK dentro de Suecia. La mayor\u00eda de los pedidos se entregan en 1 o 2 d\u00edas* (aunque a veces pueden tardar hasta cuatro d\u00edas, dependiendo del m\u00e9todo de env\u00edo elegido y la empresa de transporte; *aplicable a art\u00edculos en stock).<\/p>\n<h3 id=\"h-sa-har-fungerar-det-fran-kop-till-leverans\" class=\"wp-block-heading\"><strong>As\u00ed funciona desde la compra hasta la entrega.<\/strong><\/h3>\n<ol class=\"wp-block-list\">\n<li style=\"list-style-type: none;\">\n<ol>\n<li>Una vez que haya agregado sus productos a su carrito, tal vez junto con algo nuevo que desee probar, vaya a la caja para realizar su pedido.<\/li>\n<li>Una vez realizado el pedido, recibir\u00e1 una confirmaci\u00f3n del pedido por correo electr\u00f3nico. A trav\u00e9s de tu cuenta de cliente (si tienes una) podr\u00e1s ver tus pedidos en un listado.<\/li>\n<li>Su pedido ser\u00e1 recogido y embalado en nuestro almac\u00e9n. Cuando su pedido est\u00e9 empacado, recibir\u00e1 un nuevo correo electr\u00f3nico que indica que su pedido est\u00e1 &quot;completado&quot; y que tambi\u00e9n contiene un enlace que facilita el seguimiento de su tan esperada entrega.<\/li>\n<li>Posteriormente, el pedido es recogido por la empresa de env\u00edo seleccionada y comienza su viaje hacia usted seg\u00fan la opci\u00f3n elegida.<\/li>\n<li>Si has elegido entrega a domicilio en tu puerta o entrega en un punto de servicio, recibir\u00e1s un SMS\/correo electr\u00f3nico con m\u00e1s informaci\u00f3n sobre la entrega. Los pedidos entregados a los agentes deben recogerse dentro de los 14 d\u00edas.<\/li>\n<\/ol>\n<\/li>\n<\/ol>\n<h3 id=\"h-de-har-fraktsatten-erbjuder-vi\" class=\"wp-block-heading\"><strong>Ofrecemos estos m\u00e9todos de env\u00edo<\/strong><\/h3>\n<p><a href=\"https:\/\/secureus.se\/es\/\">Secureus.se<\/a> Entrega paquetes con DHL y PostNord. Las opciones de env\u00edo que se le ofrecen dependen de d\u00f3nde viva y de lo que est\u00e9 comprando.<\/p>\n<ul class=\"wp-block-list\">\n<li style=\"list-style-type: none;\">\n<ul>\n<li>\u00bfQuieres la entrega en tu buz\u00f3n o puerta de casa? Entonces t\u00fa eliges <strong>Correo PostNord<\/strong>. Entrega todos los d\u00edas de la semana. Si el buz\u00f3n est\u00e1 lleno, el paquete se dejar\u00e1 fuera de la puerta. En algunos casos la entrega puede realizarse a trav\u00e9s de un agente. No es posible realizar cambios en la entrega mientras \u00e9sta est\u00e9 en proceso.<\/li>\n<li>\u00bfQuieres recoger tu pedido con un agente? Luego puedes elegir <strong>Punto de servicio\/Agente de DHL<\/strong>.<\/li>\n<li>\u00bfEres una empresa y quieres recibirlo en tus instalaciones? Seleccionar <strong>Paquete comercial de DHL<\/strong><\/li>\n<\/ul>\n<\/li>\n<\/ul>\n<p><strong>Carta de mercanc\u00edas\/carta de paquete de PostNord:<\/strong><\/p>\n<ul class=\"wp-block-list\">\n<li style=\"list-style-type: none;\">\n<ul>\n<li>Funciona para pedidos peque\u00f1os que se pueden dejar en el buz\u00f3n. En algunos casos, el tama\u00f1o del buz\u00f3n, la caja fuerte o el buz\u00f3n de objetos personales puede obligar a que estos env\u00edos se entreguen a domicilio. Si el buz\u00f3n est\u00e1 lleno, el paquete tambi\u00e9n se dejar\u00e1 en la puerta. Si el env\u00edo se deja en la puerta, recibir\u00e1 un SMS o correo electr\u00f3nico cuando se haya entregado. En algunos casos, la entrega puede realizarse a trav\u00e9s de un agente. No es posible realizar cambios durante el proceso de entrega. Lamentablemente, el correo postal no tiene seguimiento; este m\u00e9todo a veces se puede utilizar para campa\u00f1as o para art\u00edculos muy peque\u00f1os. Entrega todos los d\u00edas laborables. <em>Haga su pedido antes de las 10 am. 14, su entrega normalmente se enviar\u00e1 el mismo d\u00eda (aplica para art\u00edculos en stock y d\u00edas laborables*)!<\/em><\/li>\n<\/ul>\n<\/li>\n<\/ul>\n<p>Puede encontrar la p\u00e1gina de seguimiento de PostNord aqu\u00ed.\u00a0<a href=\"https:\/\/www.postnord.se\/vara-verktyg\/spara-brev-paket-och-pall\" rel=\"noopener\">AQU\u00cd<\/a>.<\/p>\n<p><!-- \/wp:post-content --><!-- \/wp:list --><\/p>\n<p><!-- wp:paragraph --><strong>Punto de servicio\/Entrega del agente de DHL<\/strong><\/p>\n<p><!-- \/wp:paragraph --><\/p>\n<p><!-- wp:list --><\/p>\n<ul>\n<li style=\"list-style-type: none;\">\n<ul><!-- wp:list-item --><\/p>\n<li>Cuando su paquete llegue a la oficina del agente, recibir\u00e1 un SMS al n\u00famero de m\u00f3vil que proporcion\u00f3 al realizar el pedido. Tenga en cuenta que debe presentar un documento de identidad v\u00e1lido al recoger su pedido. Entrega al d\u00eda siguiente en gran parte de Suecia. <em>Haz tu pedido antes de las 14h y tu pedido se enviar\u00e1 normalmente el mismo d\u00eda (aplica para art\u00edculos en stock y d\u00edas laborables*).<\/em>\n<p>Puede encontrar la p\u00e1gina de seguimiento de DHL aqu\u00ed. <a href=\"https:\/\/www.dhl.com\/se-sv\/home\/vara-divisioner\/paket\/privatkund\/tracking-parcel.html\" rel=\"noopener\">AQU\u00cd<\/a>.<\/p>\n<\/li>\n<\/ul>\n<\/li>\n<\/ul>\n<p><!-- \/wp:list-item --><!-- \/wp:list --><!-- \/wp:list-item --><!-- \/wp:list --><\/p>\n<p><!-- wp:paragraph --><strong>Paquete comercial de DHL<\/strong><\/p>\n<p><!-- \/wp:paragraph --><\/p>\n<p><!-- wp:list --><\/p>\n<ul>\n<li style=\"list-style-type: none;\">\n<ul><!-- wp:list-item --><\/p>\n<li>Ofrecemos paquetes comerciales de DHL directamente a su domicilio. Entrega al d\u00eda siguiente en gran parte de Suecia.\n<p>SIMPLE, FLEXIBLE Y CONFIABLE<br \/>\u2022 Calidad de entrega l\u00edder en el mercado<br \/>\u2022 Entrega al d\u00eda siguiente en la mayor\u00eda de las ubicaciones.<br \/>\u2022 Trazabilidad completa<br \/>\u2022 Puerta a puerta<br \/>\u2022 Recogida diaria, flexible o programada<br \/>\u2022 Servicio de paqueter\u00eda para empresas.<\/p>\n<p><em>Haga su pedido antes de las 14:00 horas y su env\u00edo normalmente se realizar\u00e1 el mismo d\u00eda (aplica para art\u00edculos en stock y d\u00edas laborables*).<\/em><\/p>\n<p>Puede encontrar la p\u00e1gina de seguimiento de DHL aqu\u00ed. <a href=\"https:\/\/www.dhl.com\/se-sv\/home\/vara-divisioner\/paket\/privatkund\/tracking-parcel.html\" rel=\"noopener\">AQU\u00cd<\/a>.<\/p>\n<\/li>\n<\/ul>\n<\/li>\n<\/ul>\n<p><!-- \/wp:list-item --><!-- \/wp:list --><\/p>\n<p><!-- wp:paragraph -->* Los d\u00edas laborables previos a festivos podr\u00edan verse afectados por una hora l\u00edmite de entrega m\u00e1s temprana. Tambi\u00e9n podr\u00edan producirse variaciones en d\u00edas con gran afluencia de pedidos. Si tiene un art\u00edculo personalizado, el plazo de entrega estimado suele estar indicado en el producto. Para conocer el plazo de entrega exacto, p\u00f3ngase en contacto con nosotros.<\/p>\n<p><!-- \/wp:paragraph --><\/p>\n<p><!-- wp:heading {\"level\":3} --><\/p>\n<h3 id=\"h-har-din-bostad-en-portkod-eller-porttelefon\" class=\"wp-block-heading\"><strong>\u00bfSu casa tiene c\u00f3digo de puerta o intercomunicador?<\/strong><\/h3>\n<p><!-- \/wp:heading --><\/p>\n<p><!-- wp:paragraph -->Es importante entonces que ingreses el c\u00f3digo del puerto para que el paquete pueda ser entregado. (\u00a1Sin embargo, esto solo se aplica si eliges la entrega a domicilio!) Completa el c\u00f3digo de puerto en el mensaje que te env\u00eda la empresa de transporte antes de la entrega.<\/p>\n<p><!-- \/wp:paragraph --><\/p>\n<p><!-- wp:heading {\"level\":3} --><\/p>\n<h3 id=\"h-ovrigt-om-vara-fraktsatt-och-leveranser\" class=\"wp-block-heading\"><strong>Otra informaci\u00f3n sobre nuestros m\u00e9todos de env\u00edo y entregas<\/strong><\/h3>\n<p><!-- \/wp:heading --><\/p>\n<p><!-- wp:paragraph -->Secureus realiza entregas a direcciones en Suecia y pa\u00edses n\u00f3rdicos, etc. Si vive fuera de Suecia, la forma m\u00e1s sencilla es contactarnos para la entrega.<\/p>\n<p><!-- \/wp:paragraph --><\/p>\n<p><!-- wp:paragraph -->Para los pedidos realizados durante los d\u00edas festivos, el plazo de entrega se calcula a partir del primer d\u00eda laborable siguiente a la finalizaci\u00f3n del mismo.<\/p>\n<p><!-- \/wp:paragraph --><\/p>\n<p><!-- wp:paragraph -->Los paquetes que hayan sido entregados a los agentes ser\u00e1n devueltos a Secureus si no han sido recogidos dentro de los 14 d\u00edas posteriores a la notificaci\u00f3n de la llegada de la entrega. Normalmente siempre avisan el d\u00eda antes de devolverlo. Lamentablemente, en secureus.se debemos cobrar una tarifa de 99 SEK por los costes adicionales de administraci\u00f3n, env\u00edo de devoluci\u00f3n y manipulaci\u00f3n. Los paquetes no reclamados normalmente no se consideran un ejercicio del derecho de desistimiento.<\/p>\n<p><!-- \/wp:paragraph --><\/p>\n<p><!-- wp:paragraph -->Puede, en casos excepcionales, suceder que un env\u00edo se realice a un representante que usted no seleccion\u00f3 al momento de realizar el pago. Generalmente esto se debe a que el agente que has elegido est\u00e1 completo y, por lo tanto, la empresa de transporte ha reordenado la entrega. Luego puede comunicarse con nosotros al Servicio de atenci\u00f3n al cliente y le pediremos a la empresa de env\u00edo que mueva el paquete al agente correcto. Lamentablemente, un traslado de este tipo puede tardar hasta cinco d\u00edas h\u00e1biles.<\/p>\n<p><!-- \/wp:paragraph --><\/p>\n<p><!-- wp:paragraph --><a href=\"https:\/\/minprilla.se\/\" rel=\"noopener\"><br \/><\/a><a href=\"https:\/\/secureus.se\/es\/shop\/\">Empieza a comprar<\/a><\/p>\n<p><!-- \/wp:paragraph --><\/p>\n<p>&nbsp;<\/p>\n\n\t\t<\/div>\n\t<\/div>\n<\/div><\/div><\/div><\/div><\/div>","protected":false},"excerpt":{"rendered":"Snabbt, smidigt och s\u00e4kert \u2013 fr\u00e5n best\u00e4llning till leverans Vi erbjuder smidig frakt &amp; leverans och fritt fraktalternativ f\u00f6r alla ordrar \u00f6ver 1000 SEK inom Sverige. De flesta best\u00e4llningarna levereras","protected":false},"author":1,"featured_media":0,"parent":0,"menu_order":0,"comment_status":"closed","ping_status":"closed","template":"","meta":{"_acf_changed":false,"footnotes":""},"class_list":["post-82981","page","type-page","status-publish","hentry"],"acf":[],"_links":{"self":[{"href":"https:\/\/secureus.se\/es\/wp-json\/wp\/v2\/pages\/82981","targetHints":{"allow":["GET"]}}],"collection":[{"href":"https:\/\/secureus.se\/es\/wp-json\/wp\/v2\/pages"}],"about":[{"href":"https:\/\/secureus.se\/es\/wp-json\/wp\/v2\/types\/page"}],"author":[{"embeddable":true,"href":"https:\/\/secureus.se\/es\/wp-json\/wp\/v2\/users\/1"}],"replies":[{"embeddable":true,"href":"https:\/\/secureus.se\/es\/wp-json\/wp\/v2\/comments?post=82981"}],"version-history":[{"count":0,"href":"https:\/\/secureus.se\/es\/wp-json\/wp\/v2\/pages\/82981\/revisions"}],"wp:attachment":[{"href":"https:\/\/secureus.se\/es\/wp-json\/wp\/v2\/media?parent=82981"}],"curies":[{"name":"wp","href":"https:\/\/api.w.org\/{rel}","templated":true}]}}