{"id":100322,"date":"2024-10-21T09:36:52","date_gmt":"2024-10-21T07:36:52","guid":{"rendered":"https:\/\/secureus.se\/?post_type=product&#038;p=100322"},"modified":"2026-04-15T16:11:00","modified_gmt":"2026-04-15T14:11:00","slug":"batteri-2-3-ah-agm-ackumulator","status":"publish","type":"product","link":"https:\/\/secureus.se\/es\/batteri-2-3-ah-agm-ackumulator\/","title":{"rendered":"Bater\u00eda UPLUS de 12 V y 2,3 Ah, versi\u00f3n Pro, para ni\u00f1os de 6 a 9 a\u00f1os."},"content":{"rendered":"<h1>Bater\u00eda 2,3 Ah UPLUS 6-9 a\u00f1os \u2013 Perfecta para uso en interiores<\/h1>\n<p>Este <strong>bater\u00eda 2,3 Ah<\/strong> est\u00e1 dise\u00f1ado para ambientes interiores de clase 1 con una temperatura ambiente entre +5\u00b0C y +40\u00b0C. Para optimizar la vida \u00fatil de la bater\u00eda, se recomienda una temperatura de +15 \u00b0C a +25 \u00b0C. Este <strong>bater\u00eda 2,3 Ah<\/strong> No necesita mantenimiento y utiliza tecnolog\u00eda AGM, lo que lo hace confiable y f\u00e1cil de manejar.<\/p>\n<h3>Informaci\u00f3n del producto:<\/h3>\n<ul>\n<li><strong>Tipo de bater\u00eda:<\/strong> Bater\u00eda AGM de 12 V sin mantenimiento<\/li>\n<li><strong>Capacidad a 20\u00b0C:<\/strong> 2,24 Ah<\/li>\n<li><strong>Voltaje de carga por celda:<\/strong> 13,65 VCC +\/- 0,2 V<\/li>\n<li><strong>Corriente de carga m\u00e1xima recomendada:<\/strong> 0,69 A<\/li>\n<li><strong>Autodescarga durante el almacenamiento:<\/strong> 3 % de capacidad al mes a 20\u00b0C<\/li>\n<li><strong>Esperanza de vida:<\/strong> 9 a\u00f1os a 20\u00b0C, 6 a\u00f1os a 25\u00b0C y 3 a\u00f1os a 30\u00b0C<\/li>\n<li><strong>Dimensiones:<\/strong> 178 x 35 x 66 mm<\/li>\n<li><strong>Peso:<\/strong> 1 kilogramo<\/li>\n<\/ul>\n<p>Este <strong>bater\u00eda 2,3 Ah<\/strong> Tiene certificaci\u00f3n CE y cumple con las directivas aplicables como EMC 2014\/30EU y emisiones EN61000-6. Con entrega r\u00e1pida en solo 2 d\u00edas y una garant\u00eda de 12 meses a partir de la fecha de producci\u00f3n, puede estar seguro de su compra.<\/p>\n<p>La bater\u00eda se suministra con conectores de clavija plana de 4,8 mm.<\/p>","protected":false},"excerpt":{"rendered":"<p><strong>Bater\u00eda UPLUS 2.3 AGM 12V 6-9 A\u00f1os de duraci\u00f3n<\/strong><\/p>\n<p>La bater\u00eda UPLUS USL12-2.3 AGM ofrece alto rendimiento y larga vida \u00fatil para aplicaciones exigentes. Con una capacidad de 2,3 Ah y tecnolog\u00eda AGM, esta bater\u00eda no necesita mantenimiento y es fiable para aplicaciones industriales.<\/p>","protected":false},"featured_media":135875,"template":"","meta":{"_acf_changed":false},"product_brand":[],"product_cat":[1596],"product_tag":[2179],"class_list":{"0":"post-100322","1":"product","2":"type-product","3":"status-publish","4":"has-post-thumbnail","6":"product_cat-ackumulatorer-12v-agm-batterier","7":"product_tag-batteri-1-6-ah-2","8":"product_shipping_class-tunga-paket","9":"pa_brands-uplus","10":"tm-no-options","12":"first","13":"instock","14":"sale","15":"featured","16":"taxable","17":"shipping-taxable","18":"purchasable","19":"product-type-simple"},"acf":[],"_links":{"self":[{"href":"https:\/\/secureus.se\/es\/wp-json\/wp\/v2\/product\/100322","targetHints":{"allow":["GET"]}}],"collection":[{"href":"https:\/\/secureus.se\/es\/wp-json\/wp\/v2\/product"}],"about":[{"href":"https:\/\/secureus.se\/es\/wp-json\/wp\/v2\/types\/product"}],"wp:featuredmedia":[{"embeddable":true,"href":"https:\/\/secureus.se\/es\/wp-json\/wp\/v2\/media\/135875"}],"wp:attachment":[{"href":"https:\/\/secureus.se\/es\/wp-json\/wp\/v2\/media?parent=100322"}],"wp:term":[{"taxonomy":"product_brand","embeddable":true,"href":"https:\/\/secureus.se\/es\/wp-json\/wp\/v2\/product_brand?post=100322"},{"taxonomy":"product_cat","embeddable":true,"href":"https:\/\/secureus.se\/es\/wp-json\/wp\/v2\/product_cat?post=100322"},{"taxonomy":"product_tag","embeddable":true,"href":"https:\/\/secureus.se\/es\/wp-json\/wp\/v2\/product_tag?post=100322"}],"curies":[{"name":"wp","href":"https:\/\/api.w.org\/{rel}","templated":true}]}}