{"id":107533,"date":"2024-11-04T14:55:49","date_gmt":"2024-11-04T13:55:49","guid":{"rendered":"https:\/\/secureus.se\/?post_type=product&#038;p=107533"},"modified":"2026-01-06T21:07:10","modified_gmt":"2026-01-06T20:07:10","slug":"dorrklocka-med-kamera-tuya-smart","status":"publish","type":"product","link":"https:\/\/secureus.se\/es\/dorrklocka-med-kamera-tuya-smart\/","title":{"rendered":"Timbre con c\u00e1mara \u2013 WiFi de doble banda \u2013 Inal\u00e1mbrico y bater\u00eda de larga duraci\u00f3n"},"content":{"rendered":"<p>Obtenga control total sobre la entrada a su hogar con este timbre con c\u00e1mara, dise\u00f1ado para vigilancia y seguridad inteligente. Con <strong>compatibilidad con WiFi de doble banda<\/strong> (2,4 Ghz\/5 Ghz) obtienes una conexi\u00f3n estable y r\u00e1pida, perfecta para hogares con m\u00faltiples dispositivos de red. Esto garantiza una conexi\u00f3n confiable sin interrupciones, incluso en entornos con uso intensivo de la red.<\/p>\n<p><strong>Principales caracter\u00edsticas y beneficios:<\/strong><\/p>\n<ul>\n<li><strong>WiFi de doble banda (2,4G\/5G):<\/strong> Flexibilidad para conectarse a redes de 2,4 GHz y 5 GHz para una conexi\u00f3n m\u00e1s r\u00e1pida y estable.<\/li>\n<li><strong>Amplio \u00e1ngulo de visi\u00f3n de 155\u00b0:<\/strong> Este timbre cubre un \u00e1rea m\u00e1s grande alrededor de la puerta, proporcionando una vista m\u00e1s amplia y mayor seguridad.<\/li>\n<li><strong>Bater\u00eda de larga duraci\u00f3n:<\/strong> Con dos bater\u00edas 21700, obtienes hasta 8 meses de tiempo de espera, lo que reduce la necesidad de carga frecuente.<\/li>\n<li><strong>Resistencia a la temperatura:<\/strong> Soporta condiciones duras con un rango de temperatura de -20\u00b0C a +50\u00b0C, ideal para climas n\u00f3rdicos.<\/li>\n<li><strong>Timbre interior inal\u00e1mbrico incluido:<\/strong> Para una f\u00e1cil audibilidad en interiores, lo que significa que no se perder\u00e1 ninguna visita.<\/li>\n<\/ul>\n<p><strong>Uso y funcionalidad:<\/strong><\/p>\n<p>Conecte el timbre a la aplicaci\u00f3n Tuya para recibir transmisi\u00f3n de video y notificaciones directamente en su tel\u00e9fono inteligente. Podr\u00e1s responder a las visitas y ver qui\u00e9n est\u00e1 en la puerta en tiempo real, incluso cuando no est\u00e1s en casa. Con funciones de seguridad avanzadas y tecnolog\u00eda inteligente, esta es la soluci\u00f3n perfecta para cualquiera que quiera un monitoreo f\u00e1cil y una entrada segura al hogar.<\/p>\n<p><strong>Especificaciones t\u00e9cnicas:<\/strong><\/p>\n<ul>\n<li><strong>Resoluci\u00f3n:<\/strong> Full HD 1080p<\/li>\n<li><strong>Campo de visi\u00f3n:<\/strong> \u00c1ngulo de visi\u00f3n de 160\u00b0<\/li>\n<li><strong>Bater\u00edas:<\/strong> 2 bater\u00edas 21700 (tiempo de espera prolongado)<\/li>\n<li><strong>Temperatura:<\/strong> -20\u00b0C a +50\u00b0C<\/li>\n<li><strong>Impermeabilidad:<\/strong> IP65 para uso duradero en exteriores<\/li>\n<li><strong>Wi-Fi:<\/strong> Doble banda (2,4G\/5G)<\/li>\n<li><strong>Incluye:<\/strong> Timbre inal\u00e1mbrico interior<\/li>\n<li><strong>Compatibilidad:<\/strong> Aplicaci\u00f3n inteligente Tuya para control remoto y notificaciones<\/li>\n<\/ul>","protected":false},"excerpt":{"rendered":"<p>Con este timbre inteligente con c\u00e1mara, obtienes un amplio \u00e1ngulo de visi\u00f3n, bater\u00eda de larga duraci\u00f3n y f\u00e1cil instalaci\u00f3n a trav\u00e9s de WiFi. Equipado con banda dual 2.4G\/5GHz para una conectividad \u00f3ptima, este es un timbre perfecto para uso tanto en interiores como en exteriores. Conectado a trav\u00e9s de la aplicaci\u00f3n Tuya, proporciona acceso directo a monitoreo de video en tiempo real y notificaciones inteligentes.<\/p>","protected":false},"featured_media":133952,"template":"","meta":{"_acf_changed":false},"product_brand":[],"product_cat":[3228,4180,4766,3371],"product_tag":[],"class_list":{"0":"post-107533","1":"product","2":"type-product","3":"status-publish","4":"has-post-thumbnail","6":"product_cat-dorrklockor","7":"product_cat-ringklocka-med-kamera","8":"product_cat-smart-dorrklocka","9":"product_cat-titthal-och-dorrogon","10":"pa_brands-securex","11":"tm-no-options","13":"first","14":"outofstock","15":"sale","16":"taxable","17":"shipping-taxable","18":"purchasable","19":"product-type-simple"},"acf":[],"_links":{"self":[{"href":"https:\/\/secureus.se\/es\/wp-json\/wp\/v2\/product\/107533","targetHints":{"allow":["GET"]}}],"collection":[{"href":"https:\/\/secureus.se\/es\/wp-json\/wp\/v2\/product"}],"about":[{"href":"https:\/\/secureus.se\/es\/wp-json\/wp\/v2\/types\/product"}],"wp:featuredmedia":[{"embeddable":true,"href":"https:\/\/secureus.se\/es\/wp-json\/wp\/v2\/media\/133952"}],"wp:attachment":[{"href":"https:\/\/secureus.se\/es\/wp-json\/wp\/v2\/media?parent=107533"}],"wp:term":[{"taxonomy":"product_brand","embeddable":true,"href":"https:\/\/secureus.se\/es\/wp-json\/wp\/v2\/product_brand?post=107533"},{"taxonomy":"product_cat","embeddable":true,"href":"https:\/\/secureus.se\/es\/wp-json\/wp\/v2\/product_cat?post=107533"},{"taxonomy":"product_tag","embeddable":true,"href":"https:\/\/secureus.se\/es\/wp-json\/wp\/v2\/product_tag?post=107533"}],"curies":[{"name":"wp","href":"https:\/\/api.w.org\/{rel}","templated":true}]}}