{"id":107840,"date":"2024-11-05T09:32:05","date_gmt":"2024-11-05T08:32:05","guid":{"rendered":"https:\/\/secureus.se\/?post_type=product&#038;p=107840"},"modified":"2026-04-09T10:09:45","modified_gmt":"2026-04-09T08:09:45","slug":"dorrhandtag-trycke-6638-40-75mm-mirus-mattsvart-assa-abloy","status":"publish","type":"product","link":"https:\/\/secureus.se\/es\/dorrhandtag-trycke-6638-40-75mm-mirus-mattsvart-assa-abloy\/","title":{"rendered":"Manija de puerta 6638 40-75 mm Mirus Negro Mate \u2013 Assa Abloy"},"content":{"rendered":"<p>ASSA ABLOY 6638 es una manija de puerta con caracter\u00edsticas tanto del barroco como del rococ\u00f3, pero se ha simplificado para adaptarse a una arquitectura que tiene formas menos curvas. 6638 es el t\u00edpico \u201cestampado de villa\u201d y es parte de la serie ASSA ABLOY Classic. Adecuado para puertas exteriores, puertas de entrada y puertas interiores con cerraduras modulares.<\/p>\n<p><b>Caracter\u00edsticas:<\/b><\/p>\n<ul>\n<li>Material: lat\u00f3n<\/li>\n<li>Tratamiento de superficie: Mirus PVD<\/li>\n<li>Resorte de retorno que alivia el resorte del remero de la carcasa de la cerradura y ayuda a que la presi\u00f3n permanezca en una posici\u00f3n horizontal.<\/li>\n<li>Roseta: \u00d8 52 mm.<\/li>\n<li>Se adapta a la carcasa de la cerradura del m\u00f3dulo Connect\/Classic<\/li>\n<li>No se adapta a la carcasa de la cerradura ABLOY 2014 ni a la cerradura de puerta interior equivalente.<\/li>\n<li>Entrega est\u00e1ndar adaptada para espesores de puerta de 40-75 mm.<\/li>\n<li>Pasador de empuje y tornillo reemplazables para diferentes espesores de puerta.<\/li>\n<li>Fijaci\u00f3n mediante tornillos continuos que refuerzan la puerta.<\/li>\n<\/ul>\n<div><\/div>\n<div><\/div>\n<div><b>Tratamiento de superficies MIRUS:<\/b><\/div>\n<div>\n<ul>\n<li>Muy resistente al desgaste.<\/li>\n<li>Mantiene su hermoso acabado durante mucho tiempo.<\/li>\n<li>Tiene una larga vida \u00fatil<\/li>\n<li>Tiene alta resistencia a los ara\u00f1azos.<\/li>\n<li>Es especialmente adecuado en entornos costeros.<\/li>\n<\/ul>\n<\/div>\n<div><\/div>\n<div><b>El paquete contiene:<\/b><\/div>\n<div>\n<ul>\n<li>2 piezas Mitades de bot\u00f3n pulsador (manijas).<\/li>\n<li>2 piezas Tornillos de presi\u00f3n M5. (Tornillo moleteado)<\/li>\n<li>2 piezas Juntas t\u00f3ricas.<\/li>\n<li>2 piezas Tuerca de casquillo M5.<\/li>\n<li>2 piezas Chinchetas 8x8x102 mm y 8x8x120 mm.<\/li>\n<\/ul>\n<\/div>","protected":false},"excerpt":{"rendered":"<p>ASSA ABLOY 6638 es una manija de puerta con caracter\u00edsticas tanto del barroco como del rococ\u00f3, pero se ha simplificado para adaptarse a una arquitectura que tiene formas menos curvas. 6638 es<\/p>","protected":false},"featured_media":135858,"template":"","meta":{"_acf_changed":false},"product_brand":[],"product_cat":[4124,4125],"product_tag":[],"class_list":{"0":"post-107840","1":"product","2":"type-product","3":"status-publish","4":"has-post-thumbnail","6":"product_cat-dorrhandtag-innerdorr","7":"product_cat-dorrhandtag-ytterdorr","8":"pa_brands-abloy","9":"tm-no-options","11":"first","12":"instock","13":"sale","14":"taxable","15":"shipping-taxable","16":"purchasable","17":"product-type-simple"},"acf":[],"_links":{"self":[{"href":"https:\/\/secureus.se\/es\/wp-json\/wp\/v2\/product\/107840","targetHints":{"allow":["GET"]}}],"collection":[{"href":"https:\/\/secureus.se\/es\/wp-json\/wp\/v2\/product"}],"about":[{"href":"https:\/\/secureus.se\/es\/wp-json\/wp\/v2\/types\/product"}],"wp:featuredmedia":[{"embeddable":true,"href":"https:\/\/secureus.se\/es\/wp-json\/wp\/v2\/media\/135858"}],"wp:attachment":[{"href":"https:\/\/secureus.se\/es\/wp-json\/wp\/v2\/media?parent=107840"}],"wp:term":[{"taxonomy":"product_brand","embeddable":true,"href":"https:\/\/secureus.se\/es\/wp-json\/wp\/v2\/product_brand?post=107840"},{"taxonomy":"product_cat","embeddable":true,"href":"https:\/\/secureus.se\/es\/wp-json\/wp\/v2\/product_cat?post=107840"},{"taxonomy":"product_tag","embeddable":true,"href":"https:\/\/secureus.se\/es\/wp-json\/wp\/v2\/product_tag?post=107840"}],"curies":[{"name":"wp","href":"https:\/\/api.w.org\/{rel}","templated":true}]}}