{"id":108268,"date":"2024-11-06T14:55:39","date_gmt":"2024-11-06T13:55:39","guid":{"rendered":"https:\/\/secureus.se\/?post_type=product&#038;p=108268"},"modified":"2026-04-23T21:43:38","modified_gmt":"2026-04-23T19:43:38","slug":"ljuslist-20cm-led-lampa-rorelsesensor-garderobsbelysning","status":"publish","type":"product","link":"https:\/\/secureus.se\/es\/ljuslist-20cm-led-lampa-rorelsesensor-garderobsbelysning\/","title":{"rendered":"Tira de luces LED de 20 cm con sensor de movimiento: iluminaci\u00f3n perfecta para armarios y gabinetes."},"content":{"rendered":"<p>La tira de luz LED de 20 CM con sensor de movimiento est\u00e1 dise\u00f1ada para proporcionar una iluminaci\u00f3n discreta y efectiva en armarios, gabinetes y otros espacios de dif\u00edcil acceso. Con su longitud compacta de 20 cm y su dise\u00f1o delgado, se integra en la mayor\u00eda de los entornos y ocupa un espacio m\u00ednimo.<\/p>\n<p><strong>Caracter\u00edsticas y beneficios:<\/strong><\/p>\n<ul>\n<li><strong>Sensor de movimiento<\/strong>:Se enciende autom\u00e1ticamente cuando se detecta movimiento y se apaga despu\u00e9s de un tiempo, ahorrando energ\u00eda.<\/li>\n<li><strong>Tecnolog\u00eda LED<\/strong>:Larga vida \u00fatil y bajo consumo energ\u00e9tico.<\/li>\n<li><strong>F\u00e1cil de instalar<\/strong>:Equipado con montaje magn\u00e9tico, lo que facilita la fijaci\u00f3n de la tira de luz sin tornillos ni cables.<\/li>\n<li><strong>Carga USB<\/strong>:Recargable a trav\u00e9s de USB, por lo que no es necesario cambiar pilas. Respetuoso con el medio ambiente.<\/li>\n<li><strong>Perfecto para iluminaci\u00f3n de armarios y gabinetes.<\/strong>:Ideal para espacios peque\u00f1os donde se necesita iluminaci\u00f3n pero las l\u00e1mparas regulares no son pr\u00e1cticas.<\/li>\n<\/ul>\n<p><strong>Especificaciones t\u00e9cnicas:<\/strong><\/p>\n<ul>\n<li><strong>Longitud<\/strong>:20 cm<\/li>\n<li><strong>Distancia de detecci\u00f3n<\/strong>:Hasta 3 metros<\/li>\n<li><strong>\u00c1ngulo del sensor de movimiento<\/strong>:120 grados<\/li>\n<li><strong>Color claro<\/strong>:Elige entre iluminaci\u00f3n c\u00e1lida o fr\u00eda<\/li>\n<li><strong>Capacidad de la bater\u00eda<\/strong>:600 mAh, dura hasta 30 d\u00edas con una sola carga (en modo sensor)<\/li>\n<li><strong>Material<\/strong>:Aluminio + PC<\/li>\n<li><strong>Puerto de carga<\/strong>:USB tipo C<\/li>\n<li><strong>El paquete incluye:<\/strong> 1 tira de luz, 2 placas de montaje magn\u00e9ticas, cable de carga USB-C, manual<\/li>\n<\/ul>\n<p>Con esta tira de luz podr\u00e1s mejorar f\u00e1cilmente la iluminaci\u00f3n de tus armarios y gabinetes y hacerlos m\u00e1s pr\u00e1cticos y energ\u00e9ticamente eficientes. Ya sea que est\u00e9 buscando iluminaci\u00f3n para gabinetes o desee una luz LED con sensor de movimiento para otros espacios oscuros, esta tira de luz es la elecci\u00f3n perfecta.<\/p>","protected":false},"excerpt":{"rendered":"<p>Una tira de luz flexible y de bajo consumo de 20 cm con luces LED y un sensor de movimiento incorporado. Perfecto para armarios, gabinetes y otros espacios donde se necesita iluminaci\u00f3n adicional. Se enciende autom\u00e1ticamente cuando se detecta movimiento, lo que lo hace ideal para espacios oscuros. F\u00e1cil de instalar con montaje magn\u00e9tico y carga USB.<\/p>","protected":false},"featured_media":134798,"template":"","meta":{"_acf_changed":false},"product_brand":[],"product_cat":[4181],"product_tag":[],"class_list":{"0":"post-108268","1":"product","2":"type-product","3":"status-publish","4":"has-post-thumbnail","6":"product_cat-belysning","7":"product_shipping_class-postnord-varubrev","8":"pa_brands-secureus","9":"tm-no-options","11":"first","12":"instock","13":"sale","14":"taxable","15":"shipping-taxable","16":"purchasable","17":"product-type-simple"},"acf":[],"_links":{"self":[{"href":"https:\/\/secureus.se\/es\/wp-json\/wp\/v2\/product\/108268","targetHints":{"allow":["GET"]}}],"collection":[{"href":"https:\/\/secureus.se\/es\/wp-json\/wp\/v2\/product"}],"about":[{"href":"https:\/\/secureus.se\/es\/wp-json\/wp\/v2\/types\/product"}],"wp:featuredmedia":[{"embeddable":true,"href":"https:\/\/secureus.se\/es\/wp-json\/wp\/v2\/media\/134798"}],"wp:attachment":[{"href":"https:\/\/secureus.se\/es\/wp-json\/wp\/v2\/media?parent=108268"}],"wp:term":[{"taxonomy":"product_brand","embeddable":true,"href":"https:\/\/secureus.se\/es\/wp-json\/wp\/v2\/product_brand?post=108268"},{"taxonomy":"product_cat","embeddable":true,"href":"https:\/\/secureus.se\/es\/wp-json\/wp\/v2\/product_cat?post=108268"},{"taxonomy":"product_tag","embeddable":true,"href":"https:\/\/secureus.se\/es\/wp-json\/wp\/v2\/product_tag?post=108268"}],"curies":[{"name":"wp","href":"https:\/\/api.w.org\/{rel}","templated":true}]}}