{"id":108281,"date":"2026-01-30T14:48:29","date_gmt":"2026-01-30T13:48:29","guid":{"rendered":"https:\/\/secureus.se\/?post_type=product&#038;p=108281"},"modified":"2026-03-24T15:45:44","modified_gmt":"2026-03-24T14:45:44","slug":"ljuslist-40cm-led-lampa-med-rorelsesensor-perfekt-garderobsbelysning-och-skapbelysning","status":"publish","type":"product","link":"https:\/\/secureus.se\/es\/ljuslist-40cm-led-lampa-med-rorelsesensor-perfekt-garderobsbelysning-och-skapbelysning\/","title":{"rendered":"Tira de luces LED de 40 cm con sensor de movimiento: iluminaci\u00f3n perfecta para armarios y gabinetes."},"content":{"rendered":"<p>Esta tira de luces LED de 40 cm con sensor de movimiento es la soluci\u00f3n perfecta para iluminar armarios, alacenas u otros espacios oscuros. Su dise\u00f1o ultradelgado permite que se integre f\u00e1cilmente y ocupe un espacio m\u00ednimo, mientras que sus sensores avanzados garantizan que la luz se active solo cuando sea necesario. Con brillo ajustable, crea el ambiente ideal para cada ocasi\u00f3n.<\/p>\n<p><strong>Caracter\u00edsticas y beneficios:<\/strong><\/p>\n<ul>\n<li><strong>Sensor de movimiento con sensibilidad a la luz:<\/strong> Se enciende autom\u00e1ticamente cuando se detecta movimiento cuando la luz ambiental es oscura y se apaga cuando no hay nadie cerca.<\/li>\n<li><strong>Dise\u00f1o delgado y elegante:<\/strong> Hecho de aluminio duradero y material de PC, perfecto para una colocaci\u00f3n discreta.<\/li>\n<li><strong>Brillo ajustable:<\/strong> Al presionar prolongadamente el bot\u00f3n se ajusta el brillo para que obtengas exactamente la luz que deseas.<\/li>\n<li><strong>Bater\u00eda de larga duraci\u00f3n:<\/strong> Bater\u00eda de litio de 1100 mAh que dura hasta 30 d\u00edas en modo sensor. Se puede cargar m\u00e1s de 500 veces a trav\u00e9s de USB-C.<\/li>\n<li><strong>Instalaci\u00f3n flexible:<\/strong> F\u00e1cil montaje con soportes magn\u00e9ticos. Se fija f\u00e1cilmente a la superficie deseada con placas autoadhesivas.<\/li>\n<\/ul>\n<p><strong>Presupuesto:<\/strong><\/p>\n<ul>\n<li><strong>Tama\u00f1o del producto:<\/strong> 40<em>1.2<\/em>400 mm<\/li>\n<li><strong>Material:<\/strong> Aluminio<\/li>\n<li><strong>Carga USB:<\/strong> Tipo C<\/li>\n<li><strong>Capacidad de la bater\u00eda:<\/strong> bater\u00eda de litio de 1500 mAh<\/li>\n<li><strong>N\u00famero de luces LED:<\/strong> 70 piezas<\/li>\n<li><strong>Distancia de detecci\u00f3n:<\/strong> Hasta 3 metros, con un \u00e1ngulo de inducci\u00f3n de 120\u00b0<\/li>\n<li><strong>Color de la luz:<\/strong> Caliente o fr\u00edo (seleccionable)<\/li>\n<li><strong>El paquete incluye:<\/strong> 1 tira de luz, 2 placas de montaje magn\u00e9ticas, cable de carga USB-C, manual<\/li>\n<\/ul>\n<p><strong>\u00c1reas de uso:<\/strong><br \/>\nPerfecto para armarios, gabinetes, cocinas, s\u00f3tanos y otros espacios que necesitan luz adicional. Tambi\u00e9n se puede utilizar en oficinas en casa o como iluminaci\u00f3n nocturna gracias a su brillo ajustable y sensor de movimiento.<\/p>\n<p><strong>Ventajas de la tira de luz de 40CM:<\/strong><\/p>\n<ul>\n<li>Iluminaci\u00f3n m\u00e1s amplia que los modelos m\u00e1s peque\u00f1os, gracias a los 40 cm de longitud y a las 70 luces LED.<\/li>\n<li>Mayor capacidad de bater\u00eda (1500 mAh), lo que proporciona un tiempo de uso m\u00e1s prolongado entre cargas.<\/li>\n<li>Adecuado para espacios m\u00e1s grandes que requieren m\u00e1s luz.<\/li>\n<\/ul>","protected":false},"excerpt":{"rendered":"<p>Tira de luz ultrafina y potente de 40CM con sensor de movimiento, ideal para armarios, alacenas y otros espacios donde se necesita una iluminaci\u00f3n extra. Equipado con 70 luces LED para una iluminaci\u00f3n fuerte y uniforme y brillo ajustable. F\u00e1cil instalaci\u00f3n con soporte magn\u00e9tico y carga USB.<\/p>","protected":false},"featured_media":134784,"template":"","meta":{"_acf_changed":false},"product_brand":[],"product_cat":[4181],"product_tag":[],"class_list":{"0":"post-108281","1":"product","2":"type-product","3":"status-publish","4":"has-post-thumbnail","6":"product_cat-belysning","7":"product_shipping_class-tunga-paket","8":"pa_brands-secureus","9":"tm-no-options","11":"first","12":"instock","13":"sale","14":"featured","15":"taxable","16":"shipping-taxable","17":"purchasable","18":"product-type-simple"},"acf":[],"_links":{"self":[{"href":"https:\/\/secureus.se\/es\/wp-json\/wp\/v2\/product\/108281","targetHints":{"allow":["GET"]}}],"collection":[{"href":"https:\/\/secureus.se\/es\/wp-json\/wp\/v2\/product"}],"about":[{"href":"https:\/\/secureus.se\/es\/wp-json\/wp\/v2\/types\/product"}],"wp:featuredmedia":[{"embeddable":true,"href":"https:\/\/secureus.se\/es\/wp-json\/wp\/v2\/media\/134784"}],"wp:attachment":[{"href":"https:\/\/secureus.se\/es\/wp-json\/wp\/v2\/media?parent=108281"}],"wp:term":[{"taxonomy":"product_brand","embeddable":true,"href":"https:\/\/secureus.se\/es\/wp-json\/wp\/v2\/product_brand?post=108281"},{"taxonomy":"product_cat","embeddable":true,"href":"https:\/\/secureus.se\/es\/wp-json\/wp\/v2\/product_cat?post=108281"},{"taxonomy":"product_tag","embeddable":true,"href":"https:\/\/secureus.se\/es\/wp-json\/wp\/v2\/product_tag?post=108281"}],"curies":[{"name":"wp","href":"https:\/\/api.w.org\/{rel}","templated":true}]}}