{"id":108818,"date":"2022-11-21T17:14:14","date_gmt":"2022-11-21T16:14:14","guid":{"rendered":"https:\/\/secureus.se\/powermaster-pm-360r-control-visonic\/"},"modified":"2026-04-23T13:33:08","modified_gmt":"2026-04-23T11:33:08","slug":"visonic-powermaster-360r-centralenhet-tradlos","status":"publish","type":"product","link":"https:\/\/secureus.se\/es\/visonic-powermaster-360r-centralenhet-tradlos\/","title":{"rendered":"Unidad central Visonic PowerMaster 360R - 4G, Wi-Fi y Ethernet"},"content":{"rendered":"<h3 data-start=\"771\" data-end=\"836\"><strong data-start=\"771\" data-end=\"834\">Visonic PowerMaster 360R: la soluci\u00f3n de seguridad completa<\/strong><\/h3>\n<p data-start=\"838\" data-end=\"1096\">Visonic PowerMaster 360R es una unidad central avanzada que combina <strong data-start=\"907\" data-end=\"937\">seguridad y dom\u00f3tica<\/strong> en un solo sistema.<br data-start=\"956\" data-end=\"959\" \/>Con soporte integrado para <strong data-start=\"980\" data-end=\"1006\">4G, Wi-Fi y Ethernet<\/strong> y la tecnolog\u00eda PowerG, obtienes una soluci\u00f3n confiable y flexible tanto para el hogar como para el negocio.<\/p>\n<p data-start=\"1098\" data-end=\"1500\"><strong data-start=\"1100\" data-end=\"1120\">Integraci\u00f3n completa<\/strong> \u2013 soporte para m\u00e1s de 120 dispositivos, incluidas c\u00e1maras, sensores y controles remotos.<br data-start=\"1198\" data-end=\"1201\" \/><strong data-start=\"1203\" data-end=\"1223\">F\u00e1cil de usar<\/strong> \u2013 Pantalla t\u00e1ctil y control remoto mediante aplicaci\u00f3n m\u00f3vil.<br data-start=\"1266\" data-end=\"1269\" \/><strong data-start=\"1271\" data-end=\"1291\">La seguridad en el punto de mira<\/strong> \u2013 Tecnolog\u00eda PowerG con encriptaci\u00f3n AES-128 para m\u00e1xima seguridad.<br data-start=\"1352\" data-end=\"1355\" \/><strong data-start=\"1357\" data-end=\"1375\">dom\u00f3tica<\/strong> \u2013 compatible con dispositivos Z-Wave y conexi\u00f3n Wi-Fi.<br data-start=\"1429\" data-end=\"1432\" \/><strong data-start=\"1434\" data-end=\"1452\">Seguridad operacional<\/strong> \u2013 sirena incorporada y 12 horas de bater\u00eda de respaldo.<\/p>\n<p data-start=\"1502\" data-end=\"1619\">Perfecto para hogares y peque\u00f1as y medianas empresas, el PowerMaster 360R ofrece protecci\u00f3n robusta y control perfecto.<\/p>\n<h4 data-start=\"1621\" data-end=\"1824\"><strong data-start=\"1621\" data-end=\"1655\">Compatibilidad y actualizaci\u00f3n:<\/strong><\/h4>\n<p data-start=\"1621\" data-end=\"1824\">\u00bfYa tienes un Powermaster 10 o est\u00e1s pensando en actualizarlo? El PowerMaster 360R es compatible con todos los dispositivos inal\u00e1mbricos. <strong data-start=\"1764\" data-end=\"1792\">Productos Visonic PowerG<\/strong>Esto facilita la transici\u00f3n. Tenga en cuenta que este es un cambio para Suecia y Europa. Si tiene dispositivos del Reino Unido, EE. UU. o de fuera de Europa, estos no son compatibles con la versi\u00f3n para la UE.<\/p>\n<p>&nbsp;<\/p>","protected":false},"excerpt":{"rendered":"<p>El Visonic PowerMaster 360R es un completo panel de control inal\u00e1mbrico con compatibilidad integrada con 4G, Wi-Fi y Ethernet. Combina seguridad avanzada con dom\u00f3tica y es compatible con m\u00e1s de 120 dispositivos.<\/p>","protected":false},"featured_media":141330,"template":"","meta":{"_acf_changed":false},"product_brand":[],"product_cat":[3374],"product_tag":[2330],"class_list":{"0":"post-108818","1":"product","2":"type-product","3":"status-publish","4":"has-post-thumbnail","6":"product_cat-visonic-centralenhet-panel","7":"product_tag-visonic-manoverpanel","8":"product_shipping_class-tunga-paket","9":"pa_brands-5visonic","10":"tm-no-options","12":"first","13":"instock","14":"sale","15":"taxable","16":"shipping-taxable","17":"purchasable","18":"product-type-simple"},"acf":[],"_links":{"self":[{"href":"https:\/\/secureus.se\/es\/wp-json\/wp\/v2\/product\/108818","targetHints":{"allow":["GET"]}}],"collection":[{"href":"https:\/\/secureus.se\/es\/wp-json\/wp\/v2\/product"}],"about":[{"href":"https:\/\/secureus.se\/es\/wp-json\/wp\/v2\/types\/product"}],"wp:featuredmedia":[{"embeddable":true,"href":"https:\/\/secureus.se\/es\/wp-json\/wp\/v2\/media\/141330"}],"wp:attachment":[{"href":"https:\/\/secureus.se\/es\/wp-json\/wp\/v2\/media?parent=108818"}],"wp:term":[{"taxonomy":"product_brand","embeddable":true,"href":"https:\/\/secureus.se\/es\/wp-json\/wp\/v2\/product_brand?post=108818"},{"taxonomy":"product_cat","embeddable":true,"href":"https:\/\/secureus.se\/es\/wp-json\/wp\/v2\/product_cat?post=108818"},{"taxonomy":"product_tag","embeddable":true,"href":"https:\/\/secureus.se\/es\/wp-json\/wp\/v2\/product_tag?post=108818"}],"curies":[{"name":"wp","href":"https:\/\/api.w.org\/{rel}","templated":true}]}}