{"id":109210,"date":"2024-11-08T16:24:59","date_gmt":"2024-11-08T15:24:59","guid":{"rendered":"https:\/\/secureus.se\/lashus-414-z\/"},"modified":"2026-04-23T12:01:11","modified_gmt":"2026-04-23T10:01:11","slug":"lashus-414-z","status":"publish","type":"product","link":"https:\/\/secureus.se\/es\/lashus-414-z\/","title":{"rendered":"Carcasa de cerradura 414 Z"},"content":{"rendered":"<p>\nABLOY 414 se utiliza para puertas interiores, as\u00ed como para puertas de ba\u00f1os y aseos, tanto en viviendas particulares como en oficinas. Se utiliza tanto en construcciones nuevas como en el mercado de reposici\u00f3n.<br \/>\n<br \/>\n<b><br \/><\/b><\/p>\n<div><b>Caracter\u00edsticas:<\/b><\/p>\n<ul>\n<li>Profundidad del mandril: 45 mm<\/li>\n<li>Dimensiones del poste de bloqueo: 20\u00d7150 mm<\/li>\n<li>Dimensiones del hueco seg\u00fan la norma sueca SS 81 73 82<\/li>\n<li>Se puede cerrar con llave o manija del inodoro y llave antip\u00e1nico\/destornillador.<\/li>\n<li>Se adapta tanto a puertas derechas como izquierdas.<\/li>\n<li>Reversible derecha\/izquierda tirando y girando el pist\u00f3n 180\u00b0<\/li>\n<li>Se puede equipar con etiquetas para llaves o art\u00edculos de tocador.<\/li>\n<\/ul>\n<p><b>El paquete contiene<\/b><\/p>\n<ul>\n<li>1 pieza caja de cerradura.<\/li>\n<li>1 pieza placa final.<\/li>\n<li>1 pieza llave.<\/li>\n<li>4 piezas tornillos.<\/li>\n<\/ul>\n<\/div>","protected":false},"excerpt":{"rendered":"<p>ABLOY 414 se utiliza para puertas interiores, as\u00ed como para puertas de ba\u00f1os y aseos, tanto en viviendas particulares como en oficinas. Se utiliza tanto en construcciones nuevas como en el mercado de reposici\u00f3n. Propiedades: Profundidad del mandril: 45 mm Dimensiones del poste de bloqueo: 20\u00d7150 mm Dimensiones del hueco seg\u00fan<\/p>","protected":false},"featured_media":134695,"template":"","meta":{"_acf_changed":false},"product_brand":[],"product_cat":[2969],"product_tag":[4190,4102,4191,4192,4099],"class_list":{"0":"post-109210","1":"product","2":"type-product","3":"status-publish","4":"has-post-thumbnail","6":"product_cat-innerdorrlas","7":"product_tag-dorndjup-45mm","8":"product_tag-hoger","9":"product_tag-lasstolpe-20x150mm","10":"product_tag-slutbleck-ingar","11":"product_tag-vanster","12":"pa_brands-abloy","13":"tm-no-options","15":"first","16":"instock","17":"sale","18":"taxable","19":"shipping-taxable","20":"purchasable","21":"product-type-simple"},"acf":[],"_links":{"self":[{"href":"https:\/\/secureus.se\/es\/wp-json\/wp\/v2\/product\/109210","targetHints":{"allow":["GET"]}}],"collection":[{"href":"https:\/\/secureus.se\/es\/wp-json\/wp\/v2\/product"}],"about":[{"href":"https:\/\/secureus.se\/es\/wp-json\/wp\/v2\/types\/product"}],"wp:featuredmedia":[{"embeddable":true,"href":"https:\/\/secureus.se\/es\/wp-json\/wp\/v2\/media\/134695"}],"wp:attachment":[{"href":"https:\/\/secureus.se\/es\/wp-json\/wp\/v2\/media?parent=109210"}],"wp:term":[{"taxonomy":"product_brand","embeddable":true,"href":"https:\/\/secureus.se\/es\/wp-json\/wp\/v2\/product_brand?post=109210"},{"taxonomy":"product_cat","embeddable":true,"href":"https:\/\/secureus.se\/es\/wp-json\/wp\/v2\/product_cat?post=109210"},{"taxonomy":"product_tag","embeddable":true,"href":"https:\/\/secureus.se\/es\/wp-json\/wp\/v2\/product_tag?post=109210"}],"curies":[{"name":"wp","href":"https:\/\/api.w.org\/{rel}","templated":true}]}}