{"id":109212,"date":"2024-11-08T16:24:59","date_gmt":"2024-11-08T15:24:59","guid":{"rendered":"https:\/\/secureus.se\/lashus-2016-galv\/"},"modified":"2026-04-23T12:01:00","modified_gmt":"2026-04-23T10:01:00","slug":"lashus-2016-galv","status":"publish","type":"product","link":"https:\/\/secureus.se\/es\/lashus-2016-galv\/","title":{"rendered":"Lockhouse 2016 Galv"},"content":{"rendered":"<p>\nABLOY 2016 es una cerradura de cilindro para puertas interiores en los sectores de oficinas y residencial, en obra nueva y en el mercado de reposici\u00f3n.<\/p>\n<div><\/div>\n<div><b>Caracter\u00edsticas:<\/b><\/p>\n<ul>\n<li>Profundidad del mandril: 45 mm<\/li>\n<li>Dimensiones del poste de la cerradura: 20\u00d7150 mm<\/li>\n<li>La regla recta tiene un saliente de 14 mm.<\/li>\n<li>Caja reversible para puertas batientes derecha e izquierda<\/li>\n<li>Dimensiones del hueco seg\u00fan la norma sueca SS 81 73 82.<\/li>\n<li>Adaptado para cilindro escandinavo.<\/li>\n<li>El modelo 2016 se acciona con llave desde el exterior y con llave o pomo desde el interior.<\/li>\n<\/ul>\n<\/div>\n<div><b>Funci\u00f3n:<\/b><br \/>Se acciona con llave desde el exterior y con llave o pomo desde el interior.<\/div>\n<div><\/div>\n<div><\/div>","protected":false},"excerpt":{"rendered":"<p>ABLOY 2016 \u00e4r ett cylinderl\u00e5s f\u00f6r innerd\u00f6rrar inom kontor- och bostadssektorn, vid nybyggnation och utbytesmarknad. Egenskaper: Dorndjup: 45 mm L\u00e5sstolpensm\u00e5tt: 20&#215;150 mm Den raka regeln har ett utspr\u00e5ng p\u00e5 14<\/p>","protected":false},"featured_media":134907,"template":"","meta":{"_acf_changed":false},"product_brand":[],"product_cat":[2969],"product_tag":[4190,4102,4191,4189,4099],"class_list":{"0":"post-109212","1":"product","2":"type-product","3":"status-publish","4":"has-post-thumbnail","6":"product_cat-innerdorrlas","7":"product_tag-dorndjup-45mm","8":"product_tag-hoger","9":"product_tag-lasstolpe-20x150mm","10":"product_tag-slutbleck-ingar-inte","11":"product_tag-vanster","12":"pa_brands-abloy","13":"tm-no-options","15":"first","16":"instock","17":"sale","18":"taxable","19":"shipping-taxable","20":"purchasable","21":"product-type-simple"},"acf":[],"_links":{"self":[{"href":"https:\/\/secureus.se\/es\/wp-json\/wp\/v2\/product\/109212","targetHints":{"allow":["GET"]}}],"collection":[{"href":"https:\/\/secureus.se\/es\/wp-json\/wp\/v2\/product"}],"about":[{"href":"https:\/\/secureus.se\/es\/wp-json\/wp\/v2\/types\/product"}],"wp:featuredmedia":[{"embeddable":true,"href":"https:\/\/secureus.se\/es\/wp-json\/wp\/v2\/media\/134907"}],"wp:attachment":[{"href":"https:\/\/secureus.se\/es\/wp-json\/wp\/v2\/media?parent=109212"}],"wp:term":[{"taxonomy":"product_brand","embeddable":true,"href":"https:\/\/secureus.se\/es\/wp-json\/wp\/v2\/product_brand?post=109212"},{"taxonomy":"product_cat","embeddable":true,"href":"https:\/\/secureus.se\/es\/wp-json\/wp\/v2\/product_cat?post=109212"},{"taxonomy":"product_tag","embeddable":true,"href":"https:\/\/secureus.se\/es\/wp-json\/wp\/v2\/product_tag?post=109212"}],"curies":[{"name":"wp","href":"https:\/\/api.w.org\/{rel}","templated":true}]}}