{"id":109218,"date":"2024-11-08T16:24:59","date_gmt":"2024-11-08T15:24:59","guid":{"rendered":"https:\/\/secureus.se\/lashus-4249-med-slutbleck-1-nyckel-gul-epoxy\/"},"modified":"2026-04-08T15:31:14","modified_gmt":"2026-04-08T13:31:14","slug":"lashus-4249-med-slutbleck-1-nyckel-gul-epoxy","status":"publish","type":"product","link":"https:\/\/secureus.se\/es\/lashus-4249-med-slutbleck-1-nyckel-gul-epoxy\/","title":{"rendered":"Caja de cerradura 4249 con placa de impacto, 1 llave, epoxi amarillo"},"content":{"rendered":"<p>\nLa carcasa de cerradura 4249 es una cerradura de gancho y pestillo para puertas correderas ligeras y puertas de acorde\u00f3n en los sectores de oficinas y viviendas en obra nueva y en el mercado de reposici\u00f3n. Se suministra con llave y placa de cierre 4662.<\/p>\n<div><\/div>\n<div><b>Caracter\u00edsticas:<\/b><\/p>\n<ul>\n<li>Profundidad del mandril: 45 mm<\/li>\n<li>Dimensiones del poste de bloqueo: 20\u00d7150 mm<\/li>\n<li>Dimensiones del hueco seg\u00fan la norma sueca SS 81 73 82<\/li>\n<li>Se puede cerrar con llave o manija del inodoro y llave antip\u00e1nico\/destornillador.<\/li>\n<li>Se adapta tanto a puertas de mano derecha como de mano izquierda.<\/li>\n<li>Compatible, entre otros, con los accesorios de ba\u00f1o LH0341<\/li>\n<\/ul>\n<\/div>\n<div><b>Funci\u00f3n:<\/b><\/p>\n<ul>\n<li>ABLOY 4249 se acciona con llave desde el interior y el exterior, o con pomo desde el interior y llave antip\u00e1nico o destornillador desde el exterior.<\/li>\n<\/ul>\n<\/div>","protected":false},"excerpt":{"rendered":"<p>La carcasa de cerradura 4249 es una cerradura de gancho y pestillo para puertas correderas ligeras y puertas de acorde\u00f3n en los sectores de oficinas y viviendas en obra nueva y en el mercado de reposici\u00f3n. Se suministra con llave y placa de cierre 4662. Caracter\u00edsticas: Profundidad del mandril: 45 mm Poste de bloqueo<\/p>","protected":false},"featured_media":134898,"template":"","meta":{"_acf_changed":false},"product_brand":[],"product_cat":[2969],"product_tag":[4190,4102,4191,4192,4099],"class_list":{"0":"post-109218","1":"product","2":"type-product","3":"status-publish","4":"has-post-thumbnail","6":"product_cat-innerdorrlas","7":"product_tag-dorndjup-45mm","8":"product_tag-hoger","9":"product_tag-lasstolpe-20x150mm","10":"product_tag-slutbleck-ingar","11":"product_tag-vanster","12":"pa_brands-abloy","13":"tm-no-options","15":"first","16":"instock","17":"taxable","18":"shipping-taxable","19":"purchasable","20":"product-type-simple"},"acf":[],"_links":{"self":[{"href":"https:\/\/secureus.se\/es\/wp-json\/wp\/v2\/product\/109218","targetHints":{"allow":["GET"]}}],"collection":[{"href":"https:\/\/secureus.se\/es\/wp-json\/wp\/v2\/product"}],"about":[{"href":"https:\/\/secureus.se\/es\/wp-json\/wp\/v2\/types\/product"}],"wp:featuredmedia":[{"embeddable":true,"href":"https:\/\/secureus.se\/es\/wp-json\/wp\/v2\/media\/134898"}],"wp:attachment":[{"href":"https:\/\/secureus.se\/es\/wp-json\/wp\/v2\/media?parent=109218"}],"wp:term":[{"taxonomy":"product_brand","embeddable":true,"href":"https:\/\/secureus.se\/es\/wp-json\/wp\/v2\/product_brand?post=109218"},{"taxonomy":"product_cat","embeddable":true,"href":"https:\/\/secureus.se\/es\/wp-json\/wp\/v2\/product_cat?post=109218"},{"taxonomy":"product_tag","embeddable":true,"href":"https:\/\/secureus.se\/es\/wp-json\/wp\/v2\/product_tag?post=109218"}],"curies":[{"name":"wp","href":"https:\/\/api.w.org\/{rel}","templated":true}]}}