{"id":109221,"date":"2024-11-08T16:24:59","date_gmt":"2024-11-08T15:24:59","guid":{"rendered":"https:\/\/secureus.se\/lashus-2014-med-nyckel-gul-epoxy\/"},"modified":"2026-04-08T15:27:16","modified_gmt":"2026-04-08T13:27:16","slug":"lashus-2014-med-nyckel-gul-epoxy","status":"publish","type":"product","link":"https:\/\/secureus.se\/es\/lashus-2014-med-nyckel-gul-epoxy\/","title":{"rendered":"Estuche de cerradura 2014 con llave epoxi amarilla"},"content":{"rendered":"<div>ABLOY 2014 es una carcasa de cerradura ideal para puertas interiores, as\u00ed como para puertas de ba\u00f1os y aseos, tanto en viviendas particulares como en oficinas. 2014 es la cerradura de puerta interior m\u00e1s com\u00fan y se utiliza tanto en construcciones nuevas como en el mercado de reemplazo. Viene con una llave.<\/div>\n<div><\/div>\n<div><b>Caracter\u00edsticas:<\/b><\/div>\n<div>\n<ul>\n<li>Profundidad del mandril: 45 mm<\/li>\n<li>Dimensiones del poste de bloqueo: 20\u00d7150 mm<\/li>\n<li>Cerraduras con llave o manija de ba\u00f1o y llave antip\u00e1nico\/destornillador.<\/li>\n<li>Se adapta tanto a puertas de mano derecha como de mano izquierda.<\/li>\n<li>Reversible derecha\/izquierda tirando y girando el pist\u00f3n 180\u00b0<\/li>\n<li>Se adapta a la mayor\u00eda de las puertas interiores m\u00e1s nuevas.<\/li>\n<li>Dimensiones del hueco seg\u00fan la norma sueca SS 81 73 82<\/li>\n<\/ul>\n<\/div>","protected":false},"excerpt":{"rendered":"<p>ABLOY 2014 es una carcasa de cerradura ideal para puertas interiores, as\u00ed como para puertas de ba\u00f1os y aseos, tanto en viviendas particulares como en oficinas. 2014 es la cerradura de puerta interior m\u00e1s com\u00fan y se utiliza tanto en construcciones nuevas como<\/p>","protected":false},"featured_media":134749,"template":"","meta":{"_acf_changed":false},"product_brand":[],"product_cat":[2969],"product_tag":[4190,4102,4191,4189,4099],"class_list":{"0":"post-109221","1":"product","2":"type-product","3":"status-publish","4":"has-post-thumbnail","6":"product_cat-innerdorrlas","7":"product_tag-dorndjup-45mm","8":"product_tag-hoger","9":"product_tag-lasstolpe-20x150mm","10":"product_tag-slutbleck-ingar-inte","11":"product_tag-vanster","12":"pa_brands-abloy","13":"tm-no-options","15":"first","16":"instock","17":"sale","18":"taxable","19":"shipping-taxable","20":"purchasable","21":"product-type-simple"},"acf":[],"_links":{"self":[{"href":"https:\/\/secureus.se\/es\/wp-json\/wp\/v2\/product\/109221","targetHints":{"allow":["GET"]}}],"collection":[{"href":"https:\/\/secureus.se\/es\/wp-json\/wp\/v2\/product"}],"about":[{"href":"https:\/\/secureus.se\/es\/wp-json\/wp\/v2\/types\/product"}],"wp:featuredmedia":[{"embeddable":true,"href":"https:\/\/secureus.se\/es\/wp-json\/wp\/v2\/media\/134749"}],"wp:attachment":[{"href":"https:\/\/secureus.se\/es\/wp-json\/wp\/v2\/media?parent=109221"}],"wp:term":[{"taxonomy":"product_brand","embeddable":true,"href":"https:\/\/secureus.se\/es\/wp-json\/wp\/v2\/product_brand?post=109221"},{"taxonomy":"product_cat","embeddable":true,"href":"https:\/\/secureus.se\/es\/wp-json\/wp\/v2\/product_cat?post=109221"},{"taxonomy":"product_tag","embeddable":true,"href":"https:\/\/secureus.se\/es\/wp-json\/wp\/v2\/product_tag?post=109221"}],"curies":[{"name":"wp","href":"https:\/\/api.w.org\/{rel}","templated":true}]}}