{"id":109233,"date":"2024-11-08T16:24:59","date_gmt":"2024-11-08T15:24:59","guid":{"rendered":"https:\/\/secureus.se\/lashus-polaris-2xt-50-nyckel-polerad-massing\/"},"modified":"2026-04-08T15:27:07","modified_gmt":"2026-04-08T13:27:07","slug":"lashus-polaris-2xt-50-nyckel-polerad-massing","status":"publish","type":"product","link":"https:\/\/secureus.se\/es\/lashus-polaris-2xt-50-nyckel-polerad-massing\/","title":{"rendered":"Carcasa de cerradura Polaris 2XT-50 Llave de lat\u00f3n pulido"},"content":{"rendered":"<p>\nCerradura de pestillo magn\u00e9tico especialmente adecuada para puertas interiores modernas gracias a su dise\u00f1o delgado. La Polaris 2XT se caracteriza por el extraordinario cierre silencioso y la precisi\u00f3n de la conexi\u00f3n mec\u00e1nica entre la carcasa de la cerradura y la placa de cierre, que proporciona una agradable sensaci\u00f3n en el movimiento de la manija y de la llave.<\/p>\n<p><b>Caracter\u00edsticas:<\/b><br \/>\n<\/p>\n<ul>\n<li>Cerradura de cerrojo magn\u00e9tico<\/li>\n<li>50 mandriles<\/li>\n<li>Con llave de 90 mm de largo<\/li>\n<li>Cierre silencioso<\/li>\n<li>Dimensiones del poste de bloqueo: 18\u00d7196 mm<\/li>\n<li>Para hidrolavadora de 8 mm<\/li>\n<li>Distancia del remero al centro del ojo de la cerradura 90 mm<\/li>\n<li>Poste de bloqueo disponible en varios acabados.<\/li>\n<\/ul>","protected":false},"excerpt":{"rendered":"<p>Cerradura de pestillo magn\u00e9tico especialmente adecuada para puertas interiores modernas gracias a su dise\u00f1o delgado. La Polaris 2XT se caracteriza por el extraordinario cierre silencioso y la precisi\u00f3n de la conexi\u00f3n mec\u00e1nica entre la carcasa de la cerradura y la placa de cierre.<\/p>","protected":false},"featured_media":135205,"template":"","meta":{"_acf_changed":false},"product_brand":[],"product_cat":[2969],"product_tag":[4187,4102,4188,4189,4099],"class_list":{"0":"post-109233","1":"product","2":"type-product","3":"status-publish","4":"has-post-thumbnail","6":"product_cat-innerdorrlas","7":"product_tag-dorndjup-50mm","8":"product_tag-hoger","9":"product_tag-lasstolpe-18x196-mm","10":"product_tag-slutbleck-ingar-inte","11":"product_tag-vanster","12":"pa_brands-agb","13":"tm-no-options","15":"first","16":"instock","17":"sale","18":"taxable","19":"shipping-taxable","20":"purchasable","21":"product-type-simple"},"acf":[],"_links":{"self":[{"href":"https:\/\/secureus.se\/es\/wp-json\/wp\/v2\/product\/109233","targetHints":{"allow":["GET"]}}],"collection":[{"href":"https:\/\/secureus.se\/es\/wp-json\/wp\/v2\/product"}],"about":[{"href":"https:\/\/secureus.se\/es\/wp-json\/wp\/v2\/types\/product"}],"wp:featuredmedia":[{"embeddable":true,"href":"https:\/\/secureus.se\/es\/wp-json\/wp\/v2\/media\/135205"}],"wp:attachment":[{"href":"https:\/\/secureus.se\/es\/wp-json\/wp\/v2\/media?parent=109233"}],"wp:term":[{"taxonomy":"product_brand","embeddable":true,"href":"https:\/\/secureus.se\/es\/wp-json\/wp\/v2\/product_brand?post=109233"},{"taxonomy":"product_cat","embeddable":true,"href":"https:\/\/secureus.se\/es\/wp-json\/wp\/v2\/product_cat?post=109233"},{"taxonomy":"product_tag","embeddable":true,"href":"https:\/\/secureus.se\/es\/wp-json\/wp\/v2\/product_tag?post=109233"}],"curies":[{"name":"wp","href":"https:\/\/api.w.org\/{rel}","templated":true}]}}