{"id":109239,"date":"2024-11-08T16:24:59","date_gmt":"2024-11-08T15:24:59","guid":{"rendered":"https:\/\/secureus.se\/lashus-4570-vanster-krom\/"},"modified":"2026-04-08T15:31:02","modified_gmt":"2026-04-08T13:31:02","slug":"lashus-4570-vanster-krom","status":"publish","type":"product","link":"https:\/\/secureus.se\/es\/lashus-4570-vanster-krom\/","title":{"rendered":"Carcasa de cerradura 4570 Izquierda Cromada"},"content":{"rendered":"<p>\nABLOY 4570 es una cerradura de caja dise\u00f1ada para cilindros. Disponible en versiones para mano derecha e izquierda. La cerradura tiene bloqueo autom\u00e1tico que se controla mediante un bot\u00f3n en el poste. Se suministra de serie con una carcasa de cerradura cromada y adaptado para cilindros de cerradura ovalados tipo 1201 o 1301.<\/p>\n<div><\/div>\n<div><b>Caracter\u00edsticas:<\/b><\/div>\n<div>\n<div>\n<ul>\n<li>Para puerta de apertura izquierda<\/li>\n<li>Profundidad del mandril: 45 mm<\/li>\n<li>Dimensiones del poste de la cerradura: 22\u00d7150 mm<\/li>\n<li>El bot\u00f3n en la publicaci\u00f3n se puede configurar en dos posiciones.<\/li>\n<li>No reversible<\/li>\n<li>Adaptado para cilindro de cerradura ovalado escandinavo.<\/li>\n<li>Completo con cilindro, anillo de cilindro y juego de pomo.<\/li>\n<\/ul>\n<\/div>\n<div><b>Funci\u00f3n:<\/b><\/div>\n<\/div>\n<div>\n<ul>\n<li>Posici\u00f3n del bot\u00f3n: ARRIBA = Bloqueo, cerrojo 20 mm hacia afuera, la cerradura solo se puede abrir con llave o pomo.<\/li>\n<li>Posici\u00f3n del bot\u00f3n: ABAJO = El pestillo est\u00e1 14 mm afuera, la cerradura tambi\u00e9n se puede abrir con un bot\u00f3n pulsador.<\/li>\n<\/ul>\n<\/div>","protected":false},"excerpt":{"rendered":"<p>ABLOY 4570 es una cerradura de caja dise\u00f1ada para cilindros. Disponible en versiones para mano derecha e izquierda. La cerradura tiene bloqueo autom\u00e1tico que se controla mediante un bot\u00f3n en el poste. Se suministra de serie con carcasa de cerradura.<\/p>","protected":false},"featured_media":135056,"template":"","meta":{"_acf_changed":false},"product_brand":[],"product_cat":[2969],"product_tag":[4190,4099],"class_list":{"0":"post-109239","1":"product","2":"type-product","3":"status-publish","4":"has-post-thumbnail","6":"product_cat-innerdorrlas","7":"product_tag-dorndjup-45mm","8":"product_tag-vanster","9":"pa_brands-abloy","10":"tm-no-options","12":"first","13":"outofstock","14":"sale","15":"taxable","16":"shipping-taxable","17":"purchasable","18":"product-type-simple"},"acf":[],"_links":{"self":[{"href":"https:\/\/secureus.se\/es\/wp-json\/wp\/v2\/product\/109239","targetHints":{"allow":["GET"]}}],"collection":[{"href":"https:\/\/secureus.se\/es\/wp-json\/wp\/v2\/product"}],"about":[{"href":"https:\/\/secureus.se\/es\/wp-json\/wp\/v2\/types\/product"}],"wp:featuredmedia":[{"embeddable":true,"href":"https:\/\/secureus.se\/es\/wp-json\/wp\/v2\/media\/135056"}],"wp:attachment":[{"href":"https:\/\/secureus.se\/es\/wp-json\/wp\/v2\/media?parent=109239"}],"wp:term":[{"taxonomy":"product_brand","embeddable":true,"href":"https:\/\/secureus.se\/es\/wp-json\/wp\/v2\/product_brand?post=109239"},{"taxonomy":"product_cat","embeddable":true,"href":"https:\/\/secureus.se\/es\/wp-json\/wp\/v2\/product_cat?post=109239"},{"taxonomy":"product_tag","embeddable":true,"href":"https:\/\/secureus.se\/es\/wp-json\/wp\/v2\/product_tag?post=109239"}],"curies":[{"name":"wp","href":"https:\/\/api.w.org\/{rel}","templated":true}]}}