{"id":109247,"date":"2024-11-08T16:25:00","date_gmt":"2024-11-08T15:25:00","guid":{"rendered":"https:\/\/secureus.se\/rullas-524-med-slutbleck-matt-nickel-301\/"},"modified":"2026-04-08T15:30:43","modified_gmt":"2026-04-08T13:30:43","slug":"rullas-524-med-slutbleck-matt-nickel-301","status":"publish","type":"product","link":"https:\/\/secureus.se\/es\/rullas-524-med-slutbleck-matt-nickel-301\/","title":{"rendered":"Cerradura de rodillo 524 con placa de impacto, n\u00edquel mate (301)"},"content":{"rendered":"","protected":false},"excerpt":{"rendered":"<p>Cerradura de rodillo fabricada en lat\u00f3n niquelado mate con rodillo de presi\u00f3n regulable. Se utiliza para puertas interiores m\u00e1s simples con tiradores cuando se desea mantener la puerta cerrada pero no bloqueada. Se suministra con placa final.<\/p>","protected":false},"featured_media":159488,"template":"","meta":{"_acf_changed":false},"product_brand":[],"product_cat":[2969],"product_tag":[4102,4192,4099],"class_list":{"0":"post-109247","1":"product","2":"type-product","3":"status-publish","4":"has-post-thumbnail","6":"product_cat-innerdorrlas","7":"product_tag-hoger","8":"product_tag-slutbleck-ingar","9":"product_tag-vanster","10":"pa_brands-habo","11":"tm-no-options","13":"first","14":"outofstock","15":"sale","16":"taxable","17":"shipping-taxable","18":"purchasable","19":"product-type-simple"},"acf":[],"_links":{"self":[{"href":"https:\/\/secureus.se\/es\/wp-json\/wp\/v2\/product\/109247","targetHints":{"allow":["GET"]}}],"collection":[{"href":"https:\/\/secureus.se\/es\/wp-json\/wp\/v2\/product"}],"about":[{"href":"https:\/\/secureus.se\/es\/wp-json\/wp\/v2\/types\/product"}],"wp:featuredmedia":[{"embeddable":true,"href":"https:\/\/secureus.se\/es\/wp-json\/wp\/v2\/media\/159488"}],"wp:attachment":[{"href":"https:\/\/secureus.se\/es\/wp-json\/wp\/v2\/media?parent=109247"}],"wp:term":[{"taxonomy":"product_brand","embeddable":true,"href":"https:\/\/secureus.se\/es\/wp-json\/wp\/v2\/product_brand?post=109247"},{"taxonomy":"product_cat","embeddable":true,"href":"https:\/\/secureus.se\/es\/wp-json\/wp\/v2\/product_cat?post=109247"},{"taxonomy":"product_tag","embeddable":true,"href":"https:\/\/secureus.se\/es\/wp-json\/wp\/v2\/product_tag?post=109247"}],"curies":[{"name":"wp","href":"https:\/\/api.w.org\/{rel}","templated":true}]}}