{"id":109291,"date":"2024-11-08T16:25:02","date_gmt":"2024-11-08T15:25:02","guid":{"rendered":"https:\/\/secureus.se\/lashus-9456-hoger-krom\/"},"modified":"2026-03-25T15:32:39","modified_gmt":"2026-03-25T14:32:39","slug":"lashus-9456-hoger-krom","status":"publish","type":"product","link":"https:\/\/secureus.se\/es\/lashus-9456-hoger-krom\/","title":{"rendered":"Carcasa de cerradura 9456 Derecha Cromada"},"content":{"rendered":"<p>\nABLOY 9456 es una cerradura de embutir para puertas interiores que se combina con un cilindro est\u00e1ndar tipo ASSA ABLOY 1201 o 1301.<\/p>\n<div><b>Caracter\u00edsticas:<\/b><\/p>\n<ul>\n<li>Para puerta de guillotina derecha<\/li>\n<li>Profundidad del mandril: 45 mm<\/li>\n<li>Dimensiones del poste de la cerradura: 20\u00d7150 mm<\/li>\n<li>No reversible<\/li>\n<li>Adaptado para cilindro escandinavo.<\/li>\n<li>Se acciona con llave desde el exterior y con llave o pomo desde el interior.<\/li>\n<\/ul>\n<\/div>\n<div><b>Funci\u00f3n:<\/b><\/p>\n<ul>\n<li>Al girar la llave o el pomo, el cerrojo se empuja hacia afuera y se bloquea a 20 mm.<\/li>\n<li>La cerradura se abre girando la llave o el pomo en sentido contrario.<\/li>\n<li>A continuaci\u00f3n, el pist\u00f3n de ca\u00edda se bloquea en la posici\u00f3n de 14 mm para el uso diario y se activa la funci\u00f3n de presi\u00f3n.\u00a0<\/li>\n<\/ul>\n<\/div>","protected":false},"excerpt":{"rendered":"<p>ABLOY 9456 es una cerradura de embutir para puertas interiores que se combina con un cilindro est\u00e1ndar tipo ASSA ABLOY 1201 o 1301. Caracter\u00edsticas: Para puertas batientes a la derecha Profundidad de embutir: 45 mm Dimensiones del poste de la cerradura: 20\u00d7150 mm No reversible<\/p>","protected":false},"featured_media":134711,"template":"","meta":{"_acf_changed":false},"product_brand":[],"product_cat":[2969],"product_tag":[4190,4102,4191],"class_list":{"0":"post-109291","1":"product","2":"type-product","3":"status-publish","4":"has-post-thumbnail","6":"product_cat-innerdorrlas","7":"product_tag-dorndjup-45mm","8":"product_tag-hoger","9":"product_tag-lasstolpe-20x150mm","10":"pa_brands-abloy","11":"tm-no-options","13":"first","14":"instock","15":"sale","16":"taxable","17":"shipping-taxable","18":"purchasable","19":"product-type-simple"},"acf":[],"_links":{"self":[{"href":"https:\/\/secureus.se\/es\/wp-json\/wp\/v2\/product\/109291","targetHints":{"allow":["GET"]}}],"collection":[{"href":"https:\/\/secureus.se\/es\/wp-json\/wp\/v2\/product"}],"about":[{"href":"https:\/\/secureus.se\/es\/wp-json\/wp\/v2\/types\/product"}],"wp:featuredmedia":[{"embeddable":true,"href":"https:\/\/secureus.se\/es\/wp-json\/wp\/v2\/media\/134711"}],"wp:attachment":[{"href":"https:\/\/secureus.se\/es\/wp-json\/wp\/v2\/media?parent=109291"}],"wp:term":[{"taxonomy":"product_brand","embeddable":true,"href":"https:\/\/secureus.se\/es\/wp-json\/wp\/v2\/product_brand?post=109291"},{"taxonomy":"product_cat","embeddable":true,"href":"https:\/\/secureus.se\/es\/wp-json\/wp\/v2\/product_cat?post=109291"},{"taxonomy":"product_tag","embeddable":true,"href":"https:\/\/secureus.se\/es\/wp-json\/wp\/v2\/product_tag?post=109291"}],"curies":[{"name":"wp","href":"https:\/\/api.w.org\/{rel}","templated":true}]}}