{"id":114186,"date":"2024-11-13T11:13:07","date_gmt":"2024-11-13T10:13:07","guid":{"rendered":"https:\/\/secureus.se\/industrilas-cl105c-system-2-nycklar\/"},"modified":"2026-04-08T15:29:02","modified_gmt":"2026-04-08T13:29:02","slug":"industrilas-cl105c-system-2-nycklar","status":"publish","type":"product","link":"https:\/\/secureus.se\/es\/industrilas-cl105c-system-2-nycklar\/","title":{"rendered":"Cerradura industrial CL105C Sistema 2 Llaves"},"content":{"rendered":"<p>\nABLOY CL105C es una cerradura industrial para puertas de armarios, cajones, armarios para electrodom\u00e9sticos, m\u00e1quinas expendedoras o similares. Para espesor de puerta m\u00e1x. 9,5 mil\u00edmetros. Carcasa del cilindro en acero cromado y templado superficialmente. El primer disco de trinquete est\u00e1 hecho de acero niquelado y endurecido superficialmente. Arandela de tope, arandela de seguridad para tuerca de extremo y tuerca para carcasa de cilindro en acero galvanizado. La regla se pide por separado. El cilindro completo se entrega con dos llaves.<\/p>\n<div><b>Caracter\u00edsticas:<\/b><\/p>\n<ul>\n<li>N\u00famero de discos de bloqueo: 9 uds.<\/li>\n<li>\u00c1ngulo de rotaci\u00f3n de la regla: 90, 180\u00b0. La llave s\u00f3lo se puede quitar en la posici\u00f3n bloqueada.<\/li>\n<li>Longitud total: 33 mm<\/li>\n<li>Espesor m\u00e1ximo de la puerta: 9,5 mm<\/li>\n<li>Dimensiones de la regla: 18,5 mm<\/li>\n<\/ul>\n<\/div>","protected":false},"excerpt":{"rendered":"<p>ABLOY CL105C es una cerradura industrial para puertas de armarios, cajones, armarios para electrodom\u00e9sticos, m\u00e1quinas expendedoras o similares. Para espesor de puerta m\u00e1x. 9,5 mil\u00edmetros. Carcasa del cilindro en acero cromado y templado superficialmente. El primer disco de trinquete est\u00e1 niquelado y endurecido superficialmente.<\/p>","protected":false},"featured_media":134823,"template":"","meta":{"_acf_changed":false},"product_brand":[],"product_cat":[4186],"product_tag":[],"class_list":{"0":"post-114186","1":"product","2":"type-product","3":"status-publish","4":"has-post-thumbnail","6":"product_cat-skaplas-industrilas","7":"pa_brands-abloy","8":"tm-no-options","10":"first","11":"onbackorder","12":"sale","13":"taxable","14":"shipping-taxable","15":"purchasable","16":"product-type-simple"},"acf":[],"_links":{"self":[{"href":"https:\/\/secureus.se\/es\/wp-json\/wp\/v2\/product\/114186","targetHints":{"allow":["GET"]}}],"collection":[{"href":"https:\/\/secureus.se\/es\/wp-json\/wp\/v2\/product"}],"about":[{"href":"https:\/\/secureus.se\/es\/wp-json\/wp\/v2\/types\/product"}],"wp:featuredmedia":[{"embeddable":true,"href":"https:\/\/secureus.se\/es\/wp-json\/wp\/v2\/media\/134823"}],"wp:attachment":[{"href":"https:\/\/secureus.se\/es\/wp-json\/wp\/v2\/media?parent=114186"}],"wp:term":[{"taxonomy":"product_brand","embeddable":true,"href":"https:\/\/secureus.se\/es\/wp-json\/wp\/v2\/product_brand?post=114186"},{"taxonomy":"product_cat","embeddable":true,"href":"https:\/\/secureus.se\/es\/wp-json\/wp\/v2\/product_cat?post=114186"},{"taxonomy":"product_tag","embeddable":true,"href":"https:\/\/secureus.se\/es\/wp-json\/wp\/v2\/product_tag?post=114186"}],"curies":[{"name":"wp","href":"https:\/\/api.w.org\/{rel}","templated":true}]}}