{"id":114221,"date":"2024-11-13T13:25:51","date_gmt":"2024-11-13T12:25:51","guid":{"rendered":"https:\/\/secureus.se\/?post_type=product&#038;p=114221"},"modified":"2026-04-08T16:33:33","modified_gmt":"2026-04-08T14:33:33","slug":"skylt-135x85-gron","status":"publish","type":"product","link":"https:\/\/secureus.se\/es\/skylt-135x85-gron\/","title":{"rendered":"LETRERO 135X85 VERDE"},"content":{"rendered":"","protected":false},"excerpt":{"rendered":"<p>Letrero de pl\u00e1stico verde. En caso de incendio, el bot\u00f3n de alarma activa la alarma de evacuaci\u00f3n. Es necesario avisar a los bomberos por tel\u00e9fono. 112<\/p>","protected":false},"featured_media":134992,"template":"","meta":{"_acf_changed":false},"product_brand":[],"product_cat":[1559],"product_tag":[],"class_list":{"0":"post-114221","1":"product","2":"type-product","3":"status-publish","4":"has-post-thumbnail","6":"product_cat-anvisningsskyltar-brandskydd","7":"product_shipping_class-postnord-varubrev","8":"pa_brands-ateco","9":"tm-no-options","11":"first","12":"instock","13":"sale","14":"taxable","15":"shipping-taxable","16":"purchasable","17":"product-type-simple"},"acf":[],"_links":{"self":[{"href":"https:\/\/secureus.se\/es\/wp-json\/wp\/v2\/product\/114221","targetHints":{"allow":["GET"]}}],"collection":[{"href":"https:\/\/secureus.se\/es\/wp-json\/wp\/v2\/product"}],"about":[{"href":"https:\/\/secureus.se\/es\/wp-json\/wp\/v2\/types\/product"}],"wp:featuredmedia":[{"embeddable":true,"href":"https:\/\/secureus.se\/es\/wp-json\/wp\/v2\/media\/134992"}],"wp:attachment":[{"href":"https:\/\/secureus.se\/es\/wp-json\/wp\/v2\/media?parent=114221"}],"wp:term":[{"taxonomy":"product_brand","embeddable":true,"href":"https:\/\/secureus.se\/es\/wp-json\/wp\/v2\/product_brand?post=114221"},{"taxonomy":"product_cat","embeddable":true,"href":"https:\/\/secureus.se\/es\/wp-json\/wp\/v2\/product_cat?post=114221"},{"taxonomy":"product_tag","embeddable":true,"href":"https:\/\/secureus.se\/es\/wp-json\/wp\/v2\/product_tag?post=114221"}],"curies":[{"name":"wp","href":"https:\/\/api.w.org\/{rel}","templated":true}]}}