{"id":114242,"date":"2024-11-13T13:25:53","date_gmt":"2024-11-13T12:25:53","guid":{"rendered":"https:\/\/secureus.se\/?post_type=product&#038;p=114242"},"modified":"2026-03-26T11:27:31","modified_gmt":"2026-03-26T10:27:31","slug":"skylt-utrymningslarm-2","status":"publish","type":"product","link":"https:\/\/secureus.se\/es\/skylt-utrymningslarm-2\/","title":{"rendered":"SE\u00d1AL DE ALARMA DE EVACUACI\u00d3N"},"content":{"rendered":"","protected":false},"excerpt":{"rendered":"<p>Se\u00f1al en pl\u00e1stico de 1 mm de tama\u00f1o 160\u00d750 mm con el texto alarma de evacuaci\u00f3n abandonar el edificio inmediatamente cuando suene la se\u00f1al de alarma.<\/p>","protected":false},"featured_media":135173,"template":"","meta":{"_acf_changed":false},"product_brand":[],"product_cat":[1559],"product_tag":[],"class_list":{"0":"post-114242","1":"product","2":"type-product","3":"status-publish","4":"has-post-thumbnail","6":"product_cat-anvisningsskyltar-brandskydd","7":"product_shipping_class-postnord-varubrev","8":"pa_brands-ateco","9":"tm-no-options","11":"first","12":"instock","13":"sale","14":"taxable","15":"shipping-taxable","16":"purchasable","17":"product-type-simple"},"acf":[],"_links":{"self":[{"href":"https:\/\/secureus.se\/es\/wp-json\/wp\/v2\/product\/114242","targetHints":{"allow":["GET"]}}],"collection":[{"href":"https:\/\/secureus.se\/es\/wp-json\/wp\/v2\/product"}],"about":[{"href":"https:\/\/secureus.se\/es\/wp-json\/wp\/v2\/types\/product"}],"wp:featuredmedia":[{"embeddable":true,"href":"https:\/\/secureus.se\/es\/wp-json\/wp\/v2\/media\/135173"}],"wp:attachment":[{"href":"https:\/\/secureus.se\/es\/wp-json\/wp\/v2\/media?parent=114242"}],"wp:term":[{"taxonomy":"product_brand","embeddable":true,"href":"https:\/\/secureus.se\/es\/wp-json\/wp\/v2\/product_brand?post=114242"},{"taxonomy":"product_cat","embeddable":true,"href":"https:\/\/secureus.se\/es\/wp-json\/wp\/v2\/product_cat?post=114242"},{"taxonomy":"product_tag","embeddable":true,"href":"https:\/\/secureus.se\/es\/wp-json\/wp\/v2\/product_tag?post=114242"}],"curies":[{"name":"wp","href":"https:\/\/api.w.org\/{rel}","templated":true}]}}