{"id":114541,"date":"2024-11-14T09:39:35","date_gmt":"2024-11-14T08:39:35","guid":{"rendered":"https:\/\/secureus.se\/?post_type=product&#038;p=114541"},"modified":"2026-04-23T13:30:39","modified_gmt":"2026-04-23T11:30:39","slug":"risco-vaggfaste-med-solcellsmodul-for-beyond-dt-detektorer","status":"publish","type":"product","link":"https:\/\/secureus.se\/es\/risco-vaggfaste-med-solcellsmodul-for-beyond-dt-detektorer\/","title":{"rendered":"Soporte de pared RISCO con m\u00f3dulo solar: para detectores Beyond DT"},"content":{"rendered":"<h1>Soporte de pared RISCO con m\u00f3dulo solar: para detectores Beyond DT<\/h1>\n<p data-start=\"374\" data-end=\"942\">El soporte de pared con m\u00f3dulo solar de RISCO ofrece una soluci\u00f3n rentable y respetuosa con el medio ambiente para mejorar la vida \u00fatil de la bater\u00eda de los detectores inal\u00e1mbricos Beyond DT y Beyond DT Cam.<\/p>\n<p data-start=\"374\" data-end=\"942\">El m\u00f3dulo de energ\u00eda solar est\u00e1 equipado con un soporte giratorio de 180\u00ba, lo que facilita el ajuste del panel para una captura \u00f3ptima de energ\u00eda solar.<\/p>\n<p data-start=\"374\" data-end=\"942\">La bater\u00eda recargable integrada se carga mediante el panel solar y se utiliza para complementar las bater\u00edas normales del detector, lo que prolonga la vida \u00fatil de las bater\u00edas y reduce la necesidad de cambiarlas con frecuencia.<\/p>\n<p data-start=\"944\" data-end=\"1196\">Este soporte de pared es f\u00e1cil de instalar y sirve como complemento perfecto para soluciones de seguridad inal\u00e1mbricas como Beyond DT y Beyond DT Cam.<\/p>\n<p data-start=\"944\" data-end=\"1196\">El m\u00f3dulo alimentado con energ\u00eda solar lo convierte en una soluci\u00f3n m\u00e1s sostenible, al tiempo que mantiene los costos bajos.<\/p>\n<p data-start=\"1198\" data-end=\"1227\"><strong data-start=\"1198\" data-end=\"1227\">Especificaciones t\u00e9cnicas:<\/strong><\/p>\n<ul data-start=\"1228\" data-end=\"1625\">\n<li data-start=\"1228\" data-end=\"1265\">\n<p data-start=\"1230\" data-end=\"1265\">Modelo: Soporte de pared con m\u00f3dulo solar<\/p>\n<\/li>\n<li data-start=\"1266\" data-end=\"1331\">\n<p data-start=\"1268\" data-end=\"1331\">Compatibilidad: detectores inal\u00e1mbricos Beyond DT y Beyond DT Cam<\/p>\n<\/li>\n<li data-start=\"1332\" data-end=\"1418\">\n<p data-start=\"1334\" data-end=\"1418\">Caracter\u00edsticas: Rotaci\u00f3n de 180\u00ba, m\u00f3dulo solar integrado con bater\u00eda recargable.<\/p>\n<\/li>\n<li data-start=\"1419\" data-end=\"1483\">\n<p data-start=\"1421\" data-end=\"1483\">Fuente de alimentaci\u00f3n: 1 bater\u00eda CR123A (complementada con celda solar)<\/p>\n<\/li>\n<li data-start=\"1484\" data-end=\"1508\">\n<p data-start=\"1486\" data-end=\"1508\">Dimensiones: 124 x 35 x 42 mm<\/p>\n<\/li>\n<li data-start=\"1509\" data-end=\"1523\">\n<p data-start=\"1511\" data-end=\"1523\">Color: Plata<\/p>\n<\/li>\n<li data-start=\"1524\" data-end=\"1551\">\n<p data-start=\"1526\" data-end=\"1551\">Uso: Montaje en pared<\/p>\n<\/li>\n<li data-start=\"1552\" data-end=\"1576\">\n<p data-start=\"1554\" data-end=\"1576\">Certificaci\u00f3n: marcado CE<\/p>\n<\/li>\n<li data-start=\"1577\" data-end=\"1600\">\n<p data-start=\"1579\" data-end=\"1600\">Rotaci\u00f3n: giro de 180\u00ba<\/p>\n<\/li>\n<li data-start=\"1601\" data-end=\"1625\">\n<p data-start=\"1603\" data-end=\"1625\">Peso: Ligero y compacto.<\/p>\n<\/li>\n<\/ul>","protected":false},"excerpt":{"rendered":"<p>El soporte de pared RISCO con m\u00f3dulo solar est\u00e1 dise\u00f1ado para usarse con detectores inal\u00e1mbricos Beyond DT y Beyond DT Cam.<\/p>\n<p>Tiene un panel solar giratorio (180\u00ba) y una soluci\u00f3n de bater\u00eda recargable integrada para una mayor duraci\u00f3n de la bater\u00eda.<\/p>","protected":false},"featured_media":158864,"template":"","meta":{"_acf_changed":false},"product_brand":[],"product_cat":[3191],"product_tag":[],"class_list":{"0":"post-114541","1":"product","2":"type-product","3":"status-publish","4":"has-post-thumbnail","6":"product_cat-utomhusdetektorer","7":"pa_brands-4risco","8":"tm-no-options","10":"first","11":"instock","12":"sale","13":"taxable","14":"shipping-taxable","15":"purchasable","16":"product-type-simple"},"acf":[],"_links":{"self":[{"href":"https:\/\/secureus.se\/es\/wp-json\/wp\/v2\/product\/114541","targetHints":{"allow":["GET"]}}],"collection":[{"href":"https:\/\/secureus.se\/es\/wp-json\/wp\/v2\/product"}],"about":[{"href":"https:\/\/secureus.se\/es\/wp-json\/wp\/v2\/types\/product"}],"wp:featuredmedia":[{"embeddable":true,"href":"https:\/\/secureus.se\/es\/wp-json\/wp\/v2\/media\/158864"}],"wp:attachment":[{"href":"https:\/\/secureus.se\/es\/wp-json\/wp\/v2\/media?parent=114541"}],"wp:term":[{"taxonomy":"product_brand","embeddable":true,"href":"https:\/\/secureus.se\/es\/wp-json\/wp\/v2\/product_brand?post=114541"},{"taxonomy":"product_cat","embeddable":true,"href":"https:\/\/secureus.se\/es\/wp-json\/wp\/v2\/product_cat?post=114541"},{"taxonomy":"product_tag","embeddable":true,"href":"https:\/\/secureus.se\/es\/wp-json\/wp\/v2\/product_tag?post=114541"}],"curies":[{"name":"wp","href":"https:\/\/api.w.org\/{rel}","templated":true}]}}