{"id":114633,"date":"2024-11-20T14:01:58","date_gmt":"2024-11-20T13:01:58","guid":{"rendered":"https:\/\/secureus.se\/?post_type=product&#038;p=114633"},"modified":"2026-01-12T12:01:31","modified_gmt":"2026-01-12T11:01:31","slug":"avsparrningsymbol-kryss-borttagbar","status":"publish","type":"product","link":"https:\/\/secureus.se\/es\/avsparrningsymbol-kryss-borttagbar\/","title":{"rendered":"S\u00edmbolo de barrera \u201cCruz\u201d, extra\u00edble"},"content":{"rendered":"<p>Cruz de barrera autoadhesiva y removible para un bloqueo temporal, llamativo y claro de \u00e1reas de asientos en diversos entornos p\u00fablicos. Se adhiere a textiles de interior y superficies pl\u00e1sticas.<br \/>\nDimensiones (An. x Al. x Pr.): 135 x 0,2 x 193 mm<\/p>","protected":false},"excerpt":{"rendered":"<p>Marcaci\u00f3n de suelo autoadhesiva y removible en forma de \u201cX\u201d para delimitar zonas de asientos.<\/p>","protected":false},"featured_media":134902,"template":"","meta":{"_acf_changed":false},"product_brand":[],"product_cat":[4239],"product_tag":[4389],"class_list":{"0":"post-114633","1":"product","2":"type-product","3":"status-publish","4":"has-post-thumbnail","6":"product_cat-varnings-skyddsprofiler","7":"product_tag-rod","8":"product_shipping_class-tunga-paket","9":"pa_brands-durable","10":"tm-no-options","12":"first","13":"instock","14":"sale","15":"taxable","16":"shipping-taxable","17":"purchasable","18":"product-type-simple"},"acf":[],"_links":{"self":[{"href":"https:\/\/secureus.se\/es\/wp-json\/wp\/v2\/product\/114633","targetHints":{"allow":["GET"]}}],"collection":[{"href":"https:\/\/secureus.se\/es\/wp-json\/wp\/v2\/product"}],"about":[{"href":"https:\/\/secureus.se\/es\/wp-json\/wp\/v2\/types\/product"}],"wp:featuredmedia":[{"embeddable":true,"href":"https:\/\/secureus.se\/es\/wp-json\/wp\/v2\/media\/134902"}],"wp:attachment":[{"href":"https:\/\/secureus.se\/es\/wp-json\/wp\/v2\/media?parent=114633"}],"wp:term":[{"taxonomy":"product_brand","embeddable":true,"href":"https:\/\/secureus.se\/es\/wp-json\/wp\/v2\/product_brand?post=114633"},{"taxonomy":"product_cat","embeddable":true,"href":"https:\/\/secureus.se\/es\/wp-json\/wp\/v2\/product_cat?post=114633"},{"taxonomy":"product_tag","embeddable":true,"href":"https:\/\/secureus.se\/es\/wp-json\/wp\/v2\/product_tag?post=114633"}],"curies":[{"name":"wp","href":"https:\/\/api.w.org\/{rel}","templated":true}]}}