{"id":114725,"date":"2024-11-05T18:44:12","date_gmt":"2024-11-05T17:44:12","guid":{"rendered":"https:\/\/secureus.se\/?post_type=product&#038;p=114725"},"modified":"2026-01-12T12:53:07","modified_gmt":"2026-01-12T11:53:07","slug":"duracard-black-ribbon","status":"publish","type":"product","link":"https:\/\/secureus.se\/es\/duracard-black-ribbon\/","title":{"rendered":"CINTA NEGRA DURACARD"},"content":{"rendered":"<p>Cinta de tinta negra para DURACARD ID 300. Para la impresi\u00f3n de 500 tarjetas de pl\u00e1stico. F\u00e1cil de cambiar. Con codificaci\u00f3n RFID para un r\u00e1pido reconocimiento de que la cinta se ajusta a la impresora.<\/p>","protected":false},"excerpt":{"rendered":"<p>Cinta de tinta negra para la impresora de tarjetas pl\u00e1sticas DURACARD ID 300 para la impresi\u00f3n de 500 tarjetas pl\u00e1sticas.<\/p>","protected":false},"featured_media":135274,"template":"","meta":{"_acf_changed":false},"product_brand":[],"product_cat":[4345,4347],"product_tag":[4381],"class_list":{"0":"post-114725","1":"product","2":"type-product","3":"status-publish","4":"has-post-thumbnail","6":"product_cat-duracard-fargband-retransfer","7":"product_cat-kortskrivare-tillbehor-duracard","8":"product_tag-svart","9":"product_shipping_class-tunga-paket","10":"pa_brands-durable","11":"pa_farg-svart","12":"tm-no-options","14":"first","15":"instock","16":"sale","17":"taxable","18":"shipping-taxable","19":"purchasable","20":"product-type-simple"},"acf":[],"_links":{"self":[{"href":"https:\/\/secureus.se\/es\/wp-json\/wp\/v2\/product\/114725","targetHints":{"allow":["GET"]}}],"collection":[{"href":"https:\/\/secureus.se\/es\/wp-json\/wp\/v2\/product"}],"about":[{"href":"https:\/\/secureus.se\/es\/wp-json\/wp\/v2\/types\/product"}],"wp:featuredmedia":[{"embeddable":true,"href":"https:\/\/secureus.se\/es\/wp-json\/wp\/v2\/media\/135274"}],"wp:attachment":[{"href":"https:\/\/secureus.se\/es\/wp-json\/wp\/v2\/media?parent=114725"}],"wp:term":[{"taxonomy":"product_brand","embeddable":true,"href":"https:\/\/secureus.se\/es\/wp-json\/wp\/v2\/product_brand?post=114725"},{"taxonomy":"product_cat","embeddable":true,"href":"https:\/\/secureus.se\/es\/wp-json\/wp\/v2\/product_cat?post=114725"},{"taxonomy":"product_tag","embeddable":true,"href":"https:\/\/secureus.se\/es\/wp-json\/wp\/v2\/product_tag?post=114725"}],"curies":[{"name":"wp","href":"https:\/\/api.w.org\/{rel}","templated":true}]}}