{"id":114732,"date":"2024-11-20T14:02:47","date_gmt":"2024-11-20T13:02:47","guid":{"rendered":"https:\/\/secureus.se\/?post_type=product&#038;p=114732"},"modified":"2026-01-12T12:02:43","modified_gmt":"2026-01-12T11:02:43","slug":"badgemaker-etiketter-till-namnskylt-90x60","status":"publish","type":"product","link":"https:\/\/secureus.se\/es\/badgemaker-etiketter-till-namnskylt-90x60\/","title":{"rendered":"Etiquetas para placa BADGEMAKER\u00ae 90\u00d760"},"content":{"rendered":"<p>Dise\u00f1e placas de identificaci\u00f3n profesionales y a la vez personales con el programa gratuito DURAPRINT\u00ae disponible en www.duraprint.se. Imprima en una impresora l\u00e1ser o de inyecci\u00f3n de tinta en hojas de etiquetas BADGEMAKER\u00ae hechas de papel de 150 gramos. La etiqueta con el nombre es f\u00e1cil de romper. El paquete de 20 hojas A4 proporciona 180 etiquetas insertables verticales que miden 90 x 60 mm (alto x ancho). <\/p>","protected":false},"excerpt":{"rendered":"<p>Hojas de etiquetas para imprimir en impresora de placas de identificaci\u00f3n en formato vertical 90x60mm. 20 hojas = 180 etiquetas.<\/p>","protected":false},"featured_media":134822,"template":"","meta":{"_acf_changed":false},"product_brand":[],"product_cat":[4276],"product_tag":[4396],"class_list":{"0":"post-114732","1":"product","2":"type-product","3":"status-publish","4":"has-post-thumbnail","6":"product_cat-etiketter-till-namnskyltar","7":"product_tag-vit","8":"product_shipping_class-tunga-paket","9":"pa_brands-durable","10":"tm-no-options","12":"first","13":"instock","14":"sale","15":"taxable","16":"shipping-taxable","17":"purchasable","18":"product-type-simple"},"acf":[],"_links":{"self":[{"href":"https:\/\/secureus.se\/es\/wp-json\/wp\/v2\/product\/114732","targetHints":{"allow":["GET"]}}],"collection":[{"href":"https:\/\/secureus.se\/es\/wp-json\/wp\/v2\/product"}],"about":[{"href":"https:\/\/secureus.se\/es\/wp-json\/wp\/v2\/types\/product"}],"wp:featuredmedia":[{"embeddable":true,"href":"https:\/\/secureus.se\/es\/wp-json\/wp\/v2\/media\/134822"}],"wp:attachment":[{"href":"https:\/\/secureus.se\/es\/wp-json\/wp\/v2\/media?parent=114732"}],"wp:term":[{"taxonomy":"product_brand","embeddable":true,"href":"https:\/\/secureus.se\/es\/wp-json\/wp\/v2\/product_brand?post=114732"},{"taxonomy":"product_cat","embeddable":true,"href":"https:\/\/secureus.se\/es\/wp-json\/wp\/v2\/product_cat?post=114732"},{"taxonomy":"product_tag","embeddable":true,"href":"https:\/\/secureus.se\/es\/wp-json\/wp\/v2\/product_tag?post=114732"}],"curies":[{"name":"wp","href":"https:\/\/api.w.org\/{rel}","templated":true}]}}