{"id":114738,"date":"2024-11-05T18:44:03","date_gmt":"2024-11-05T17:44:03","guid":{"rendered":"https:\/\/secureus.se\/?post_type=product&#038;p=114738"},"modified":"2026-01-12T12:52:59","modified_gmt":"2026-01-12T11:52:59","slug":"duracard-colour-ribbon","status":"publish","type":"product","link":"https:\/\/secureus.se\/es\/duracard-colour-ribbon\/","title":{"rendered":"CINTA DE COLOR DURACARD"},"content":{"rendered":"<p>Cinta YMCKO para impresora de tarjetas pl\u00e1sticas DURACARD ID 300. Para la impresi\u00f3n a color de 100 tarjetas pl\u00e1sticas en calidad fotogr\u00e1fica. YMCKO significa capa protectora amarilla, magenta, cian, negra y transparente. La fina capa protectora transparente proporciona a la impresi\u00f3n protecci\u00f3n adicional. F\u00e1cil de cambiar. Con codificaci\u00f3n RFID para un r\u00e1pido reconocimiento de que la cinta se ajusta a la impresora.<\/p>","protected":false},"excerpt":{"rendered":"<p>Cinta de color YMCKO para la impresora de tarjetas pl\u00e1sticas DURACARD ID 300 para la impresi\u00f3n en color de 100 tarjetas pl\u00e1sticas en calidad fotogr\u00e1fica.<\/p>","protected":false},"featured_media":134811,"template":"","meta":{"_acf_changed":false},"product_brand":[],"product_cat":[4345,4347],"product_tag":[],"class_list":{"0":"post-114738","1":"product","2":"type-product","3":"status-publish","4":"has-post-thumbnail","6":"product_cat-duracard-fargband-retransfer","7":"product_cat-kortskrivare-tillbehor-duracard","8":"product_shipping_class-tunga-paket","9":"pa_brands-durable","10":"tm-no-options","12":"first","13":"instock","14":"sale","15":"taxable","16":"shipping-taxable","17":"purchasable","18":"product-type-simple"},"acf":[],"_links":{"self":[{"href":"https:\/\/secureus.se\/es\/wp-json\/wp\/v2\/product\/114738","targetHints":{"allow":["GET"]}}],"collection":[{"href":"https:\/\/secureus.se\/es\/wp-json\/wp\/v2\/product"}],"about":[{"href":"https:\/\/secureus.se\/es\/wp-json\/wp\/v2\/types\/product"}],"wp:featuredmedia":[{"embeddable":true,"href":"https:\/\/secureus.se\/es\/wp-json\/wp\/v2\/media\/134811"}],"wp:attachment":[{"href":"https:\/\/secureus.se\/es\/wp-json\/wp\/v2\/media?parent=114738"}],"wp:term":[{"taxonomy":"product_brand","embeddable":true,"href":"https:\/\/secureus.se\/es\/wp-json\/wp\/v2\/product_brand?post=114738"},{"taxonomy":"product_cat","embeddable":true,"href":"https:\/\/secureus.se\/es\/wp-json\/wp\/v2\/product_cat?post=114738"},{"taxonomy":"product_tag","embeddable":true,"href":"https:\/\/secureus.se\/es\/wp-json\/wp\/v2\/product_tag?post=114738"}],"curies":[{"name":"wp","href":"https:\/\/api.w.org\/{rel}","templated":true}]}}