{"id":114760,"date":"2024-11-20T14:41:48","date_gmt":"2024-11-20T13:41:48","guid":{"rendered":"https:\/\/secureus.se\/?post_type=product&#038;p=114760"},"modified":"2026-01-12T12:29:03","modified_gmt":"2026-01-12T11:29:03","slug":"magnetram-duraframe-magnetic-top-for-a3","status":"publish","type":"product","link":"https:\/\/secureus.se\/es\/magnetram-duraframe-magnetic-top-for-a3\/","title":{"rendered":"Marco magn\u00e9tico DURAFRAME\u00ae MAGNETIC TOP para A3"},"content":{"rendered":"<p>Estructura la informaci\u00f3n sobre superficies met\u00e1licas como pizarras blancas con t\u00edtulos claros y elegantes utilizando los marcos de informaci\u00f3n magn\u00e9ticos DURAFRAME\u00ae MAGNETIC TOP. Los marcos de encabezado son f\u00e1ciles de usar: solo hay que colocarlos, moverlos o quitarlos de la superficie seg\u00fan sea necesario. Tambi\u00e9n se pueden utilizar como placas magn\u00e9ticas, p. ej. nombres en los vestuarios. Cree titulares profesionales utilizando plantillas del programa gratuito DURAPRINT\u00ae, disponible en www.duraprint.se.<br \/>\nDimensiones de la etiqueta: 297\u00d740 mm para encabezado en formato A3 vertical o A4 horizontal<br \/>\nDimensiones exteriores: 323\u00d766 mm.<br \/>\nPaquete de 5 uds.<\/p>","protected":false},"excerpt":{"rendered":"<p>Marco magn\u00e9tico para t\u00edtulos elegantes para documentos en formato A3 vertical o A4 horizontal.<\/p>","protected":false},"featured_media":133399,"template":"","meta":{"_acf_changed":false},"product_brand":[],"product_cat":[4295],"product_tag":[4381],"class_list":{"0":"post-114760","1":"product","2":"type-product","3":"status-publish","4":"has-post-thumbnail","6":"product_cat-inforamar-for-metallytor","7":"product_tag-svart","8":"product_shipping_class-tunga-paket","9":"pa_brands-durable","10":"pa_farg-svart","11":"tm-no-options","13":"first","14":"instock","15":"sale","16":"taxable","17":"shipping-taxable","18":"purchasable","19":"product-type-simple"},"acf":[],"_links":{"self":[{"href":"https:\/\/secureus.se\/es\/wp-json\/wp\/v2\/product\/114760","targetHints":{"allow":["GET"]}}],"collection":[{"href":"https:\/\/secureus.se\/es\/wp-json\/wp\/v2\/product"}],"about":[{"href":"https:\/\/secureus.se\/es\/wp-json\/wp\/v2\/types\/product"}],"wp:featuredmedia":[{"embeddable":true,"href":"https:\/\/secureus.se\/es\/wp-json\/wp\/v2\/media\/133399"}],"wp:attachment":[{"href":"https:\/\/secureus.se\/es\/wp-json\/wp\/v2\/media?parent=114760"}],"wp:term":[{"taxonomy":"product_brand","embeddable":true,"href":"https:\/\/secureus.se\/es\/wp-json\/wp\/v2\/product_brand?post=114760"},{"taxonomy":"product_cat","embeddable":true,"href":"https:\/\/secureus.se\/es\/wp-json\/wp\/v2\/product_cat?post=114760"},{"taxonomy":"product_tag","embeddable":true,"href":"https:\/\/secureus.se\/es\/wp-json\/wp\/v2\/product_tag?post=114760"}],"curies":[{"name":"wp","href":"https:\/\/api.w.org\/{rel}","templated":true}]}}