{"id":114765,"date":"2024-11-20T14:09:57","date_gmt":"2024-11-20T13:09:57","guid":{"rendered":"https:\/\/secureus.se\/?post_type=product&#038;p=114765"},"modified":"2026-01-12T12:01:24","modified_gmt":"2026-01-12T11:01:24","slug":"golvmarkering-pil-borttagbar","status":"publish","type":"product","link":"https:\/\/secureus.se\/es\/golvmarkering-pil-borttagbar\/","title":{"rendered":"Marcado de suelo \u201cFlecha\u201d, extra\u00edble"},"content":{"rendered":"<p>S\u00edmbolo de marcaci\u00f3n de suelo autoadhesivo y removible en forma de flecha para indicar la direcci\u00f3n de movimiento deseada en comercios, gimnasios, hoteles y restaurantes. Se adhiere a pisos de concreto limpios y secos. Nivel de resistencia al deslizamiento R9 seg\u00fan DIN 51130.<br \/>\nDimensiones (An x Al x Pr): 100 x 0,2 x 200 mm<\/p>","protected":false},"excerpt":{"rendered":"<p>Marcaci\u00f3n de suelo autoadhesiva y removible en forma de flecha para indicar la direcci\u00f3n del movimiento.<\/p>","protected":false},"featured_media":133780,"template":"","meta":{"_acf_changed":false},"product_brand":[],"product_cat":[4302],"product_tag":[4395],"class_list":{"0":"post-114765","1":"product","2":"type-product","3":"status-publish","4":"has-post-thumbnail","6":"product_cat-markeringar-av-uppstallningsplatser","7":"product_tag-gul","8":"product_shipping_class-tunga-paket","9":"pa_brands-durable","10":"pa_farg-gul","11":"tm-no-options","13":"first","14":"instock","15":"sale","16":"taxable","17":"shipping-taxable","18":"purchasable","19":"product-type-simple"},"acf":[],"_links":{"self":[{"href":"https:\/\/secureus.se\/es\/wp-json\/wp\/v2\/product\/114765","targetHints":{"allow":["GET"]}}],"collection":[{"href":"https:\/\/secureus.se\/es\/wp-json\/wp\/v2\/product"}],"about":[{"href":"https:\/\/secureus.se\/es\/wp-json\/wp\/v2\/types\/product"}],"wp:featuredmedia":[{"embeddable":true,"href":"https:\/\/secureus.se\/es\/wp-json\/wp\/v2\/media\/133780"}],"wp:attachment":[{"href":"https:\/\/secureus.se\/es\/wp-json\/wp\/v2\/media?parent=114765"}],"wp:term":[{"taxonomy":"product_brand","embeddable":true,"href":"https:\/\/secureus.se\/es\/wp-json\/wp\/v2\/product_brand?post=114765"},{"taxonomy":"product_cat","embeddable":true,"href":"https:\/\/secureus.se\/es\/wp-json\/wp\/v2\/product_cat?post=114765"},{"taxonomy":"product_tag","embeddable":true,"href":"https:\/\/secureus.se\/es\/wp-json\/wp\/v2\/product_tag?post=114765"}],"curies":[{"name":"wp","href":"https:\/\/api.w.org\/{rel}","templated":true}]}}