{"id":114801,"date":"2024-11-20T14:07:55","date_gmt":"2024-11-20T13:07:55","guid":{"rendered":"https:\/\/secureus.se\/?post_type=product&#038;p=114801"},"modified":"2026-01-12T12:56:56","modified_gmt":"2026-01-12T11:56:56","slug":"flexiplus-6-a4-liggande-brochyrfack-2","status":"publish","type":"product","link":"https:\/\/secureus.se\/es\/flexiplus-6-a4-liggande-brochyrfack-2\/","title":{"rendered":"Bandeja para folletos horizontal FLEXIPLUS 6 A4"},"content":{"rendered":"<p>Bandejas para formularios, soportes para folletos, bandejas para correo: FLEXIPLUS es una serie de soportes de pared flexibles y que ahorran espacio para folletos, revistas, formularios y otra informaci\u00f3n en formato A4. Cada compartimento tiene capacidad para fardos de 24 mm de espesor. Se trata de un conjunto completo de 6 compartimentos en formato horizontal donde los compartimentos se pueden ensamblar entre s\u00ed o utilizarse individualmente. Se incluye un juego de tornillos y tacos. Las dimensiones de cada compartimento son 34\u00d719,5\u00d73,5 cm (AnchoxAltoxProfundidad). Montado en \u00e1ngulo respecto a la pared, mide 10 cm de alto y 34 cm de ancho y 52 cm de alto cuando se ensamblan los 6 compartimentos. Se puede ampliar con m\u00e1s compartimentos seg\u00fan sea necesario enganchando los compartimentos uno tras otro. <\/p>","protected":false},"excerpt":{"rendered":"<p>Juego completo de 6 bandejas para folletos FLEXIPLUS A4 en formato horizontal.<\/p>","protected":false},"featured_media":133724,"template":"","meta":{"_acf_changed":false},"product_brand":[],"product_cat":[4280],"product_tag":[4396],"class_list":{"0":"post-114801","1":"product","2":"type-product","3":"status-publish","4":"has-post-thumbnail","6":"product_cat-broschyrstall","7":"product_tag-vit","8":"product_shipping_class-tunga-paket","9":"pa_brands-durable","10":"pa_farg-vit","11":"tm-no-options","13":"first","14":"instock","15":"sale","16":"taxable","17":"shipping-taxable","18":"purchasable","19":"product-type-simple"},"acf":[],"_links":{"self":[{"href":"https:\/\/secureus.se\/es\/wp-json\/wp\/v2\/product\/114801","targetHints":{"allow":["GET"]}}],"collection":[{"href":"https:\/\/secureus.se\/es\/wp-json\/wp\/v2\/product"}],"about":[{"href":"https:\/\/secureus.se\/es\/wp-json\/wp\/v2\/types\/product"}],"wp:featuredmedia":[{"embeddable":true,"href":"https:\/\/secureus.se\/es\/wp-json\/wp\/v2\/media\/133724"}],"wp:attachment":[{"href":"https:\/\/secureus.se\/es\/wp-json\/wp\/v2\/media?parent=114801"}],"wp:term":[{"taxonomy":"product_brand","embeddable":true,"href":"https:\/\/secureus.se\/es\/wp-json\/wp\/v2\/product_brand?post=114801"},{"taxonomy":"product_cat","embeddable":true,"href":"https:\/\/secureus.se\/es\/wp-json\/wp\/v2\/product_cat?post=114801"},{"taxonomy":"product_tag","embeddable":true,"href":"https:\/\/secureus.se\/es\/wp-json\/wp\/v2\/product_tag?post=114801"}],"curies":[{"name":"wp","href":"https:\/\/api.w.org\/{rel}","templated":true}]}}