{"id":114802,"date":"2024-11-20T13:56:40","date_gmt":"2024-11-20T12:56:40","guid":{"rendered":"https:\/\/secureus.se\/?post_type=product&#038;p=114802"},"modified":"2026-01-12T12:36:49","modified_gmt":"2026-01-12T11:36:49","slug":"golvskylt-sherpa-infobase-telescope","status":"publish","type":"product","link":"https:\/\/secureus.se\/es\/golvskylt-sherpa-infobase-telescope\/","title":{"rendered":"Letrero de suelo SHERPA\u00ae Infobase Telescopio"},"content":{"rendered":"<p>Las se\u00f1ales de suelo informan y orientan a los visitantes y son ideales para colocar en entradas, restaurantes, exposiciones y otros lugares. El telescopio SHERPA\u00ae Infobase es un soporte de suelo completo con un soporte de cartel acr\u00edlico para documentos en formato A4. Altura ajustable entre 92 \u2013 147 cm, se puede inclinar hacia arriba o hacia abajo para ajustar el \u00e1ngulo de lectura +-14\u00b0. 5 a\u00f1os de garant\u00eda. Los t\u00e9rminos de garant\u00eda se pueden encontrar aqu\u00ed: https:\/\/www.durable.se\/sv_SE\/service\/garanti\/garanti-foer-sherpa-vario\/<br \/>\nAccesorios: Letrero adicional n\u00famero de pieza 561919<\/p>","protected":false},"excerpt":{"rendered":"<p>Letrero de suelo con formato A4 en pl\u00e1stico acr\u00edlico. Altura regulable. <\/p>","protected":false},"featured_media":135133,"template":"","meta":{"_acf_changed":false},"product_brand":[],"product_cat":[4304],"product_tag":[4394],"class_list":{"0":"post-114802","1":"product","2":"type-product","3":"status-publish","4":"has-post-thumbnail","6":"product_cat-broschyrstall-golvstativ","7":"product_tag-antracitgra","8":"product_shipping_class-tunga-paket","9":"pa_brands-durable","10":"pa_farg-antracitgra","11":"tm-no-options","13":"first","14":"instock","15":"sale","16":"taxable","17":"shipping-taxable","18":"purchasable","19":"product-type-simple"},"acf":[],"_links":{"self":[{"href":"https:\/\/secureus.se\/es\/wp-json\/wp\/v2\/product\/114802","targetHints":{"allow":["GET"]}}],"collection":[{"href":"https:\/\/secureus.se\/es\/wp-json\/wp\/v2\/product"}],"about":[{"href":"https:\/\/secureus.se\/es\/wp-json\/wp\/v2\/types\/product"}],"wp:featuredmedia":[{"embeddable":true,"href":"https:\/\/secureus.se\/es\/wp-json\/wp\/v2\/media\/135133"}],"wp:attachment":[{"href":"https:\/\/secureus.se\/es\/wp-json\/wp\/v2\/media?parent=114802"}],"wp:term":[{"taxonomy":"product_brand","embeddable":true,"href":"https:\/\/secureus.se\/es\/wp-json\/wp\/v2\/product_brand?post=114802"},{"taxonomy":"product_cat","embeddable":true,"href":"https:\/\/secureus.se\/es\/wp-json\/wp\/v2\/product_cat?post=114802"},{"taxonomy":"product_tag","embeddable":true,"href":"https:\/\/secureus.se\/es\/wp-json\/wp\/v2\/product_tag?post=114802"}],"curies":[{"name":"wp","href":"https:\/\/api.w.org\/{rel}","templated":true}]}}