{"id":114814,"date":"2024-11-20T14:10:58","date_gmt":"2024-11-20T13:10:58","guid":{"rendered":"https:\/\/secureus.se\/?post_type=product&#038;p=114814"},"modified":"2026-01-12T12:00:41","modified_gmt":"2026-01-12T11:00:41","slug":"halkskyddstejp-duraline-grip-75-mm","status":"publish","type":"product","link":"https:\/\/secureus.se\/es\/halkskyddstejp-duraline-grip-75-mm\/","title":{"rendered":"Cinta antideslizante Duraline Grip 75 mm"},"content":{"rendered":"<p>Cinta antideslizante destinada a uso interior o en lugares exteriores protegidos donde exista riesgo de resbalones. Esto puede incluir pisos o escalones resbaladizos, escaleras, rampas inclinadas, pedales y aterrizajes en m\u00e1quinas y veh\u00edculos. Se trata de una cinta autoadhesiva de 75 mm de ancho y grano medio que proporciona una superficie con buen agarre y fricci\u00f3n. F\u00e1cil de usar para cualquier persona: aseg\u00farese de que el piso est\u00e9 limpio y seco. La temperatura m\u00e1s baja para la instalaci\u00f3n es +10, la \u00f3ptima est\u00e1 entre 15-20 grados. Retire 10 cm del pl\u00e1stico protector de la parte posterior y coloque la cinta, luego desenrolle y retire el pl\u00e1stico protector gradualmente para facilitar la colocaci\u00f3n de la cinta en la l\u00ednea deseada. Despu\u00e9s de 48 horas, el adhesivo se habr\u00e1 endurecido completamente, pero se podr\u00e1 caminar sobre la cinta inmediatamente despu\u00e9s de la instalaci\u00f3n.<br \/>\nEspecificaciones t\u00e9cnicas: Nivel de resistencia al deslizamiento R13 seg\u00fan DIN51130. Rollo de 15 metros. Ancho: 75mm. Tama\u00f1o de grano 60<\/p>","protected":false},"excerpt":{"rendered":"<p>Cinta ancha antideslizante para uso en interiores y en lugares exteriores protegidos. Superficie rugosa que proporciona buen agarre.<\/p>","protected":false},"featured_media":145715,"template":"","meta":{"_acf_changed":false},"product_brand":[],"product_cat":[4305],"product_tag":[4381],"class_list":{"0":"post-114814","1":"product","2":"type-product","3":"status-publish","4":"has-post-thumbnail","6":"product_cat-halkskyddstejp","7":"product_tag-svart","8":"product_shipping_class-tunga-paket","9":"pa_brands-durable","10":"pa_farg-svart","11":"tm-no-options","13":"first","14":"instock","15":"sale","16":"taxable","17":"shipping-taxable","18":"purchasable","19":"product-type-simple"},"acf":[],"_links":{"self":[{"href":"https:\/\/secureus.se\/es\/wp-json\/wp\/v2\/product\/114814","targetHints":{"allow":["GET"]}}],"collection":[{"href":"https:\/\/secureus.se\/es\/wp-json\/wp\/v2\/product"}],"about":[{"href":"https:\/\/secureus.se\/es\/wp-json\/wp\/v2\/types\/product"}],"wp:featuredmedia":[{"embeddable":true,"href":"https:\/\/secureus.se\/es\/wp-json\/wp\/v2\/media\/145715"}],"wp:attachment":[{"href":"https:\/\/secureus.se\/es\/wp-json\/wp\/v2\/media?parent=114814"}],"wp:term":[{"taxonomy":"product_brand","embeddable":true,"href":"https:\/\/secureus.se\/es\/wp-json\/wp\/v2\/product_brand?post=114814"},{"taxonomy":"product_cat","embeddable":true,"href":"https:\/\/secureus.se\/es\/wp-json\/wp\/v2\/product_cat?post=114814"},{"taxonomy":"product_tag","embeddable":true,"href":"https:\/\/secureus.se\/es\/wp-json\/wp\/v2\/product_tag?post=114814"}],"curies":[{"name":"wp","href":"https:\/\/api.w.org\/{rel}","templated":true}]}}