{"id":114829,"date":"2024-11-20T13:58:42","date_gmt":"2024-11-20T12:58:42","guid":{"rendered":"https:\/\/secureus.se\/?post_type=product&#038;p=114829"},"modified":"2026-01-12T12:31:25","modified_gmt":"2026-01-12T11:31:25","slug":"inforam-duraframe-poster-70x100","status":"publish","type":"product","link":"https:\/\/secureus.se\/es\/inforam-duraframe-poster-70x100\/","title":{"rendered":"Marco informativo DURAFRAME\u00ae POSTER 70\u00d7100"},"content":{"rendered":"<p>Utilice los marcos de informaci\u00f3n DURAFRAME\u00ae POSTER para mostrar y presentar ofertas promocionales, horarios de apertura, publicidad, etc. de forma profesional en escaparates, paredes o superficies acristaladas.<br \/>\nEl marco se mantiene unido mediante imanes planos a lo largo de los lados largos y es f\u00e1cil insertar o cambiar mensajes levantando el frente. F\u00e1cil de instalar, suave y agradable sin burbujas, con dos tiras autoadhesivas en los lados cortos de la parte posterior. El marco del p\u00f3ster se puede quitar de superficies lisas y s\u00f3lidas sin dejar ning\u00fan residuo. \u00a1M\u00e1s bonito que la cinta! El marco admite 2 carteles (papel de 150 g) y se puede leer desde ambos lados con un marco igualmente elegante en la parte delantera y trasera. Fabricado en pl\u00e1stico PET.<br \/>\nResistente al calor hasta 70\u00b0 y estable a los rayos UV hasta 2 a\u00f1os. Para carteles verticales u horizontales en formato 70x100. Dimensiones exteriores 745x1045 mm.<br \/>\nColor: plata<br \/>\nEmbalaje pr\u00e1ctico que ahorra espacio con 1 marco enrollado<\/p>","protected":false},"excerpt":{"rendered":"<p>Marco informativo para carteles e informaci\u00f3n 70\u00d7100 cm. Para escaparates, paredes y zonas acristaladas.<\/p>","protected":false},"featured_media":134988,"template":"","meta":{"_acf_changed":false},"product_brand":[],"product_cat":[4294],"product_tag":[4382],"class_list":{"0":"post-114829","1":"product","2":"type-product","3":"status-publish","4":"has-post-thumbnail","6":"product_cat-inforamar-for-solexponerade-ytor","7":"product_tag-silver","8":"product_shipping_class-tunga-paket","9":"pa_brands-durable","10":"pa_farg-silver","11":"tm-no-options","13":"first","14":"instock","15":"sale","16":"taxable","17":"shipping-taxable","18":"purchasable","19":"product-type-simple"},"acf":[],"_links":{"self":[{"href":"https:\/\/secureus.se\/es\/wp-json\/wp\/v2\/product\/114829","targetHints":{"allow":["GET"]}}],"collection":[{"href":"https:\/\/secureus.se\/es\/wp-json\/wp\/v2\/product"}],"about":[{"href":"https:\/\/secureus.se\/es\/wp-json\/wp\/v2\/types\/product"}],"wp:featuredmedia":[{"embeddable":true,"href":"https:\/\/secureus.se\/es\/wp-json\/wp\/v2\/media\/134988"}],"wp:attachment":[{"href":"https:\/\/secureus.se\/es\/wp-json\/wp\/v2\/media?parent=114829"}],"wp:term":[{"taxonomy":"product_brand","embeddable":true,"href":"https:\/\/secureus.se\/es\/wp-json\/wp\/v2\/product_brand?post=114829"},{"taxonomy":"product_cat","embeddable":true,"href":"https:\/\/secureus.se\/es\/wp-json\/wp\/v2\/product_cat?post=114829"},{"taxonomy":"product_tag","embeddable":true,"href":"https:\/\/secureus.se\/es\/wp-json\/wp\/v2\/product_tag?post=114829"}],"curies":[{"name":"wp","href":"https:\/\/api.w.org\/{rel}","templated":true}]}}