{"id":114844,"date":"2024-11-20T14:09:55","date_gmt":"2024-11-20T13:09:55","guid":{"rendered":"https:\/\/secureus.se\/?post_type=product&#038;p=114844"},"modified":"2026-03-11T14:43:33","modified_gmt":"2026-03-11T13:43:33","slug":"flexiplus-2-a4-liggande-broschyrfack-2","status":"publish","type":"product","link":"https:\/\/secureus.se\/es\/flexiplus-2-a4-liggande-broschyrfack-2\/","title":{"rendered":"Bandeja para folletos horizontal FLEXIPLUS 2 A4"},"content":{"rendered":"<p>Bandejas para formularios, expositores de folletos, bandejas para correo: FLEXIPLUS es una serie de soportes flexibles y compactos para folletos, revistas, formularios y otra informaci\u00f3n en formato A4. Cada bandeja tiene capacidad para paquetes de 24 mm de grosor. Este es un juego completo con 2 bandejas en formato horizontal que se pueden ensamblar o usar por separado. Se incluye un juego de tornillos y tacos. Las dimensiones de cada bandeja son 34 \u00d7 19,5 \u00d7 3,5 cm (ancho \u00d7 alto \u00d7 profundidad). Montada en \u00e1ngulo con respecto a la pared, tiene 10 cm de alto y 34 cm de ancho, y 25 cm de alto cuando ambas bandejas est\u00e1n ensambladas. Se pueden a\u00f1adir m\u00e1s bandejas seg\u00fan sea necesario enganch\u00e1ndolas una tras otra.<\/p>","protected":false},"excerpt":{"rendered":"<p>Juego completo con 2 bandejas para folletos FLEXIPLUS A4 en formato horizontal.<\/p>","protected":false},"featured_media":133841,"template":"","meta":{"_acf_changed":false},"product_brand":[],"product_cat":[4280],"product_tag":[4381],"class_list":{"0":"post-114844","1":"product","2":"type-product","3":"status-publish","4":"has-post-thumbnail","6":"product_cat-broschyrstall","7":"product_tag-svart","8":"product_shipping_class-tunga-paket","9":"pa_brands-durable","10":"pa_farg-svart","11":"tm-no-options","13":"first","14":"instock","15":"sale","16":"taxable","17":"shipping-taxable","18":"purchasable","19":"product-type-simple"},"acf":[],"_links":{"self":[{"href":"https:\/\/secureus.se\/es\/wp-json\/wp\/v2\/product\/114844","targetHints":{"allow":["GET"]}}],"collection":[{"href":"https:\/\/secureus.se\/es\/wp-json\/wp\/v2\/product"}],"about":[{"href":"https:\/\/secureus.se\/es\/wp-json\/wp\/v2\/types\/product"}],"wp:featuredmedia":[{"embeddable":true,"href":"https:\/\/secureus.se\/es\/wp-json\/wp\/v2\/media\/133841"}],"wp:attachment":[{"href":"https:\/\/secureus.se\/es\/wp-json\/wp\/v2\/media?parent=114844"}],"wp:term":[{"taxonomy":"product_brand","embeddable":true,"href":"https:\/\/secureus.se\/es\/wp-json\/wp\/v2\/product_brand?post=114844"},{"taxonomy":"product_cat","embeddable":true,"href":"https:\/\/secureus.se\/es\/wp-json\/wp\/v2\/product_cat?post=114844"},{"taxonomy":"product_tag","embeddable":true,"href":"https:\/\/secureus.se\/es\/wp-json\/wp\/v2\/product_tag?post=114844"}],"curies":[{"name":"wp","href":"https:\/\/api.w.org\/{rel}","templated":true}]}}