{"id":114859,"date":"2024-11-20T13:58:42","date_gmt":"2024-11-20T12:58:42","guid":{"rendered":"https:\/\/secureus.se\/?post_type=product&#038;p=114859"},"modified":"2026-01-12T12:31:18","modified_gmt":"2026-01-12T11:31:18","slug":"inforam-duraframe-poster-a1-2","status":"publish","type":"product","link":"https:\/\/secureus.se\/es\/inforam-duraframe-poster-a1-2\/","title":{"rendered":"Marco de informaci\u00f3n DURAFRAME\u00ae POSTER A1"},"content":{"rendered":"<p>Utilice los marcos de informaci\u00f3n DURAFRAME\u00ae POSTER para mostrar y presentar ofertas promocionales, horarios de apertura, publicidad, etc. de forma profesional en escaparates, paredes o superficies acristaladas.<br \/>\nEl marco se mantiene unido mediante imanes planos a lo largo de los lados largos y es f\u00e1cil insertar o cambiar mensajes levantando el frente. F\u00e1cil de instalar, suave y agradable sin burbujas, con dos tiras autoadhesivas en los lados cortos de la parte posterior. El marco del p\u00f3ster se puede quitar de superficies lisas y s\u00f3lidas sin dejar ning\u00fan residuo. \u00a1M\u00e1s bonito que la cinta! El marco admite 2 carteles (papel de 150 g) y se puede leer desde ambos lados con un marco igualmente elegante en la parte delantera y trasera. Fabricado en pl\u00e1stico PET.<br \/>\nResistente al calor hasta 70\u00b0 y estable a los rayos UV hasta 2 a\u00f1os. Para carteles en formato A1 vertical u horizontal. Dimensiones externas 639 x 886 mm.<br \/>\nColor: plata<br \/>\nEmbalaje pr\u00e1ctico que ahorra espacio con 1 marco enrollado<\/p>","protected":false},"excerpt":{"rendered":"<p>Marco informativo para informaci\u00f3n y carteles en formato A1. Para escaparates, paredes y secciones de vidrio.<\/p>","protected":false},"featured_media":134700,"template":"","meta":{"_acf_changed":false},"product_brand":[],"product_cat":[4294],"product_tag":[4382],"class_list":{"0":"post-114859","1":"product","2":"type-product","3":"status-publish","4":"has-post-thumbnail","6":"product_cat-inforamar-for-solexponerade-ytor","7":"product_tag-silver","8":"product_shipping_class-tunga-paket","9":"pa_brands-durable","10":"pa_farg-silver","11":"tm-no-options","13":"first","14":"instock","15":"sale","16":"taxable","17":"shipping-taxable","18":"purchasable","19":"product-type-simple"},"acf":[],"_links":{"self":[{"href":"https:\/\/secureus.se\/es\/wp-json\/wp\/v2\/product\/114859","targetHints":{"allow":["GET"]}}],"collection":[{"href":"https:\/\/secureus.se\/es\/wp-json\/wp\/v2\/product"}],"about":[{"href":"https:\/\/secureus.se\/es\/wp-json\/wp\/v2\/types\/product"}],"wp:featuredmedia":[{"embeddable":true,"href":"https:\/\/secureus.se\/es\/wp-json\/wp\/v2\/media\/134700"}],"wp:attachment":[{"href":"https:\/\/secureus.se\/es\/wp-json\/wp\/v2\/media?parent=114859"}],"wp:term":[{"taxonomy":"product_brand","embeddable":true,"href":"https:\/\/secureus.se\/es\/wp-json\/wp\/v2\/product_brand?post=114859"},{"taxonomy":"product_cat","embeddable":true,"href":"https:\/\/secureus.se\/es\/wp-json\/wp\/v2\/product_cat?post=114859"},{"taxonomy":"product_tag","embeddable":true,"href":"https:\/\/secureus.se\/es\/wp-json\/wp\/v2\/product_tag?post=114859"}],"curies":[{"name":"wp","href":"https:\/\/api.w.org\/{rel}","templated":true}]}}